{"id":292,"date":"2014-06-24T21:10:30","date_gmt":"2014-06-25T00:10:30","guid":{"rendered":"https:\/\/wp.ufpel.edu.br\/repropel\/?page_id=292"},"modified":"2014-06-25T00:33:08","modified_gmt":"2014-06-25T03:33:08","slug":"2013-1","status":"publish","type":"page","link":"https:\/\/wp.ufpel.edu.br\/repropel\/?page_id=292","title":{"rendered":"2013-1"},"content":{"rendered":"<p>O grupo de estudos em Reprodu\u00e7\u00e3o Animal proporcionou, aos alunos do primeiro semestre do curso de Medicina Veterin\u00e1ria da UFPel, uma introdu\u00e7\u00e3o \u00e0 atua\u00e7\u00e3o do m\u00e9dico veterin\u00e1rio na \u00e1rea de reprodu\u00e7\u00e3o. O encontro denominado como Dia de Campo ocorreu no Campus Cap\u00e3o do Le\u00e3o na manh\u00e3 deste s\u00e1bado, dia 17 de agosto de 2013, e contou com a organiza\u00e7\u00e3o dos integrantes do ReproPEL em grupos que abordavam temas como: Insemina\u00e7\u00e3o Artificial, Exames Androl\u00f3gico e Ginecol\u00f3gico, Avalia\u00e7\u00e3o Seminal, Produ\u00e7\u00e3o In Vitro e Ultrassonografia.<\/p>\n<p>As apresenta\u00e7\u00f5es ocorreram durante toda a manh\u00e3 e tiveram como desfecho um amistoso churrasco de almo\u00e7o para os participantes do referido evento.<\/p>\n<p>E, assim, o dia de campo novamente conferiu conhecimento, intera\u00e7\u00e3o e experi\u00eancia tanto para os integrantes do grupo quanto para os ingressantes do primeiro semestre.<\/p>\n<div id='gallery-1' class='gallery galleryid-292 gallery-columns-2 gallery-size-thumbnail'><figure class='gallery-item'>\n\t\t\t<div class='gallery-icon landscape'>\n\t\t\t\t<a href='https:\/\/wp.ufpel.edu.br\/repropel\/files\/2014\/06\/1004540_612544082131722_1140157940_n.jpg'><img loading=\"lazy\" decoding=\"async\" width=\"212\" height=\"159\" src=\"https:\/\/wp.ufpel.edu.br\/repropel\/files\/2014\/06\/1004540_612544082131722_1140157940_n-212x159.jpg\" class=\"attachment-thumbnail size-thumbnail\" alt=\"\" srcset=\"https:\/\/wp.ufpel.edu.br\/repropel\/files\/2014\/06\/1004540_612544082131722_1140157940_n-212x159.jpg 212w, https:\/\/wp.ufpel.edu.br\/repropel\/files\/2014\/06\/1004540_612544082131722_1140157940_n-424x318.jpg 424w, https:\/\/wp.ufpel.edu.br\/repropel\/files\/2014\/06\/1004540_612544082131722_1140157940_n.jpg 960w\" sizes=\"auto, (max-width: 212px) 100vw, 212px\" \/><\/a>\n\t\t\t<\/div><\/figure><figure class='gallery-item'>\n\t\t\t<div class='gallery-icon landscape'>\n\t\t\t\t<a href='https:\/\/wp.ufpel.edu.br\/repropel\/files\/2014\/06\/556494_612544545465009_1981307743_n.jpg'><img loading=\"lazy\" decoding=\"async\" width=\"212\" height=\"159\" src=\"https:\/\/wp.ufpel.edu.br\/repropel\/files\/2014\/06\/556494_612544545465009_1981307743_n-212x159.jpg\" class=\"attachment-thumbnail size-thumbnail\" alt=\"\" srcset=\"https:\/\/wp.ufpel.edu.br\/repropel\/files\/2014\/06\/556494_612544545465009_1981307743_n-212x159.jpg 212w, https:\/\/wp.ufpel.edu.br\/repropel\/files\/2014\/06\/556494_612544545465009_1981307743_n-424x318.jpg 424w, https:\/\/wp.ufpel.edu.br\/repropel\/files\/2014\/06\/556494_612544545465009_1981307743_n.jpg 960w\" sizes=\"auto, (max-width: 212px) 100vw, 212px\" \/><\/a>\n\t\t\t<\/div><\/figure><figure class='gallery-item'>\n\t\t\t<div class='gallery-icon landscape'>\n\t\t\t\t<a href='https:\/\/wp.ufpel.edu.br\/repropel\/files\/2014\/06\/999727_611457425573721_838999094_n.jpg'><img loading=\"lazy\" decoding=\"async\" width=\"212\" height=\"140\" src=\"https:\/\/wp.ufpel.edu.br\/repropel\/files\/2014\/06\/999727_611457425573721_838999094_n-212x140.jpg\" class=\"attachment-thumbnail size-thumbnail\" alt=\"\" srcset=\"https:\/\/wp.ufpel.edu.br\/repropel\/files\/2014\/06\/999727_611457425573721_838999094_n-212x140.jpg 212w, https:\/\/wp.ufpel.edu.br\/repropel\/files\/2014\/06\/999727_611457425573721_838999094_n-424x280.jpg 424w, https:\/\/wp.ufpel.edu.br\/repropel\/files\/2014\/06\/999727_611457425573721_838999094_n.jpg 640w\" sizes=\"auto, (max-width: 212px) 100vw, 212px\" \/><\/a>\n\t\t\t<\/div><\/figure><figure class='gallery-item'>\n\t\t\t<div class='gallery-icon landscape'>\n\t\t\t\t<a href='https:\/\/wp.ufpel.edu.br\/repropel\/files\/2014\/06\/1185197_611457732240357_1205015819_n.jpg'><img loading=\"lazy\" decoding=\"async\" width=\"212\" height=\"140\" src=\"https:\/\/wp.ufpel.edu.br\/repropel\/files\/2014\/06\/1185197_611457732240357_1205015819_n-212x140.jpg\" class=\"attachment-thumbnail size-thumbnail\" alt=\"\" srcset=\"https:\/\/wp.ufpel.edu.br\/repropel\/files\/2014\/06\/1185197_611457732240357_1205015819_n-212x140.jpg 212w, https:\/\/wp.ufpel.edu.br\/repropel\/files\/2014\/06\/1185197_611457732240357_1205015819_n-424x280.jpg 424w, https:\/\/wp.ufpel.edu.br\/repropel\/files\/2014\/06\/1185197_611457732240357_1205015819_n.jpg 640w\" sizes=\"auto, (max-width: 212px) 100vw, 212px\" \/><\/a>\n\t\t\t<\/div><\/figure><figure class='gallery-item'>\n\t\t\t<div class='gallery-icon landscape'>\n\t\t\t\t<a href='https:\/\/wp.ufpel.edu.br\/repropel\/files\/2014\/06\/1187044_611457735573690_1289272178_n.jpg'><img loading=\"lazy\" decoding=\"async\" width=\"212\" height=\"140\" src=\"https:\/\/wp.ufpel.edu.br\/repropel\/files\/2014\/06\/1187044_611457735573690_1289272178_n-212x140.jpg\" class=\"attachment-thumbnail size-thumbnail\" alt=\"\" srcset=\"https:\/\/wp.ufpel.edu.br\/repropel\/files\/2014\/06\/1187044_611457735573690_1289272178_n-212x140.jpg 212w, https:\/\/wp.ufpel.edu.br\/repropel\/files\/2014\/06\/1187044_611457735573690_1289272178_n-424x280.jpg 424w, https:\/\/wp.ufpel.edu.br\/repropel\/files\/2014\/06\/1187044_611457735573690_1289272178_n.jpg 640w\" sizes=\"auto, (max-width: 212px) 100vw, 212px\" \/><\/a>\n\t\t\t<\/div><\/figure><figure class='gallery-item'>\n\t\t\t<div class='gallery-icon landscape'>\n\t\t\t\t<a href='https:\/\/wp.ufpel.edu.br\/repropel\/files\/2014\/06\/1209278_611457992240331_174792723_n.jpg'><img loading=\"lazy\" decoding=\"async\" width=\"212\" height=\"140\" src=\"https:\/\/wp.ufpel.edu.br\/repropel\/files\/2014\/06\/1209278_611457992240331_174792723_n-212x140.jpg\" class=\"attachment-thumbnail size-thumbnail\" alt=\"\" srcset=\"https:\/\/wp.ufpel.edu.br\/repropel\/files\/2014\/06\/1209278_611457992240331_174792723_n-212x140.jpg 212w, https:\/\/wp.ufpel.edu.br\/repropel\/files\/2014\/06\/1209278_611457992240331_174792723_n-424x280.jpg 424w, https:\/\/wp.ufpel.edu.br\/repropel\/files\/2014\/06\/1209278_611457992240331_174792723_n.jpg 640w\" sizes=\"auto, (max-width: 212px) 100vw, 212px\" \/><\/a>\n\t\t\t<\/div><\/figure><figure class='gallery-item'>\n\t\t\t<div class='gallery-icon landscape'>\n\t\t\t\t<a href='https:\/\/wp.ufpel.edu.br\/repropel\/files\/2014\/06\/1236207_612544085465055_563052382_n.jpg'><img loading=\"lazy\" decoding=\"async\" width=\"212\" height=\"159\" src=\"https:\/\/wp.ufpel.edu.br\/repropel\/files\/2014\/06\/1236207_612544085465055_563052382_n-212x159.jpg\" class=\"attachment-thumbnail size-thumbnail\" alt=\"\" srcset=\"https:\/\/wp.ufpel.edu.br\/repropel\/files\/2014\/06\/1236207_612544085465055_563052382_n-212x159.jpg 212w, https:\/\/wp.ufpel.edu.br\/repropel\/files\/2014\/06\/1236207_612544085465055_563052382_n-424x318.jpg 424w, https:\/\/wp.ufpel.edu.br\/repropel\/files\/2014\/06\/1236207_612544085465055_563052382_n.jpg 960w\" sizes=\"auto, (max-width: 212px) 100vw, 212px\" \/><\/a>\n\t\t\t<\/div><\/figure>\n\t\t<\/div>\n\n","protected":false},"excerpt":{"rendered":"<p>O grupo de estudos em Reprodu\u00e7\u00e3o Animal proporcionou, aos alunos do primeiro semestre do curso de Medicina Veterin\u00e1ria da UFPel, uma introdu\u00e7\u00e3o \u00e0 atua\u00e7\u00e3o do m\u00e9dico veterin\u00e1rio na \u00e1rea de reprodu\u00e7\u00e3o. O encontro denominado como Dia de Campo ocorreu no Campus Cap\u00e3o do Le\u00e3o na manh\u00e3 deste s\u00e1bado, dia 17 de agosto de 2013, e&#8230; <\/p>\n<div class=\"link-more\"><a href=\"https:\/\/wp.ufpel.edu.br\/repropel\/?page_id=292\">Leia mais<\/a><\/div>\n","protected":false},"author":378,"featured_media":0,"parent":290,"menu_order":6,"comment_status":"closed","ping_status":"closed","template":"","meta":{"footnotes":""},"class_list":["post-292","page","type-page","status-publish","hentry"],"_links":{"self":[{"href":"https:\/\/wp.ufpel.edu.br\/repropel\/index.php?rest_route=\/wp\/v2\/pages\/292","targetHints":{"allow":["GET"]}}],"collection":[{"href":"https:\/\/wp.ufpel.edu.br\/repropel\/index.php?rest_route=\/wp\/v2\/pages"}],"about":[{"href":"https:\/\/wp.ufpel.edu.br\/repropel\/index.php?rest_route=\/wp\/v2\/types\/page"}],"author":[{"embeddable":true,"href":"https:\/\/wp.ufpel.edu.br\/repropel\/index.php?rest_route=\/wp\/v2\/users\/378"}],"replies":[{"embeddable":true,"href":"https:\/\/wp.ufpel.edu.br\/repropel\/index.php?rest_route=%2Fwp%2Fv2%2Fcomments&post=292"}],"version-history":[{"count":6,"href":"https:\/\/wp.ufpel.edu.br\/repropel\/index.php?rest_route=\/wp\/v2\/pages\/292\/revisions"}],"predecessor-version":[{"id":316,"href":"https:\/\/wp.ufpel.edu.br\/repropel\/index.php?rest_route=\/wp\/v2\/pages\/292\/revisions\/316"}],"up":[{"embeddable":true,"href":"https:\/\/wp.ufpel.edu.br\/repropel\/index.php?rest_route=\/wp\/v2\/pages\/290"}],"wp:attachment":[{"href":"https:\/\/wp.ufpel.edu.br\/repropel\/index.php?rest_route=%2Fwp%2Fv2%2Fmedia&parent=292"}],"curies":[{"name":"wp","href":"https:\/\/api.w.org\/{rel}","templated":true}]}}