{"id":2,"date":"2014-04-14T16:44:14","date_gmt":"2014-04-14T19:44:14","guid":{"rendered":"https:\/\/wp.ufpel.edu.br\/repropel\/?page_id=2"},"modified":"2018-04-30T14:01:22","modified_gmt":"2018-04-30T17:01:22","slug":"sobreonucleo","status":"publish","type":"page","link":"https:\/\/wp.ufpel.edu.br\/repropel\/?page_id=2","title":{"rendered":"Sobre o n\u00facleo"},"content":{"rendered":"<h4>ReproPEL: N\u00facleo de ensino e pesquisa em reprodu\u00e7\u00e3o animal<\/h4>\n<h4>Sede: Faculdade de Veterin\u00e1ria, Campus Cap\u00e3o do Le\u00e3o, Universidade Federal de Pelotas<\/h4>\n<h4>Diret\u00f3rio de grupos de pesquisa do CNPq: <a href=\"http:\/\/dgp.cnpq.br\/dgp\/espelhogrupo\/8109711913226062\">http:\/\/dgp.cnpq.br\/dgp\/espelhogrupo\/8109711913226062<\/a><\/h4>\n<h4>Objetivos:<\/h4>\n<ul>\n<li>\n<h4>Auxiliar na forma\u00e7\u00e3o profissional (t\u00e9cnica e humanista) na \u00e1rea de reprodu\u00e7\u00e3o animal<\/h4>\n<\/li>\n<li>\n<h4>Desenvolver pesquisa, com enfoque b\u00e1sico e\/ou aplicado, na \u00e1rea de reprodu\u00e7\u00e3o animal, com foco em diversas esp\u00e9cies<\/h4>\n<\/li>\n<li>\n<h4>Desenvolver e aprimorar biot\u00e9cnicas aplicadas \u00e0 reprodu\u00e7\u00e3o animal<\/h4>\n<\/li>\n<li>\n<h4>Fomentar o conhecimento t\u00e9cnico-cient\u00edfico por meio de cursos, treinamentos, palestras e simp\u00f3sios sobre temas de interesse na \u00e1rea de reprodu\u00e7\u00e3o animal<\/h4>\n<\/li>\n<li>\n<h4>Proporcionar interc\u00e2mbio entre Universidade e iniciativa privada<\/h4>\n<\/li>\n<\/ul>\n<h4>\u00a0Os princ\u00edpios do ReproPEL foram desenvolvidos a partir da cria\u00e7\u00e3o do PigPEL, grupo de pesquisa pioneiro na Faculdade de Veterin\u00e1ria da UFPel, no in\u00edcio dos anos 2000, focado em reprodu\u00e7\u00e3o de su\u00ednos.<\/h4>\n<h4>A partir do ingresso de novos pesquisadores, as atividades do n\u00facleo se diversificaram formando o ReproPEL, em 2009, com abrang\u00eancia de outras esp\u00e9cies animais.<\/h4>\n","protected":false},"excerpt":{"rendered":"<p>ReproPEL: N\u00facleo de ensino e pesquisa em reprodu\u00e7\u00e3o animal Sede: Faculdade de Veterin\u00e1ria, Campus Cap\u00e3o do Le\u00e3o, Universidade Federal de Pelotas Diret\u00f3rio de grupos de pesquisa do CNPq: http:\/\/dgp.cnpq.br\/dgp\/espelhogrupo\/8109711913226062 Objetivos: Auxiliar na forma\u00e7\u00e3o profissional (t\u00e9cnica e humanista) na \u00e1rea de reprodu\u00e7\u00e3o animal Desenvolver pesquisa, com enfoque b\u00e1sico e\/ou aplicado, na \u00e1rea de reprodu\u00e7\u00e3o animal, com&#8230; <\/p>\n<div class=\"link-more\"><a href=\"https:\/\/wp.ufpel.edu.br\/repropel\/?page_id=2\">Leia mais<\/a><\/div>\n","protected":false},"author":378,"featured_media":0,"parent":0,"menu_order":0,"comment_status":"closed","ping_status":"closed","template":"","meta":{"footnotes":""},"class_list":["post-2","page","type-page","status-publish","hentry"],"_links":{"self":[{"href":"https:\/\/wp.ufpel.edu.br\/repropel\/index.php?rest_route=\/wp\/v2\/pages\/2","targetHints":{"allow":["GET"]}}],"collection":[{"href":"https:\/\/wp.ufpel.edu.br\/repropel\/index.php?rest_route=\/wp\/v2\/pages"}],"about":[{"href":"https:\/\/wp.ufpel.edu.br\/repropel\/index.php?rest_route=\/wp\/v2\/types\/page"}],"author":[{"embeddable":true,"href":"https:\/\/wp.ufpel.edu.br\/repropel\/index.php?rest_route=\/wp\/v2\/users\/378"}],"replies":[{"embeddable":true,"href":"https:\/\/wp.ufpel.edu.br\/repropel\/index.php?rest_route=%2Fwp%2Fv2%2Fcomments&post=2"}],"version-history":[{"count":11,"href":"https:\/\/wp.ufpel.edu.br\/repropel\/index.php?rest_route=\/wp\/v2\/pages\/2\/revisions"}],"predecessor-version":[{"id":461,"href":"https:\/\/wp.ufpel.edu.br\/repropel\/index.php?rest_route=\/wp\/v2\/pages\/2\/revisions\/461"}],"wp:attachment":[{"href":"https:\/\/wp.ufpel.edu.br\/repropel\/index.php?rest_route=%2Fwp%2Fv2%2Fmedia&parent=2"}],"curies":[{"name":"wp","href":"https:\/\/api.w.org\/{rel}","templated":true}]}}