{"id":187,"date":"2013-08-18T17:43:35","date_gmt":"2013-08-18T20:43:35","guid":{"rendered":"https:\/\/wp.ufpel.edu.br\/repropel\/?page_id=187"},"modified":"2014-06-22T16:28:16","modified_gmt":"2014-06-22T19:28:16","slug":"repropel-promove-dia-de-campo-aos-alunos-do-primeiro-semestre-da-veterinaria","status":"publish","type":"page","link":"https:\/\/wp.ufpel.edu.br\/repropel\/?page_id=187","title":{"rendered":"ReproPEL promove Dia de Campo aos alunos do primeiro semestre da Veterin\u00e1ria"},"content":{"rendered":"<p style=\"text-align: justify\">O grupo de estudos em Reprodu\u00e7\u00e3o Animal proporcionou, aos alunos do primeiro semestre do curso de Medicina Veterin\u00e1ria da UFPel, uma introdu\u00e7\u00e3o \u00e0 atua\u00e7\u00e3o do m\u00e9dico veterin\u00e1rio na \u00e1rea de reprodu\u00e7\u00e3o. O encontro denominado como Dia de Campo ocorreu no Campus Cap\u00e3o do Le\u00e3o na manh\u00e3 deste s\u00e1bado, dia 17 de agosto de 2013, e contou com a organiza\u00e7\u00e3o dos integrantes do ReproPEL em grupos que abordavam temas como: Insemina\u00e7\u00e3o Artificial, Exames Androl\u00f3gico e Ginecol\u00f3gico, Avalia\u00e7\u00e3o Seminal, Produ\u00e7\u00e3o In Vitro e Ultrassonografia.<\/p>\n<p style=\"text-align: justify\">As apresenta\u00e7\u00f5es ocorreram durante toda a manh\u00e3 e tiveram como desfecho um amistoso churrasco de almo\u00e7o para os participantes do referido evento.<\/p>\n<p style=\"text-align: justify\">E, assim, o dia de campo novamente conferiu conhecimento, intera\u00e7\u00e3o e experi\u00eancia tanto para os integrantes do grupo quanto para os ingressantes do primeiro semestre.<\/p>\n<figure id=\"attachment_188\" aria-describedby=\"caption-attachment-188\" style=\"width: 960px\" class=\"wp-caption aligncenter\"><a href=\"https:\/\/wp.ufpel.edu.br\/repropel\/files\/2014\/06\/1004540_612544082131722_1140157940_n.jpg\"><img loading=\"lazy\" decoding=\"async\" class=\"size-large wp-image-188\" src=\"https:\/\/wp.ufpel.edu.br\/repropel\/files\/2014\/06\/1004540_612544082131722_1140157940_n-960x220.jpg\" alt=\"Alunos do primeiro semestre e integrantes do grupo ReproPEL ap\u00f3s churrasco de confraterniza\u00e7\u00e3o de mais um dia de campo promovido pelo grupo.\" width=\"960\" height=\"220\" \/><\/a><figcaption id=\"caption-attachment-188\" class=\"wp-caption-text\">Alunos do primeiro semestre e integrantes do grupo ReproPEL ap\u00f3s churrasco de confraterniza\u00e7\u00e3o de mais um dia de campo promovido pelo grupo.<\/figcaption><\/figure>\n<p><span style=\"color: #999999\">Nota publicada em 18 de Agosto de 2013.<\/span><\/p>\n","protected":false},"excerpt":{"rendered":"<p>O grupo de estudos em Reprodu\u00e7\u00e3o Animal proporcionou, aos alunos do primeiro semestre do curso de Medicina Veterin\u00e1ria da UFPel, uma introdu\u00e7\u00e3o \u00e0 atua\u00e7\u00e3o do m\u00e9dico veterin\u00e1rio na \u00e1rea de reprodu\u00e7\u00e3o. O encontro denominado como Dia de Campo ocorreu no Campus Cap\u00e3o do Le\u00e3o na manh\u00e3 deste s\u00e1bado, dia 17 de agosto de 2013, e&#8230; <\/p>\n<div class=\"link-more\"><a href=\"https:\/\/wp.ufpel.edu.br\/repropel\/?page_id=187\">Leia mais<\/a><\/div>\n","protected":false},"author":378,"featured_media":0,"parent":31,"menu_order":56,"comment_status":"closed","ping_status":"closed","template":"","meta":{"footnotes":""},"class_list":["post-187","page","type-page","status-publish","hentry"],"_links":{"self":[{"href":"https:\/\/wp.ufpel.edu.br\/repropel\/index.php?rest_route=\/wp\/v2\/pages\/187","targetHints":{"allow":["GET"]}}],"collection":[{"href":"https:\/\/wp.ufpel.edu.br\/repropel\/index.php?rest_route=\/wp\/v2\/pages"}],"about":[{"href":"https:\/\/wp.ufpel.edu.br\/repropel\/index.php?rest_route=\/wp\/v2\/types\/page"}],"author":[{"embeddable":true,"href":"https:\/\/wp.ufpel.edu.br\/repropel\/index.php?rest_route=\/wp\/v2\/users\/378"}],"replies":[{"embeddable":true,"href":"https:\/\/wp.ufpel.edu.br\/repropel\/index.php?rest_route=%2Fwp%2Fv2%2Fcomments&post=187"}],"version-history":[{"count":4,"href":"https:\/\/wp.ufpel.edu.br\/repropel\/index.php?rest_route=\/wp\/v2\/pages\/187\/revisions"}],"predecessor-version":[{"id":261,"href":"https:\/\/wp.ufpel.edu.br\/repropel\/index.php?rest_route=\/wp\/v2\/pages\/187\/revisions\/261"}],"up":[{"embeddable":true,"href":"https:\/\/wp.ufpel.edu.br\/repropel\/index.php?rest_route=\/wp\/v2\/pages\/31"}],"wp:attachment":[{"href":"https:\/\/wp.ufpel.edu.br\/repropel\/index.php?rest_route=%2Fwp%2Fv2%2Fmedia&parent=187"}],"curies":[{"name":"wp","href":"https:\/\/api.w.org\/{rel}","templated":true}]}}