{"id":173,"date":"2013-07-30T17:05:55","date_gmt":"2013-07-30T20:05:55","guid":{"rendered":"https:\/\/wp.ufpel.edu.br\/repropel\/?page_id=173"},"modified":"2014-06-22T16:28:01","modified_gmt":"2014-06-22T19:28:01","slug":"repropel-realiza-visita-a-embrapa-pecuaria-sul","status":"publish","type":"page","link":"https:\/\/wp.ufpel.edu.br\/repropel\/?page_id=173","title":{"rendered":"ReproPEL realiza visita \u00e0 Embrapa Pecu\u00e1ria Sul"},"content":{"rendered":"<p style=\"text-align: justify\">Na ter\u00e7a-feira, dia 30 de julho de 2013, o P\u00f3s-graduando Carlos Eduardo Ranquetat e o\u00a0coordenador\u00a0do\u00a0ReproPEL:Thomaz Lucia Jr foram \u00e0 Bag\u00e9 fazer uma visita \u00e0 Embrapa Pecu\u00e1ria Sul com o objetivo de ajustar detalhes referentes ao experimento de Carlos Eduardo. Tal experimento tem como tema a Associa\u00e7\u00e3o Gen\u00f4mica em Bovinos e sua finalidade \u00e9 identificar marcadores moleculares associados \u00e0 fertilidade. Al\u00e9m de contar com a parceria da Universidade Federal de Pelotas e da pr\u00f3pria Embrapa, o experimento recebe apoio da Conex\u00e3o Delta G e Gensys. Em breve, ter\u00e1 in\u00edcio a coleta de dados do experimento.<\/p>\n<p style=\"text-align: justify\"><span style=\"color: #999999\">Nota publicada em 30 de Julho de 2013.<\/span><\/p>\n","protected":false},"excerpt":{"rendered":"<p>Na ter\u00e7a-feira, dia 30 de julho de 2013, o P\u00f3s-graduando Carlos Eduardo Ranquetat e o\u00a0coordenador\u00a0do\u00a0ReproPEL:Thomaz Lucia Jr foram \u00e0 Bag\u00e9 fazer uma visita \u00e0 Embrapa Pecu\u00e1ria Sul com o objetivo de ajustar detalhes referentes ao experimento de Carlos Eduardo. Tal experimento tem como tema a Associa\u00e7\u00e3o Gen\u00f4mica em Bovinos e sua finalidade \u00e9 identificar marcadores&#8230; <\/p>\n<div class=\"link-more\"><a href=\"https:\/\/wp.ufpel.edu.br\/repropel\/?page_id=173\">Leia mais<\/a><\/div>\n","protected":false},"author":378,"featured_media":0,"parent":31,"menu_order":57,"comment_status":"closed","ping_status":"closed","template":"","meta":{"footnotes":""},"class_list":["post-173","page","type-page","status-publish","hentry"],"_links":{"self":[{"href":"https:\/\/wp.ufpel.edu.br\/repropel\/index.php?rest_route=\/wp\/v2\/pages\/173","targetHints":{"allow":["GET"]}}],"collection":[{"href":"https:\/\/wp.ufpel.edu.br\/repropel\/index.php?rest_route=\/wp\/v2\/pages"}],"about":[{"href":"https:\/\/wp.ufpel.edu.br\/repropel\/index.php?rest_route=\/wp\/v2\/types\/page"}],"author":[{"embeddable":true,"href":"https:\/\/wp.ufpel.edu.br\/repropel\/index.php?rest_route=\/wp\/v2\/users\/378"}],"replies":[{"embeddable":true,"href":"https:\/\/wp.ufpel.edu.br\/repropel\/index.php?rest_route=%2Fwp%2Fv2%2Fcomments&post=173"}],"version-history":[{"count":3,"href":"https:\/\/wp.ufpel.edu.br\/repropel\/index.php?rest_route=\/wp\/v2\/pages\/173\/revisions"}],"predecessor-version":[{"id":260,"href":"https:\/\/wp.ufpel.edu.br\/repropel\/index.php?rest_route=\/wp\/v2\/pages\/173\/revisions\/260"}],"up":[{"embeddable":true,"href":"https:\/\/wp.ufpel.edu.br\/repropel\/index.php?rest_route=\/wp\/v2\/pages\/31"}],"wp:attachment":[{"href":"https:\/\/wp.ufpel.edu.br\/repropel\/index.php?rest_route=%2Fwp%2Fv2%2Fmedia&parent=173"}],"curies":[{"name":"wp","href":"https:\/\/api.w.org\/{rel}","templated":true}]}}