{"id":171,"date":"2014-06-18T16:53:05","date_gmt":"2014-06-18T19:53:05","guid":{"rendered":"https:\/\/wp.ufpel.edu.br\/repropel\/?page_id=171"},"modified":"2015-04-19T11:01:21","modified_gmt":"2015-04-19T14:01:21","slug":"projetos-de-pesquisa","status":"publish","type":"page","link":"https:\/\/wp.ufpel.edu.br\/repropel\/?page_id=171","title":{"rendered":"Projetos de Pesquisa"},"content":{"rendered":"<p style=\"text-align: justify\"><span style=\"color: #000000\">Efeito da adi\u00e7\u00e3o de \u00f3leo de peixes na dieta de f\u00eameas su\u00ednas sobre a express\u00e3o e a intensidade dos receptores para leptina, insulina e IGF-1 e sobre o tamanho da leitegada<\/span><\/p>\n<p style=\"text-align: justify\">Edital: Pesquisador ga\u00facho Fapergs &#8211; 2012<\/p>\n<p style=\"text-align: justify\">Coordenador: Thomaz Lucia Jr.<\/p>\n<p style=\"text-align: justify\"><span style=\"color: #99cc00\">_____________________________________________________________________________________<\/span><\/p>\n<p><span style=\"color: #000000\">Adi\u00e7\u00e3o de \u00e1cidos graxos poliinsaturados \u00f4mega 3 na dieta de f\u00eameas su\u00ednas e efeito nos receptores de leptina, insulina e insulin-like growth factor 1 (IGF-1), tamanho de leitegada e produ\u00e7\u00e3o de embri\u00f5es <em>in vitro<\/em><\/span><\/p>\n<p>Edital: Universal CNPq &#8211; 2013<\/p>\n<p>Coordenador: Ivan Bianchi<\/p>\n<p><span style=\"color: #99cc00\">____________________________________________________________________________________<\/span><\/p>\n<p><span style=\"color: #000000\">Influ\u00eancia dos marcadores metab\u00f3licos e moleculares e da morfometria no trato reprodutivo de f\u00eameas su\u00ednas em rela\u00e7\u00e3o \u00e0 ordem de parto e tamanho da leitegada<\/span><\/p>\n<p>Edital: Universal CNPq &#8211; 2013<\/p>\n<p>Coordenador: Fabiana Moreira<\/p>\n<p><span style=\"color: #99cc00\">_____________________________________________________________________________________<\/span><\/p>\n<p><span style=\"color: #000000\">\u00a0Fun\u00e7\u00e3o dos fatores oocit\u00e1rios no ambiente folicular e ovula\u00e7\u00e3o em esp\u00e9cie monovular<\/span><\/p>\n<p>Edital: PG Fapergs &#8211; 2013<\/p>\n<p>Coordenador: Bernardo Garziera Gasperin<\/p>\n<p><span style=\"color: #99cc00\">_____________________________________________________________________________________<\/span><\/p>\n<p>Qualidade de receptores nas c\u00e9lulas esperm\u00e1ticas e qualidade seminal ap\u00f3s o descongelamento em reprodutores su\u00ednos suplementados com fontes de \u00e1cidos graxos poli-insaturados<\/p>\n<p>Edital: Universal CNPq &#8211; 2013<\/p>\n<p>Coordenador: Thomaz Lucia Jr.<\/p>\n<p><span style=\"color: #99cc00\">_____________________________________________________________________________________ <\/span><\/p>\n<p>Inje\u00e7\u00e3o intrafolicular de complexos cumulus-o\u00f3cito: efeito sobre o crescimento folicular e ovula\u00e7\u00e3o em f\u00eameas bovinas.<\/p>\n<p>Edital: Universal CNPq &#8211; 2013<\/p>\n<p>Coordenador: Bernardo Garziera Gasperin<\/p>\n","protected":false},"excerpt":{"rendered":"<p>Efeito da adi\u00e7\u00e3o de \u00f3leo de peixes na dieta de f\u00eameas su\u00ednas sobre a express\u00e3o e a intensidade dos receptores para leptina, insulina e IGF-1 e sobre o tamanho da leitegada Edital: Pesquisador ga\u00facho Fapergs &#8211; 2012 Coordenador: Thomaz Lucia Jr. _____________________________________________________________________________________ Adi\u00e7\u00e3o de \u00e1cidos graxos poliinsaturados \u00f4mega 3 na dieta de f\u00eameas su\u00ednas e&#8230; <\/p>\n<div class=\"link-more\"><a href=\"https:\/\/wp.ufpel.edu.br\/repropel\/?page_id=171\">Leia mais<\/a><\/div>\n","protected":false},"author":378,"featured_media":0,"parent":0,"menu_order":6,"comment_status":"closed","ping_status":"closed","template":"","meta":{"footnotes":""},"class_list":["post-171","page","type-page","status-publish","hentry"],"_links":{"self":[{"href":"https:\/\/wp.ufpel.edu.br\/repropel\/index.php?rest_route=\/wp\/v2\/pages\/171","targetHints":{"allow":["GET"]}}],"collection":[{"href":"https:\/\/wp.ufpel.edu.br\/repropel\/index.php?rest_route=\/wp\/v2\/pages"}],"about":[{"href":"https:\/\/wp.ufpel.edu.br\/repropel\/index.php?rest_route=\/wp\/v2\/types\/page"}],"author":[{"embeddable":true,"href":"https:\/\/wp.ufpel.edu.br\/repropel\/index.php?rest_route=\/wp\/v2\/users\/378"}],"replies":[{"embeddable":true,"href":"https:\/\/wp.ufpel.edu.br\/repropel\/index.php?rest_route=%2Fwp%2Fv2%2Fcomments&post=171"}],"version-history":[{"count":3,"href":"https:\/\/wp.ufpel.edu.br\/repropel\/index.php?rest_route=\/wp\/v2\/pages\/171\/revisions"}],"predecessor-version":[{"id":379,"href":"https:\/\/wp.ufpel.edu.br\/repropel\/index.php?rest_route=\/wp\/v2\/pages\/171\/revisions\/379"}],"wp:attachment":[{"href":"https:\/\/wp.ufpel.edu.br\/repropel\/index.php?rest_route=%2Fwp%2Fv2%2Fmedia&parent=171"}],"curies":[{"name":"wp","href":"https:\/\/api.w.org\/{rel}","templated":true}]}}