{"id":167,"date":"2014-06-17T11:26:50","date_gmt":"2014-06-17T14:26:50","guid":{"rendered":"https:\/\/wp.ufpel.edu.br\/repropel\/?page_id=167"},"modified":"2014-06-22T17:30:46","modified_gmt":"2014-06-22T20:30:46","slug":"ix-curso-processamento-de-semen-e-ia-em-suinos","status":"publish","type":"page","link":"https:\/\/wp.ufpel.edu.br\/repropel\/?page_id=167","title":{"rendered":"IX Curso Processamento de S\u00eamen e IA em Su\u00ednos"},"content":{"rendered":"<p style=\"text-align: justify\">O <span style=\"color: #008000\"><strong>XI CURSO TE\u00d3RICO-PR\u00c1TICO DE PROCESSAMENTO DE S\u00caMEN E INSEMINA\u00c7\u00c3O ARTIFICIAL EM SU\u00cdNOS<\/strong><\/span> foi realizado, pelo grupo ReproPEL , na Universidade Federal de Pelotas\/RS, entre os dias 10 a 14 de mar\u00e7o de 2014. Tal evento lan\u00e7ou m\u00e3o de um conte\u00fado program\u00e1tico completo abrangendo temas como: insemina\u00e7\u00e3o artificial em su\u00ednos, fisiologia e manejo reprodutivo do macho e da f\u00eamea, instala\u00e7\u00f5es e utens\u00edlios, processamento e avalia\u00e7\u00e3o de s\u00eamen, ultrassonografia na reprodu\u00e7\u00e3o, biosseguridade e tend\u00eandicas tecnol\u00f3gicas. O p\u00fablico alvo foi: m\u00e9dicos veterin\u00e1rios, estudantes de gradua\u00e7\u00e3o, produtores e profissionais da \u00e1rea de reprodu\u00e7\u00e3o su\u00edna, e os inscritos tiveram suas aulas pr\u00e1ticas nas instala\u00e7\u00f5es da Universidade e de granjas da regi\u00e3o.<\/p>\n<p style=\"text-align: justify\">Para obter informa\u00e7\u00f5es sobre os pr\u00f3ximos cursos a serem realizados pelo grupo, acompanhe nosso site e nossa p\u00e1gina no <span style=\"color: #008000\"><a title=\"Face\" href=\"https:\/\/www.facebook.com\/ReproPEL?fref=ts\" target=\"_blank\"><span style=\"color: #008000\">F<span style=\"color: #008000\"><span style=\"color: #008000\">acebook!<\/span><\/span><\/span><\/a><\/span><\/p>\n","protected":false},"excerpt":{"rendered":"<p>O XI CURSO TE\u00d3RICO-PR\u00c1TICO DE PROCESSAMENTO DE S\u00caMEN E INSEMINA\u00c7\u00c3O ARTIFICIAL EM SU\u00cdNOS foi realizado, pelo grupo ReproPEL , na Universidade Federal de Pelotas\/RS, entre os dias 10 a 14 de mar\u00e7o de 2014. Tal evento lan\u00e7ou m\u00e3o de um conte\u00fado program\u00e1tico completo abrangendo temas como: insemina\u00e7\u00e3o artificial em su\u00ednos, fisiologia e manejo reprodutivo do&#8230; <\/p>\n<div class=\"link-more\"><a href=\"https:\/\/wp.ufpel.edu.br\/repropel\/?page_id=167\">Leia mais<\/a><\/div>\n","protected":false},"author":378,"featured_media":0,"parent":164,"menu_order":0,"comment_status":"closed","ping_status":"closed","template":"","meta":{"footnotes":""},"class_list":["post-167","page","type-page","status-publish","hentry"],"_links":{"self":[{"href":"https:\/\/wp.ufpel.edu.br\/repropel\/index.php?rest_route=\/wp\/v2\/pages\/167","targetHints":{"allow":["GET"]}}],"collection":[{"href":"https:\/\/wp.ufpel.edu.br\/repropel\/index.php?rest_route=\/wp\/v2\/pages"}],"about":[{"href":"https:\/\/wp.ufpel.edu.br\/repropel\/index.php?rest_route=\/wp\/v2\/types\/page"}],"author":[{"embeddable":true,"href":"https:\/\/wp.ufpel.edu.br\/repropel\/index.php?rest_route=\/wp\/v2\/users\/378"}],"replies":[{"embeddable":true,"href":"https:\/\/wp.ufpel.edu.br\/repropel\/index.php?rest_route=%2Fwp%2Fv2%2Fcomments&post=167"}],"version-history":[{"count":2,"href":"https:\/\/wp.ufpel.edu.br\/repropel\/index.php?rest_route=\/wp\/v2\/pages\/167\/revisions"}],"predecessor-version":[{"id":271,"href":"https:\/\/wp.ufpel.edu.br\/repropel\/index.php?rest_route=\/wp\/v2\/pages\/167\/revisions\/271"}],"up":[{"embeddable":true,"href":"https:\/\/wp.ufpel.edu.br\/repropel\/index.php?rest_route=\/wp\/v2\/pages\/164"}],"wp:attachment":[{"href":"https:\/\/wp.ufpel.edu.br\/repropel\/index.php?rest_route=%2Fwp%2Fv2%2Fmedia&parent=167"}],"curies":[{"name":"wp","href":"https:\/\/api.w.org\/{rel}","templated":true}]}}