{"id":159,"date":"2014-06-17T11:21:13","date_gmt":"2014-06-17T14:21:13","guid":{"rendered":"https:\/\/wp.ufpel.edu.br\/repropel\/?page_id=159"},"modified":"2014-06-17T11:27:06","modified_gmt":"2014-06-17T14:27:06","slug":"fotos","status":"publish","type":"page","link":"https:\/\/wp.ufpel.edu.br\/repropel\/?page_id=159","title":{"rendered":"Fotos"},"content":{"rendered":"<figure id=\"attachment_158\" aria-describedby=\"caption-attachment-158\" style=\"width: 960px\" class=\"wp-caption aligncenter\"><a href=\"https:\/\/wp.ufpel.edu.br\/repropel\/files\/2014\/06\/1013846_721419667910829_1143322762_n.jpg\"><img loading=\"lazy\" decoding=\"async\" class=\"size-large wp-image-158\" src=\"https:\/\/wp.ufpel.edu.br\/repropel\/files\/2014\/06\/1013846_721419667910829_1143322762_n-960x220.jpg\" alt=\"Bernardo Gasperin, um dos coordenadores do grupo, em aula pr\u00e1tica sobre concentra\u00e7\u00e3o esperm\u00e1tica de s\u00eamen su\u00edno.\" width=\"960\" height=\"220\" \/><\/a><figcaption id=\"caption-attachment-158\" class=\"wp-caption-text\">Bernardo Gasperin, um dos coordenadores do grupo, em aula pr\u00e1tica sobre concentra\u00e7\u00e3o esperm\u00e1tica de s\u00eamen su\u00edno.<\/figcaption><\/figure>\n<p>&nbsp;<\/p>\n<figure id=\"attachment_160\" aria-describedby=\"caption-attachment-160\" style=\"width: 960px\" class=\"wp-caption aligncenter\"><a href=\"https:\/\/wp.ufpel.edu.br\/repropel\/files\/2014\/06\/1743537_721419664577496_1775803240_n.jpg\"><img loading=\"lazy\" decoding=\"async\" class=\"wp-image-160 size-large\" src=\"https:\/\/wp.ufpel.edu.br\/repropel\/files\/2014\/06\/1743537_721419664577496_1775803240_n-960x220.jpg\" alt=\"Curso -2\" width=\"960\" height=\"220\" \/><\/a><figcaption id=\"caption-attachment-160\" class=\"wp-caption-text\">Carine Corcine, coordanadora do ReproPEL, ministrando sobre morfologia esperm\u00e1tica do s\u00eamen su\u00edno.<\/figcaption><\/figure>\n<p>&nbsp;<\/p>\n<figure id=\"attachment_161\" aria-describedby=\"caption-attachment-161\" style=\"width: 960px\" class=\"wp-caption aligncenter\"><a href=\"https:\/\/wp.ufpel.edu.br\/repropel\/files\/2014\/06\/1797507_721419661244163_1799664502_n.jpg\"><img loading=\"lazy\" decoding=\"async\" class=\"wp-image-161 size-large\" src=\"https:\/\/wp.ufpel.edu.br\/repropel\/files\/2014\/06\/1797507_721419661244163_1799664502_n-960x220.jpg\" alt=\"Curso -3\" width=\"960\" height=\"220\" \/><\/a><figcaption id=\"caption-attachment-161\" class=\"wp-caption-text\">Ivan Bianchi, um dos organizadores do curso, explanando sobre motilidade e vigor esperm\u00e1tico.<\/figcaption><\/figure>\n<p>&nbsp;<\/p>\n","protected":false},"excerpt":{"rendered":"<p>&nbsp; &nbsp; &nbsp;<\/p>\n","protected":false},"author":378,"featured_media":0,"parent":167,"menu_order":0,"comment_status":"closed","ping_status":"closed","template":"","meta":{"footnotes":""},"class_list":["post-159","page","type-page","status-publish","hentry"],"_links":{"self":[{"href":"https:\/\/wp.ufpel.edu.br\/repropel\/index.php?rest_route=\/wp\/v2\/pages\/159","targetHints":{"allow":["GET"]}}],"collection":[{"href":"https:\/\/wp.ufpel.edu.br\/repropel\/index.php?rest_route=\/wp\/v2\/pages"}],"about":[{"href":"https:\/\/wp.ufpel.edu.br\/repropel\/index.php?rest_route=\/wp\/v2\/types\/page"}],"author":[{"embeddable":true,"href":"https:\/\/wp.ufpel.edu.br\/repropel\/index.php?rest_route=\/wp\/v2\/users\/378"}],"replies":[{"embeddable":true,"href":"https:\/\/wp.ufpel.edu.br\/repropel\/index.php?rest_route=%2Fwp%2Fv2%2Fcomments&post=159"}],"version-history":[{"count":1,"href":"https:\/\/wp.ufpel.edu.br\/repropel\/index.php?rest_route=\/wp\/v2\/pages\/159\/revisions"}],"predecessor-version":[{"id":162,"href":"https:\/\/wp.ufpel.edu.br\/repropel\/index.php?rest_route=\/wp\/v2\/pages\/159\/revisions\/162"}],"up":[{"embeddable":true,"href":"https:\/\/wp.ufpel.edu.br\/repropel\/index.php?rest_route=\/wp\/v2\/pages\/167"}],"wp:attachment":[{"href":"https:\/\/wp.ufpel.edu.br\/repropel\/index.php?rest_route=%2Fwp%2Fv2%2Fmedia&parent=159"}],"curies":[{"name":"wp","href":"https:\/\/api.w.org\/{rel}","templated":true}]}}