{"id":19,"date":"2021-06-16T16:00:44","date_gmt":"2021-06-16T19:00:44","guid":{"rendered":"https:\/\/wp.ufpel.edu.br\/representacoesinstitucionais\/?page_id=19"},"modified":"2024-01-31T12:17:38","modified_gmt":"2024-01-31T15:17:38","slug":"sobre","status":"publish","type":"page","link":"https:\/\/wp.ufpel.edu.br\/representacoesinstitucionais\/sobre\/","title":{"rendered":"Sobre"},"content":{"rendered":"<p style=\"text-align: justify;\">A Representa\u00e7\u00e3o Institucional (RI) se constitui em forma de inser\u00e7\u00e3o da Universidade Federal de Pelotas no territ\u00f3rio em que atua, ao proporcionar rela\u00e7\u00f5es rec\u00edprocas de colabora\u00e7\u00e3o junto a \u00f3rg\u00e3os p\u00fablicos e organiza\u00e7\u00f5es da sociedade civil em \u00e2mbito local, regional e nacional.<\/p>\n<p style=\"text-align: justify;\">A Coordena\u00e7\u00e3o de Extens\u00e3o e Desenvolvimento Social (CEDS), da Pr\u00f3-Reitoria de Extens\u00e3o e Cultura (PREC), \u00e9 a estrutura que realiza o acompanhamento aos servidores representantes, desenvolve a\u00e7\u00f5es de integra\u00e7\u00e3o e de qualifica\u00e7\u00e3o para uma atua\u00e7\u00e3o externa efetivamente voltada ao fortalecimento da democracia, \u00e0 troca de saberes e \u00e0 eleva\u00e7\u00e3o da qualidade de vida das comunidades.<\/p>\n<p style=\"text-align: justify;\">A <a href=\"https:\/\/wp.ufpel.edu.br\/representacoesinstitucionais\/files\/2024\/01\/Portaria-80_2024.pdf\">Portaria 80_2024<\/a>\u00a0\u00e9 o ato que regulamenta a fun\u00e7\u00e3o de representa\u00e7\u00e3o da UFPel nas diversas institucionalidades, orienta sobre seu exerc\u00edcio, define procedimentos de designa\u00e7\u00e3o dos servidores representantes e estabelece mecanismos de acompanhamento.<\/p>\n","protected":false},"excerpt":{"rendered":"<p>A Representa\u00e7\u00e3o Institucional (RI) se constitui em forma de inser\u00e7\u00e3o da Universidade Federal de Pelotas no territ\u00f3rio em que atua, ao proporcionar rela\u00e7\u00f5es rec\u00edprocas de colabora\u00e7\u00e3o junto a \u00f3rg\u00e3os p\u00fablicos e organiza\u00e7\u00f5es da sociedade civil em \u00e2mbito local, regional e&#8230; <a class=\"more-link\" href=\"https:\/\/wp.ufpel.edu.br\/representacoesinstitucionais\/sobre\/\">Continue lendo &rarr;<\/a><\/p>\n","protected":false},"author":1150,"featured_media":0,"parent":0,"menu_order":0,"comment_status":"closed","ping_status":"closed","template":"","meta":{"footnotes":""},"class_list":["post-19","page","type-page","status-publish","hentry"],"_links":{"self":[{"href":"https:\/\/wp.ufpel.edu.br\/representacoesinstitucionais\/wp-json\/wp\/v2\/pages\/19","targetHints":{"allow":["GET"]}}],"collection":[{"href":"https:\/\/wp.ufpel.edu.br\/representacoesinstitucionais\/wp-json\/wp\/v2\/pages"}],"about":[{"href":"https:\/\/wp.ufpel.edu.br\/representacoesinstitucionais\/wp-json\/wp\/v2\/types\/page"}],"author":[{"embeddable":true,"href":"https:\/\/wp.ufpel.edu.br\/representacoesinstitucionais\/wp-json\/wp\/v2\/users\/1150"}],"replies":[{"embeddable":true,"href":"https:\/\/wp.ufpel.edu.br\/representacoesinstitucionais\/wp-json\/wp\/v2\/comments?post=19"}],"version-history":[{"count":16,"href":"https:\/\/wp.ufpel.edu.br\/representacoesinstitucionais\/wp-json\/wp\/v2\/pages\/19\/revisions"}],"predecessor-version":[{"id":776,"href":"https:\/\/wp.ufpel.edu.br\/representacoesinstitucionais\/wp-json\/wp\/v2\/pages\/19\/revisions\/776"}],"wp:attachment":[{"href":"https:\/\/wp.ufpel.edu.br\/representacoesinstitucionais\/wp-json\/wp\/v2\/media?parent=19"}],"curies":[{"name":"wp","href":"https:\/\/api.w.org\/{rel}","templated":true}]}}