{"id":7,"date":"2025-05-28T18:33:54","date_gmt":"2025-05-28T21:33:54","guid":{"rendered":"https:\/\/wp.ufpel.edu.br\/repositorioame\/?page_id=7"},"modified":"2025-05-28T18:37:49","modified_gmt":"2025-05-28T21:37:49","slug":"__trashed","status":"publish","type":"page","link":"https:\/\/wp.ufpel.edu.br\/repositorioame\/__trashed\/","title":{"rendered":"IN\u00cdCIO"},"content":{"rendered":"<p>Bem-vindo ao REPOSIT\u00d3RIO AME! Em constru\u00e7\u00e3o! Aguarde! \ud83d\ude42<\/p>\n","protected":false},"excerpt":{"rendered":"<p>Bem-vindo ao REPOSIT\u00d3RIO AME! Em constru\u00e7\u00e3o! Aguarde! \ud83d\ude42<\/p>\n","protected":false},"author":1449,"featured_media":0,"parent":0,"menu_order":1,"comment_status":"closed","ping_status":"closed","template":"","meta":{"footnotes":""},"class_list":["post-7","page","type-page","status-publish","hentry","post"],"_links":{"self":[{"href":"https:\/\/wp.ufpel.edu.br\/repositorioame\/wp-json\/wp\/v2\/pages\/7","targetHints":{"allow":["GET"]}}],"collection":[{"href":"https:\/\/wp.ufpel.edu.br\/repositorioame\/wp-json\/wp\/v2\/pages"}],"about":[{"href":"https:\/\/wp.ufpel.edu.br\/repositorioame\/wp-json\/wp\/v2\/types\/page"}],"author":[{"embeddable":true,"href":"https:\/\/wp.ufpel.edu.br\/repositorioame\/wp-json\/wp\/v2\/users\/1449"}],"replies":[{"embeddable":true,"href":"https:\/\/wp.ufpel.edu.br\/repositorioame\/wp-json\/wp\/v2\/comments?post=7"}],"version-history":[{"count":2,"href":"https:\/\/wp.ufpel.edu.br\/repositorioame\/wp-json\/wp\/v2\/pages\/7\/revisions"}],"predecessor-version":[{"id":10,"href":"https:\/\/wp.ufpel.edu.br\/repositorioame\/wp-json\/wp\/v2\/pages\/7\/revisions\/10"}],"wp:attachment":[{"href":"https:\/\/wp.ufpel.edu.br\/repositorioame\/wp-json\/wp\/v2\/media?parent=7"}],"curies":[{"name":"wp","href":"https:\/\/api.w.org\/{rel}","templated":true}]}}