{"id":40,"date":"2025-05-28T19:24:31","date_gmt":"2025-05-28T22:24:31","guid":{"rendered":"https:\/\/wp.ufpel.edu.br\/repositorioame\/?page_id=40"},"modified":"2025-05-28T19:24:31","modified_gmt":"2025-05-28T22:24:31","slug":"ingles","status":"publish","type":"page","link":"https:\/\/wp.ufpel.edu.br\/repositorioame\/materiais\/ingles\/","title":{"rendered":"INGL\u00caS"},"content":{"rendered":"<p>Aqui voc\u00ea encontra materiais para o ensino de l\u00edngua inglesa.<\/p>\n","protected":false},"excerpt":{"rendered":"<p>Aqui voc\u00ea encontra materiais para o ensino de l\u00edngua inglesa.<\/p>\n","protected":false},"author":1449,"featured_media":0,"parent":12,"menu_order":0,"comment_status":"closed","ping_status":"closed","template":"","meta":{"footnotes":""},"class_list":["post-40","page","type-page","status-publish","hentry","post"],"_links":{"self":[{"href":"https:\/\/wp.ufpel.edu.br\/repositorioame\/wp-json\/wp\/v2\/pages\/40","targetHints":{"allow":["GET"]}}],"collection":[{"href":"https:\/\/wp.ufpel.edu.br\/repositorioame\/wp-json\/wp\/v2\/pages"}],"about":[{"href":"https:\/\/wp.ufpel.edu.br\/repositorioame\/wp-json\/wp\/v2\/types\/page"}],"author":[{"embeddable":true,"href":"https:\/\/wp.ufpel.edu.br\/repositorioame\/wp-json\/wp\/v2\/users\/1449"}],"replies":[{"embeddable":true,"href":"https:\/\/wp.ufpel.edu.br\/repositorioame\/wp-json\/wp\/v2\/comments?post=40"}],"version-history":[{"count":1,"href":"https:\/\/wp.ufpel.edu.br\/repositorioame\/wp-json\/wp\/v2\/pages\/40\/revisions"}],"predecessor-version":[{"id":42,"href":"https:\/\/wp.ufpel.edu.br\/repositorioame\/wp-json\/wp\/v2\/pages\/40\/revisions\/42"}],"up":[{"embeddable":true,"href":"https:\/\/wp.ufpel.edu.br\/repositorioame\/wp-json\/wp\/v2\/pages\/12"}],"wp:attachment":[{"href":"https:\/\/wp.ufpel.edu.br\/repositorioame\/wp-json\/wp\/v2\/media?parent=40"}],"curies":[{"name":"wp","href":"https:\/\/api.w.org\/{rel}","templated":true}]}}