{"id":15,"date":"2025-05-28T18:44:24","date_gmt":"2025-05-28T21:44:24","guid":{"rendered":"https:\/\/wp.ufpel.edu.br\/repositorioame\/?page_id=15"},"modified":"2025-05-28T18:44:24","modified_gmt":"2025-05-28T21:44:24","slug":"colabore-aqui","status":"publish","type":"page","link":"https:\/\/wp.ufpel.edu.br\/repositorioame\/colabore-aqui\/","title":{"rendered":"COLABORE AQUI"},"content":{"rendered":"<p>Deseja contribuir com o reposit\u00f3rio? Futuramente, voc\u00ea poder\u00e1 enviar o seu recurso neste espa\u00e7o!<\/p>\n<p>&nbsp;<\/p>\n<p>Em constru\u00e7\u00e3o&#8230;<\/p>\n","protected":false},"excerpt":{"rendered":"<p>Deseja contribuir com o reposit\u00f3rio? Futuramente, voc\u00ea poder\u00e1 enviar o seu recurso neste espa\u00e7o! &nbsp; Em constru\u00e7\u00e3o&#8230;<\/p>\n","protected":false},"author":1449,"featured_media":0,"parent":0,"menu_order":3,"comment_status":"closed","ping_status":"closed","template":"","meta":{"footnotes":""},"class_list":["post-15","page","type-page","status-publish","hentry","post"],"_links":{"self":[{"href":"https:\/\/wp.ufpel.edu.br\/repositorioame\/wp-json\/wp\/v2\/pages\/15","targetHints":{"allow":["GET"]}}],"collection":[{"href":"https:\/\/wp.ufpel.edu.br\/repositorioame\/wp-json\/wp\/v2\/pages"}],"about":[{"href":"https:\/\/wp.ufpel.edu.br\/repositorioame\/wp-json\/wp\/v2\/types\/page"}],"author":[{"embeddable":true,"href":"https:\/\/wp.ufpel.edu.br\/repositorioame\/wp-json\/wp\/v2\/users\/1449"}],"replies":[{"embeddable":true,"href":"https:\/\/wp.ufpel.edu.br\/repositorioame\/wp-json\/wp\/v2\/comments?post=15"}],"version-history":[{"count":1,"href":"https:\/\/wp.ufpel.edu.br\/repositorioame\/wp-json\/wp\/v2\/pages\/15\/revisions"}],"predecessor-version":[{"id":17,"href":"https:\/\/wp.ufpel.edu.br\/repositorioame\/wp-json\/wp\/v2\/pages\/15\/revisions\/17"}],"wp:attachment":[{"href":"https:\/\/wp.ufpel.edu.br\/repositorioame\/wp-json\/wp\/v2\/media?parent=15"}],"curies":[{"name":"wp","href":"https:\/\/api.w.org\/{rel}","templated":true}]}}