{"id":301,"date":"2017-07-17T14:52:39","date_gmt":"2017-07-17T17:52:39","guid":{"rendered":"https:\/\/wp.ufpel.edu.br\/renataabib\/?page_id=301"},"modified":"2020-07-14T14:11:53","modified_gmt":"2020-07-14T17:11:53","slug":"bioquimica-da-nutricao-ppg-nutricao-e-alimentos","status":"publish","type":"page","link":"https:\/\/wp.ufpel.edu.br\/renataabib\/ensino\/bioquimica-da-nutricao-ppg-nutricao-e-alimentos\/","title":{"rendered":"Bioqu\u00edmica da Nutri\u00e7\u00e3o &#8211; PPG Nutri\u00e7\u00e3o e Alimentos"},"content":{"rendered":"","protected":true},"excerpt":{"rendered":"","protected":true},"author":565,"featured_media":0,"parent":22,"menu_order":0,"comment_status":"closed","ping_status":"closed","template":"","meta":{"footnotes":""},"class_list":["post-301","page","type-page","status-publish","post-password-required","hentry"],"_links":{"self":[{"href":"https:\/\/wp.ufpel.edu.br\/renataabib\/wp-json\/wp\/v2\/pages\/301","targetHints":{"allow":["GET"]}}],"collection":[{"href":"https:\/\/wp.ufpel.edu.br\/renataabib\/wp-json\/wp\/v2\/pages"}],"about":[{"href":"https:\/\/wp.ufpel.edu.br\/renataabib\/wp-json\/wp\/v2\/types\/page"}],"author":[{"embeddable":true,"href":"https:\/\/wp.ufpel.edu.br\/renataabib\/wp-json\/wp\/v2\/users\/565"}],"replies":[{"embeddable":true,"href":"https:\/\/wp.ufpel.edu.br\/renataabib\/wp-json\/wp\/v2\/comments?post=301"}],"version-history":[{"count":31,"href":"https:\/\/wp.ufpel.edu.br\/renataabib\/wp-json\/wp\/v2\/pages\/301\/revisions"}],"predecessor-version":[{"id":691,"href":"https:\/\/wp.ufpel.edu.br\/renataabib\/wp-json\/wp\/v2\/pages\/301\/revisions\/691"}],"up":[{"embeddable":true,"href":"https:\/\/wp.ufpel.edu.br\/renataabib\/wp-json\/wp\/v2\/pages\/22"}],"wp:attachment":[{"href":"https:\/\/wp.ufpel.edu.br\/renataabib\/wp-json\/wp\/v2\/media?parent=301"}],"curies":[{"name":"wp","href":"https:\/\/api.w.org\/{rel}","templated":true}]}}