{"id":22,"date":"2015-10-02T17:31:37","date_gmt":"2015-10-02T20:31:37","guid":{"rendered":"https:\/\/wp.ufpel.edu.br\/renataabib\/?page_id=22"},"modified":"2019-07-09T16:14:47","modified_gmt":"2019-07-09T19:14:47","slug":"ensino","status":"publish","type":"page","link":"https:\/\/wp.ufpel.edu.br\/renataabib\/ensino\/","title":{"rendered":"Ensino"},"content":{"rendered":"<p>Atualmente:<\/p>\n<p>Gradua\u00e7\u00e3o:<\/p>\n<p>&#8211; Respons\u00e1vel pela disciplina de Fisiopatologia e Dietoterapia 2<\/p>\n<p>&#8211; Colaboradora na disciplina de Fisiopatologia e Dietoterapia 1<\/p>\n<p>&#8211; Supervisora de Est\u00e1gio em Coletividade Enferma (HE-UFPel)<\/p>\n<p>&#8211; Respons\u00e1vel pela pela disciplina de Nutri\u00e7\u00e3o Cl\u00ednica P5 (Ambulat\u00f3rio)<\/p>\n<p>&nbsp;<\/p>\n<p>PPG Nutri\u00e7\u00e3o e Alimentos:<\/p>\n<p>&#8211; Respons\u00e1vel pela disciplina de Nutri\u00e7\u00e3o Cl\u00ednica (Optativa)<\/p>\n<p>&#8211; Respons\u00e1vel pela disciplina de Bioqu\u00edmica da Nutri\u00e7\u00e3o (Optativa)<\/p>\n","protected":false},"excerpt":{"rendered":"<p>Atualmente: Gradua\u00e7\u00e3o: &#8211; Respons\u00e1vel pela disciplina de Fisiopatologia e Dietoterapia 2 &#8211; Colaboradora na disciplina de Fisiopatologia e Dietoterapia 1 &#8211; Supervisora de Est\u00e1gio em Coletividade Enferma (HE-UFPel) &#8211; Respons\u00e1vel pela pela disciplina de Nutri\u00e7\u00e3o Cl\u00ednica P5 (Ambulat\u00f3rio) &nbsp; PPG Nutri\u00e7\u00e3o e Alimentos: &#8211; Respons\u00e1vel pela disciplina de Nutri\u00e7\u00e3o Cl\u00ednica (Optativa) &#8211; Respons\u00e1vel pela disciplina [&hellip;]<\/p>\n","protected":false},"author":565,"featured_media":0,"parent":0,"menu_order":0,"comment_status":"closed","ping_status":"closed","template":"","meta":{"footnotes":""},"class_list":["post-22","page","type-page","status-publish","hentry"],"_links":{"self":[{"href":"https:\/\/wp.ufpel.edu.br\/renataabib\/wp-json\/wp\/v2\/pages\/22","targetHints":{"allow":["GET"]}}],"collection":[{"href":"https:\/\/wp.ufpel.edu.br\/renataabib\/wp-json\/wp\/v2\/pages"}],"about":[{"href":"https:\/\/wp.ufpel.edu.br\/renataabib\/wp-json\/wp\/v2\/types\/page"}],"author":[{"embeddable":true,"href":"https:\/\/wp.ufpel.edu.br\/renataabib\/wp-json\/wp\/v2\/users\/565"}],"replies":[{"embeddable":true,"href":"https:\/\/wp.ufpel.edu.br\/renataabib\/wp-json\/wp\/v2\/comments?post=22"}],"version-history":[{"count":3,"href":"https:\/\/wp.ufpel.edu.br\/renataabib\/wp-json\/wp\/v2\/pages\/22\/revisions"}],"predecessor-version":[{"id":697,"href":"https:\/\/wp.ufpel.edu.br\/renataabib\/wp-json\/wp\/v2\/pages\/22\/revisions\/697"}],"wp:attachment":[{"href":"https:\/\/wp.ufpel.edu.br\/renataabib\/wp-json\/wp\/v2\/media?parent=22"}],"curies":[{"name":"wp","href":"https:\/\/api.w.org\/{rel}","templated":true}]}}