{"id":2,"date":"2015-10-01T14:35:55","date_gmt":"2015-10-01T14:35:55","guid":{"rendered":"https:\/\/wp.ufpel.edu.br\/renataabib\/?page_id=2"},"modified":"2020-07-14T14:26:30","modified_gmt":"2020-07-14T17:26:30","slug":"pagina-exemplo","status":"publish","type":"page","link":"https:\/\/wp.ufpel.edu.br\/renataabib\/pagina-exemplo\/","title":{"rendered":"Linhas de Pesquisa"},"content":{"rendered":"<p>Atuais (em andamento)<\/p>\n<ul>\n<li>Avalia\u00e7\u00e3o Nutricional em indiv\u00edduos com transtorno do espectro autista (TEA)<\/li>\n<li>Avalia\u00e7\u00e3o Nutricional de pacientes com HAS e DM<\/li>\n<li>Comportamento alimentar de pacientes em atendimento ambulatorial<\/li>\n<\/ul>\n<p>Anteriores<\/p>\n<ul>\n<li>Dieta Cardioprotetora Brasileira: um ensaio cl\u00ednico randomizado (Multic\u00eantrico) &#8211; DICABR<\/li>\n<li>Efeito da vitamina C sobre imunossupress\u00e3o e estresse oxidativo induzido por ciclofosfamida em camundongos<\/li>\n<li>Avalia\u00e7\u00e3o nutricional e antropom\u00e9trica de pacientes oncol\u00f3gicos<\/li>\n<li>Efeito da restri\u00e7\u00e3o cal\u00f3rica sobre par\u00e2metros de estresse oxidativo em ratos Wistar<\/li>\n<li>Monitoramento da Terapia Nutricional Enteral em Unidade de Terapia Intensiva: Adequa\u00e7\u00e3o cal\u00f3rico-proteica e sobrevida.<\/li>\n<\/ul>\n<p><strong>Fotos das equipes e not\u00edcias relacionadas:<\/strong><\/p>\n<p>Equipe DICABR (2017)<\/p>\n<p><a href=\"https:\/\/wp.ufpel.edu.br\/renataabib\/files\/2017\/11\/EQUIPE-DICABR.jpg\"><img class=\"alignnone size-medium wp-image-391\" src=\"https:\/\/wp.ufpel.edu.br\/renataabib\/files\/2017\/11\/EQUIPE-DICABR-400x300.jpg\" alt=\"\" width=\"400\" height=\"300\" srcset=\"https:\/\/wp.ufpel.edu.br\/renataabib\/files\/2017\/11\/EQUIPE-DICABR-400x300.jpg 400w, https:\/\/wp.ufpel.edu.br\/renataabib\/files\/2017\/11\/EQUIPE-DICABR-768x576.jpg 768w, https:\/\/wp.ufpel.edu.br\/renataabib\/files\/2017\/11\/EQUIPE-DICABR.jpg 960w\" sizes=\"(max-width: 400px) 100vw, 400px\" \/><\/a><\/p>\n<p>Equipe Nutri\u00e7\u00e3o e Autismo (2016):<\/p>\n<p><a href=\"https:\/\/wp.ufpel.edu.br\/renataabib\/files\/2016\/04\/equipe-autismo-2016.jpg\"><img class=\"alignnone size-medium wp-image-128\" src=\"https:\/\/wp.ufpel.edu.br\/renataabib\/files\/2016\/04\/equipe-autismo-2016-424x318.jpg\" alt=\"equipe autismo 2016\" width=\"424\" height=\"318\" srcset=\"https:\/\/wp.ufpel.edu.br\/renataabib\/files\/2016\/04\/equipe-autismo-2016-424x318.jpg 424w, https:\/\/wp.ufpel.edu.br\/renataabib\/files\/2016\/04\/equipe-autismo-2016-212x159.jpg 212w, https:\/\/wp.ufpel.edu.br\/renataabib\/files\/2016\/04\/equipe-autismo-2016-768x576.jpg 768w\" sizes=\"(max-width: 424px) 100vw, 424px\" \/><\/a><\/p>\n<p><a href=\"https:\/\/wp.ufpel.edu.br\/renataabib\/files\/2016\/04\/NOTICIA-AUTISMO.jpg\"><img class=\"alignnone size-medium wp-image-122\" src=\"https:\/\/wp.ufpel.edu.br\/renataabib\/files\/2016\/04\/NOTICIA-AUTISMO-424x203.jpg\" alt=\"NOTICIA AUTISMO\" width=\"424\" height=\"203\" srcset=\"https:\/\/wp.ufpel.edu.br\/renataabib\/files\/2016\/04\/NOTICIA-AUTISMO-424x203.jpg 424w, https:\/\/wp.ufpel.edu.br\/renataabib\/files\/2016\/04\/NOTICIA-AUTISMO-212x102.jpg 212w, https:\/\/wp.ufpel.edu.br\/renataabib\/files\/2016\/04\/NOTICIA-AUTISMO-768x369.jpg 768w, https:\/\/wp.ufpel.edu.br\/renataabib\/files\/2016\/04\/NOTICIA-AUTISMO.jpg 1171w\" sizes=\"(max-width: 424px) 100vw, 424px\" \/><\/a><\/p>\n","protected":false},"excerpt":{"rendered":"<p>Atuais (em andamento) Avalia\u00e7\u00e3o Nutricional em indiv\u00edduos com transtorno do espectro autista (TEA) Avalia\u00e7\u00e3o Nutricional de pacientes com HAS e DM Comportamento alimentar de pacientes em atendimento ambulatorial Anteriores Dieta Cardioprotetora Brasileira: um ensaio cl\u00ednico randomizado (Multic\u00eantrico) &#8211; DICABR Efeito da vitamina C sobre imunossupress\u00e3o e estresse oxidativo induzido por ciclofosfamida em camundongos Avalia\u00e7\u00e3o nutricional [&hellip;]<\/p>\n","protected":false},"author":565,"featured_media":0,"parent":0,"menu_order":0,"comment_status":"closed","ping_status":"closed","template":"","meta":{"footnotes":""},"class_list":["post-2","page","type-page","status-publish","hentry"],"_links":{"self":[{"href":"https:\/\/wp.ufpel.edu.br\/renataabib\/wp-json\/wp\/v2\/pages\/2","targetHints":{"allow":["GET"]}}],"collection":[{"href":"https:\/\/wp.ufpel.edu.br\/renataabib\/wp-json\/wp\/v2\/pages"}],"about":[{"href":"https:\/\/wp.ufpel.edu.br\/renataabib\/wp-json\/wp\/v2\/types\/page"}],"author":[{"embeddable":true,"href":"https:\/\/wp.ufpel.edu.br\/renataabib\/wp-json\/wp\/v2\/users\/565"}],"replies":[{"embeddable":true,"href":"https:\/\/wp.ufpel.edu.br\/renataabib\/wp-json\/wp\/v2\/comments?post=2"}],"version-history":[{"count":13,"href":"https:\/\/wp.ufpel.edu.br\/renataabib\/wp-json\/wp\/v2\/pages\/2\/revisions"}],"predecessor-version":[{"id":788,"href":"https:\/\/wp.ufpel.edu.br\/renataabib\/wp-json\/wp\/v2\/pages\/2\/revisions\/788"}],"wp:attachment":[{"href":"https:\/\/wp.ufpel.edu.br\/renataabib\/wp-json\/wp\/v2\/media?parent=2"}],"curies":[{"name":"wp","href":"https:\/\/api.w.org\/{rel}","templated":true}]}}