{"id":174,"date":"2017-04-24T11:25:16","date_gmt":"2017-04-24T14:25:16","guid":{"rendered":"https:\/\/wp.ufpel.edu.br\/renataabib\/?page_id=174"},"modified":"2018-12-03T08:55:27","modified_gmt":"2018-12-03T10:55:27","slug":"optativa-nutricao-e-cancer","status":"publish","type":"page","link":"https:\/\/wp.ufpel.edu.br\/renataabib\/ensino\/optativa-nutricao-e-cancer\/","title":{"rendered":"Optativa Nutri\u00e7\u00e3o e C\u00e2ncer"},"content":{"rendered":"","protected":true},"excerpt":{"rendered":"","protected":true},"author":565,"featured_media":0,"parent":22,"menu_order":0,"comment_status":"closed","ping_status":"closed","template":"","meta":{"footnotes":""},"class_list":["post-174","page","type-page","status-publish","post-password-required","hentry"],"_links":{"self":[{"href":"https:\/\/wp.ufpel.edu.br\/renataabib\/wp-json\/wp\/v2\/pages\/174","targetHints":{"allow":["GET"]}}],"collection":[{"href":"https:\/\/wp.ufpel.edu.br\/renataabib\/wp-json\/wp\/v2\/pages"}],"about":[{"href":"https:\/\/wp.ufpel.edu.br\/renataabib\/wp-json\/wp\/v2\/types\/page"}],"author":[{"embeddable":true,"href":"https:\/\/wp.ufpel.edu.br\/renataabib\/wp-json\/wp\/v2\/users\/565"}],"replies":[{"embeddable":true,"href":"https:\/\/wp.ufpel.edu.br\/renataabib\/wp-json\/wp\/v2\/comments?post=174"}],"version-history":[{"count":8,"href":"https:\/\/wp.ufpel.edu.br\/renataabib\/wp-json\/wp\/v2\/pages\/174\/revisions"}],"predecessor-version":[{"id":614,"href":"https:\/\/wp.ufpel.edu.br\/renataabib\/wp-json\/wp\/v2\/pages\/174\/revisions\/614"}],"up":[{"embeddable":true,"href":"https:\/\/wp.ufpel.edu.br\/renataabib\/wp-json\/wp\/v2\/pages\/22"}],"wp:attachment":[{"href":"https:\/\/wp.ufpel.edu.br\/renataabib\/wp-json\/wp\/v2\/media?parent=174"}],"curies":[{"name":"wp","href":"https:\/\/api.w.org\/{rel}","templated":true}]}}