{"id":9,"date":"2017-08-17T15:39:01","date_gmt":"2017-08-17T18:39:01","guid":{"rendered":"https:\/\/wp.ufpel.edu.br\/cpi\/?page_id=9"},"modified":"2023-09-28T16:24:25","modified_gmt":"2023-09-28T19:24:25","slug":"nrc","status":"publish","type":"page","link":"https:\/\/wp.ufpel.edu.br\/regulacaodecursos\/nrc\/","title":{"rendered":"Regula\u00e7\u00e3o de Cursos"},"content":{"rendered":"<p>A Regula\u00e7\u00e3o de Cursos de Gradua\u00e7\u00e3o monitora e mant\u00e9m atualizados os dados da institui\u00e7\u00e3o junto aos diversos \u00f3rg\u00e3os de regula\u00e7\u00e3o e supervis\u00e3o do ensino superior. Al\u00e9m disso, \u00e9 a \u00e1rea respons\u00e1vel pelos processos de autoriza\u00e7\u00e3o, reconhecimento e renova\u00e7\u00e3o de reconhecimento de cursos, al\u00e9m de credenciamento e recredenciamento institucional.<\/p>\n<p>Na \u00e1rea de Avalia\u00e7\u00e3o, o N\u00facleo de Regula\u00e7\u00e3o de Cursos \u00e9 respons\u00e1vel pelo acompanhamento e orienta\u00e7\u00e3o das coordena\u00e7\u00f5es e secret\u00e1rios de cursos de gradua\u00e7\u00e3o durante todo o processo avaliativo, seja ele com avalia\u00e7\u00e3o in loco ou avalia\u00e7\u00e3o Enade.<\/p>\n<p>&nbsp;<\/p>\n<p style=\"text-align: justify;\">\n","protected":false},"excerpt":{"rendered":"<p>A Regula\u00e7\u00e3o de Cursos de Gradua\u00e7\u00e3o monitora e mant\u00e9m atualizados os dados da institui\u00e7\u00e3o junto aos diversos \u00f3rg\u00e3os de regula\u00e7\u00e3o e supervis\u00e3o do ensino superior. Al\u00e9m disso, \u00e9 a \u00e1rea respons\u00e1vel pelos processos de autoriza\u00e7\u00e3o, reconhecimento e renova\u00e7\u00e3o de reconhecimento de cursos, al\u00e9m de credenciamento e recredenciamento institucional. Na \u00e1rea de Avalia\u00e7\u00e3o, o N\u00facleo de [&hellip;]<\/p>\n","protected":false},"author":799,"featured_media":0,"parent":0,"menu_order":0,"comment_status":"closed","ping_status":"closed","template":"","meta":{"footnotes":""},"class_list":["post-9","page","type-page","status-publish","hentry"],"_links":{"self":[{"href":"https:\/\/wp.ufpel.edu.br\/regulacaodecursos\/wp-json\/wp\/v2\/pages\/9","targetHints":{"allow":["GET"]}}],"collection":[{"href":"https:\/\/wp.ufpel.edu.br\/regulacaodecursos\/wp-json\/wp\/v2\/pages"}],"about":[{"href":"https:\/\/wp.ufpel.edu.br\/regulacaodecursos\/wp-json\/wp\/v2\/types\/page"}],"author":[{"embeddable":true,"href":"https:\/\/wp.ufpel.edu.br\/regulacaodecursos\/wp-json\/wp\/v2\/users\/799"}],"replies":[{"embeddable":true,"href":"https:\/\/wp.ufpel.edu.br\/regulacaodecursos\/wp-json\/wp\/v2\/comments?post=9"}],"version-history":[{"count":15,"href":"https:\/\/wp.ufpel.edu.br\/regulacaodecursos\/wp-json\/wp\/v2\/pages\/9\/revisions"}],"predecessor-version":[{"id":1854,"href":"https:\/\/wp.ufpel.edu.br\/regulacaodecursos\/wp-json\/wp\/v2\/pages\/9\/revisions\/1854"}],"wp:attachment":[{"href":"https:\/\/wp.ufpel.edu.br\/regulacaodecursos\/wp-json\/wp\/v2\/media?parent=9"}],"curies":[{"name":"wp","href":"https:\/\/api.w.org\/{rel}","templated":true}]}}