{"id":557,"date":"2018-03-05T18:31:15","date_gmt":"2018-03-05T21:31:15","guid":{"rendered":"https:\/\/wp.ufpel.edu.br\/cpi\/?page_id=557"},"modified":"2023-06-30T15:50:17","modified_gmt":"2023-06-30T18:50:17","slug":"cursos-que-terao-processo-de-renovacao-de-reconhecimento-abertos-nos-proximos-meses","status":"publish","type":"page","link":"https:\/\/wp.ufpel.edu.br\/regulacaodecursos\/nrc\/cursos-que-terao-processo-de-renovacao-de-reconhecimento-abertos-nos-proximos-meses\/","title":{"rendered":"Cursos que ter\u00e3o processo de renova\u00e7\u00e3o de reconhecimento abertos em 2023"},"content":{"rendered":"<p>Cursos que ter\u00e3o processo de renova\u00e7\u00e3o de reconhecimento abertos em 2023, de acordo com o Despacho N\u00ba 1\/2023 &#8211; NOTA T\u00c9CNICA N\u00ba 13\/2023, que traz os <u>p<\/u><u>ar\u00e2metros e procedimentos para renova\u00e7\u00e3o de reconhecimento dos cursos pertencentes ao Ciclo avaliativo Ano II, participantes ou n\u00e3o do ENADE 2021.<\/u><\/p>\n<ul>\n<li class=\"Texto_Justificado_Recuo_Primeira_Linha\">CST em Alimentos;<\/li>\n<li class=\"Texto_Justificado_Recuo_Primeira_Linha\">Artes Visuais (Bacharelado);<\/li>\n<li class=\"Texto_Justificado_Recuo_Primeira_Linha\">Dan\u00e7a;<\/li>\n<li class=\"Texto_Justificado_Recuo_Primeira_Linha\">F\u00edsica (Bacharelado);<\/li>\n<li class=\"Texto_Justificado_Recuo_Primeira_Linha\">Hist\u00f3ria (Bacharelado);<\/li>\n<li>Geografia (Licenciatura);<\/li>\n<li class=\"Texto_Justificado_Recuo_Primeira_Linha\">Geoprocessamento;<\/li>\n<li class=\"Texto_Justificado_Recuo_Primeira_Linha\">Letras &#8211; Portugu\u00eas e Alem\u00e3o;<\/li>\n<li class=\"Texto_Justificado_Recuo_Primeira_Linha\">Letras &#8211; Portugu\u00eas e\u00a0Franc\u00eas;<\/li>\n<li class=\"Texto_Justificado_Recuo_Primeira_Linha\">Letras &#8211; Reda\u00e7\u00e3o e Revis\u00e3o de Textos;<\/li>\n<li class=\"Texto_Justificado_Recuo_Primeira_Linha\">Letras &#8211; Tradu\u00e7\u00e3o Espanhol &#8211; Portugu\u00eas;<\/li>\n<li class=\"Texto_Justificado_Recuo_Primeira_Linha\">Letras &#8211; Tradu\u00e7\u00e3o Ingl\u00eas &#8211; Portugu\u00eas;<\/li>\n<li class=\"Texto_Justificado_Recuo_Primeira_Linha\">M\u00fasica (Bacharelado): Canto,\u00a0Ci\u00eancias Musicais,\u00a0Composi\u00e7\u00e3o,\u00a0Piano,\u00a0Viol\u00e3o,\u00a0Violino,\u00a0Flauta Transversal e\u00a0M\u00fasica Popular;<\/li>\n<li class=\"Texto_Justificado_Recuo_Primeira_Linha\">Qu\u00edmica Forense;<\/li>\n<li class=\"Texto_Justificado_Recuo_Primeira_Linha\">Qu\u00edmica de Alimentos;<\/li>\n<li class=\"Texto_Justificado_Recuo_Primeira_Linha\">Qu\u00edmica Industrial.<\/li>\n<\/ul>\n<p>&nbsp;<\/p>\n<p>&nbsp;<\/p>\n","protected":false},"excerpt":{"rendered":"<p>Cursos que ter\u00e3o processo de renova\u00e7\u00e3o de reconhecimento abertos em 2023, de acordo com o Despacho N\u00ba 1\/2023 &#8211; NOTA T\u00c9CNICA N\u00ba 13\/2023, que traz os par\u00e2metros e procedimentos para renova\u00e7\u00e3o de reconhecimento dos cursos pertencentes ao Ciclo avaliativo Ano II, participantes ou n\u00e3o do ENADE 2021. CST em Alimentos; Artes Visuais (Bacharelado); Dan\u00e7a; F\u00edsica [&hellip;]<\/p>\n","protected":false},"author":799,"featured_media":0,"parent":9,"menu_order":0,"comment_status":"closed","ping_status":"closed","template":"","meta":{"footnotes":""},"class_list":["post-557","page","type-page","status-publish","hentry"],"_links":{"self":[{"href":"https:\/\/wp.ufpel.edu.br\/regulacaodecursos\/wp-json\/wp\/v2\/pages\/557","targetHints":{"allow":["GET"]}}],"collection":[{"href":"https:\/\/wp.ufpel.edu.br\/regulacaodecursos\/wp-json\/wp\/v2\/pages"}],"about":[{"href":"https:\/\/wp.ufpel.edu.br\/regulacaodecursos\/wp-json\/wp\/v2\/types\/page"}],"author":[{"embeddable":true,"href":"https:\/\/wp.ufpel.edu.br\/regulacaodecursos\/wp-json\/wp\/v2\/users\/799"}],"replies":[{"embeddable":true,"href":"https:\/\/wp.ufpel.edu.br\/regulacaodecursos\/wp-json\/wp\/v2\/comments?post=557"}],"version-history":[{"count":2,"href":"https:\/\/wp.ufpel.edu.br\/regulacaodecursos\/wp-json\/wp\/v2\/pages\/557\/revisions"}],"predecessor-version":[{"id":1695,"href":"https:\/\/wp.ufpel.edu.br\/regulacaodecursos\/wp-json\/wp\/v2\/pages\/557\/revisions\/1695"}],"up":[{"embeddable":true,"href":"https:\/\/wp.ufpel.edu.br\/regulacaodecursos\/wp-json\/wp\/v2\/pages\/9"}],"wp:attachment":[{"href":"https:\/\/wp.ufpel.edu.br\/regulacaodecursos\/wp-json\/wp\/v2\/media?parent=557"}],"curies":[{"name":"wp","href":"https:\/\/api.w.org\/{rel}","templated":true}]}}