{"id":537,"date":"2018-03-05T18:04:45","date_gmt":"2018-03-05T21:04:45","guid":{"rendered":"https:\/\/wp.ufpel.edu.br\/cpi\/?page_id=537"},"modified":"2023-12-15T15:46:37","modified_gmt":"2023-12-15T18:46:37","slug":"cursos-com-visitas-agendadas-para-2023","status":"publish","type":"page","link":"https:\/\/wp.ufpel.edu.br\/regulacaodecursos\/processos-regulatorios\/cursos-com-visitas-agendadas-para-2023\/","title":{"rendered":"Cursos com visitas agendadas"},"content":{"rendered":"<p><strong>Visitas em 2024<\/strong><\/p>\n<ol>\n<li>Terapia Ocupacional &#8211; de 21 a 23 de fevereiro<\/li>\n<\/ol>\n<p>&nbsp;<\/p>\n<p><strong>Visitas em 2023<\/strong><\/p>\n<ol>\n<li>Gest\u00e3o Ambiental (Bacharelado) &#8211; de 17 a 19 de abril<\/li>\n<li>Engenharia Geol\u00f3gica &#8211; de 26 a 28 de abril<\/li>\n<li>Geografia (Bacharelado) &#8211; de 03 a 05 de maio<\/li>\n<li>Conserva\u00e7\u00e3o e Restaura\u00e7\u00e3o de Bens Culturais M\u00f3veis &#8211; de 14 a 16 de junho<\/li>\n<li>Teatro (noturno) &#8211; de 21 a 23 de junho (cancelada)<\/li>\n<li>Medicina Veterin\u00e1ria (Turma Especial) &#8211; de 21 a 23 de junho<\/li>\n<li>Antropologia &#8211; de 12 a 14 de julho<\/li>\n<li>Cinema de Anima\u00e7\u00e3o &#8211; de 07 a 09 de agosto<\/li>\n<li>Teatro (Integral) &#8211; de 30 de agosto a 01 de setembro<\/li>\n<li>Engenharia Agr\u00edcola &#8211; de 25 a 27 de outubro<\/li>\n<li>Hist\u00f3ria EaD &#8211; de 30 de outubro a 1\u00ba de novembro<\/li>\n<li>Engenharia de Materiais &#8211; de 06 a 08 de novembro<\/li>\n<li>Fisioterapia &#8211; de 06 a 08 de novembro<\/li>\n<\/ol>\n","protected":false},"excerpt":{"rendered":"<p>Visitas em 2024 Terapia Ocupacional &#8211; de 21 a 23 de fevereiro &nbsp; Visitas em 2023 Gest\u00e3o Ambiental (Bacharelado) &#8211; de 17 a 19 de abril Engenharia Geol\u00f3gica &#8211; de 26 a 28 de abril Geografia (Bacharelado) &#8211; de 03 a 05 de maio Conserva\u00e7\u00e3o e Restaura\u00e7\u00e3o de Bens Culturais M\u00f3veis &#8211; de 14 a [&hellip;]<\/p>\n","protected":false},"author":799,"featured_media":0,"parent":1215,"menu_order":0,"comment_status":"closed","ping_status":"closed","template":"","meta":{"footnotes":""},"class_list":["post-537","page","type-page","status-publish","hentry"],"_links":{"self":[{"href":"https:\/\/wp.ufpel.edu.br\/regulacaodecursos\/wp-json\/wp\/v2\/pages\/537","targetHints":{"allow":["GET"]}}],"collection":[{"href":"https:\/\/wp.ufpel.edu.br\/regulacaodecursos\/wp-json\/wp\/v2\/pages"}],"about":[{"href":"https:\/\/wp.ufpel.edu.br\/regulacaodecursos\/wp-json\/wp\/v2\/types\/page"}],"author":[{"embeddable":true,"href":"https:\/\/wp.ufpel.edu.br\/regulacaodecursos\/wp-json\/wp\/v2\/users\/799"}],"replies":[{"embeddable":true,"href":"https:\/\/wp.ufpel.edu.br\/regulacaodecursos\/wp-json\/wp\/v2\/comments?post=537"}],"version-history":[{"count":8,"href":"https:\/\/wp.ufpel.edu.br\/regulacaodecursos\/wp-json\/wp\/v2\/pages\/537\/revisions"}],"predecessor-version":[{"id":1930,"href":"https:\/\/wp.ufpel.edu.br\/regulacaodecursos\/wp-json\/wp\/v2\/pages\/537\/revisions\/1930"}],"up":[{"embeddable":true,"href":"https:\/\/wp.ufpel.edu.br\/regulacaodecursos\/wp-json\/wp\/v2\/pages\/1215"}],"wp:attachment":[{"href":"https:\/\/wp.ufpel.edu.br\/regulacaodecursos\/wp-json\/wp\/v2\/media?parent=537"}],"curies":[{"name":"wp","href":"https:\/\/api.w.org\/{rel}","templated":true}]}}