{"id":526,"date":"2018-03-05T17:59:31","date_gmt":"2018-03-05T20:59:31","guid":{"rendered":"https:\/\/wp.ufpel.edu.br\/cpi\/?page_id=526"},"modified":"2023-09-14T16:59:38","modified_gmt":"2023-09-14T19:59:38","slug":"checklist-documentos-que-as-coordenacoes-de-curso-deverao-disponibilizar-para-analise-da-comissao-de-avaliacao","status":"publish","type":"page","link":"https:\/\/wp.ufpel.edu.br\/regulacaodecursos\/tutoriais-e-formularios-para-preenchimento\/checklist-documentos-que-as-coordenacoes-de-curso-deverao-disponibilizar-para-analise-da-comissao-de-avaliacao\/","title":{"rendered":"Checklist &#8211; Documentos que as Coordena\u00e7\u00f5es de Curso dever\u00e3o disponibilizar para An\u00e1lise da Comiss\u00e3o de Avalia\u00e7\u00e3o."},"content":{"rendered":"<p>(Fonte Prim\u00e1ria: Decreto 9.235 de 2017 e Portaria 840 de agosto de 2018)<\/p>\n<p><strong>Orienta\u00e7\u00f5es gerais \u00e0s Coordena\u00e7\u00f5es<\/strong><\/p>\n<p>Sugere-se a organiza\u00e7\u00e3o destes documentos em pastas devidamente identificadas conforme o <em>checklist.<\/em><\/p>\n<p style=\"text-align: justify;\">Esse checklist \u00e9 um compilado de documentos solicitados pelos avaliadores nas diversas visitas recebidas pelos cursos da UFPel ao longo dos anos, logo, cont\u00e9m uma ampla gama de solicita\u00e7\u00f5es, por\u00e9m podendo haver pedido de outros documentos, quando os avaliadores designados ao curso entrarem em contato.<\/p>\n<p style=\"text-align: justify;\"><strong>Ap\u00f3s o envio do cronograma da avalia\u00e7\u00e3o pelos avaliadores, cabe \u00e0 coordena\u00e7\u00e3o analisar o que foi solicitado, em busca de novos documentos que n\u00e3o est\u00e3o listados em nosso rol.<\/strong><\/p>\n<p style=\"text-align: justify;\">Os documentos organizados e disponibilizados pelo N\u00facleo de Regula\u00e7\u00e3o de Cursos s\u00e3o os constantes na pasta 4 do <em>checklist<\/em> (Documentos Institucionais), e estar\u00e3o dispon\u00edveis 10 dias antes do in\u00edcio da visita. O curso fornecer\u00e1 ao NRC o acesso ao DOCs UFPel para que possamos inserir a pasta com os documentos institucionais.<br \/>\nOs documentos devem ser disponibilizados, \u00e0 comiss\u00e3o avaliadora, atrav\u00e9s do DOCs UFPel 07 dias antes do in\u00edcio da visita e at\u00e9 05 dias ap\u00f3s o t\u00e9rmino da avalia\u00e7\u00e3o.<\/p>\n<p><a href=\"https:\/\/wp.ufpel.edu.br\/regulacaodecursos\/files\/2023\/09\/Checklist-de-preparacao-para-visita-virtual-in-loco.pdf\">Checklist de prepara\u00e7\u00e3o para visita virtual in loco<\/a><\/p>\n","protected":false},"excerpt":{"rendered":"<p>(Fonte Prim\u00e1ria: Decreto 9.235 de 2017 e Portaria 840 de agosto de 2018) Orienta\u00e7\u00f5es gerais \u00e0s Coordena\u00e7\u00f5es Sugere-se a organiza\u00e7\u00e3o destes documentos em pastas devidamente identificadas conforme o checklist. Esse checklist \u00e9 um compilado de documentos solicitados pelos avaliadores nas diversas visitas recebidas pelos cursos da UFPel ao longo dos anos, logo, cont\u00e9m uma ampla [&hellip;]<\/p>\n","protected":false},"author":799,"featured_media":0,"parent":1710,"menu_order":0,"comment_status":"closed","ping_status":"closed","template":"","meta":{"footnotes":""},"class_list":["post-526","page","type-page","status-publish","hentry"],"_links":{"self":[{"href":"https:\/\/wp.ufpel.edu.br\/regulacaodecursos\/wp-json\/wp\/v2\/pages\/526","targetHints":{"allow":["GET"]}}],"collection":[{"href":"https:\/\/wp.ufpel.edu.br\/regulacaodecursos\/wp-json\/wp\/v2\/pages"}],"about":[{"href":"https:\/\/wp.ufpel.edu.br\/regulacaodecursos\/wp-json\/wp\/v2\/types\/page"}],"author":[{"embeddable":true,"href":"https:\/\/wp.ufpel.edu.br\/regulacaodecursos\/wp-json\/wp\/v2\/users\/799"}],"replies":[{"embeddable":true,"href":"https:\/\/wp.ufpel.edu.br\/regulacaodecursos\/wp-json\/wp\/v2\/comments?post=526"}],"version-history":[{"count":4,"href":"https:\/\/wp.ufpel.edu.br\/regulacaodecursos\/wp-json\/wp\/v2\/pages\/526\/revisions"}],"predecessor-version":[{"id":1785,"href":"https:\/\/wp.ufpel.edu.br\/regulacaodecursos\/wp-json\/wp\/v2\/pages\/526\/revisions\/1785"}],"up":[{"embeddable":true,"href":"https:\/\/wp.ufpel.edu.br\/regulacaodecursos\/wp-json\/wp\/v2\/pages\/1710"}],"wp:attachment":[{"href":"https:\/\/wp.ufpel.edu.br\/regulacaodecursos\/wp-json\/wp\/v2\/media?parent=526"}],"curies":[{"name":"wp","href":"https:\/\/api.w.org\/{rel}","templated":true}]}}