{"id":366,"date":"2018-01-12T09:38:54","date_gmt":"2018-01-12T11:38:54","guid":{"rendered":"https:\/\/wp.ufpel.edu.br\/cpi\/?page_id=366"},"modified":"2018-01-12T09:38:54","modified_gmt":"2018-01-12T11:38:54","slug":"responsabilidades-dos-coordenadores-de-curso","status":"publish","type":"page","link":"https:\/\/wp.ufpel.edu.br\/regulacaodecursos\/nrc\/enade\/responsabilidades-dos-coordenadores-de-curso\/","title":{"rendered":"Responsabilidades dos Coordenadores de Curso"},"content":{"rendered":"<p style=\"text-align: justify\"><strong>Responsabilidades do coordenador de cursos perante ao ENADE, conforme a legisla\u00e7\u00e3o pertinente a avalia\u00e7\u00e3o e o Regimento da UFPel:<\/strong><\/p>\n<p style=\"text-align: justify\">&#8211; Tomar conhecimento sobre as regras do Enade, analisando o edital e suas retifica\u00e7\u00f5es, al\u00e9m de <strong>divulgar o edital a todos os alunos habilitados do curso sob sua coordena\u00e7\u00e3o<\/strong>.<\/p>\n<p style=\"text-align: justify\">&#8211; Acessar o m\u00f3dulo Enade no sistema Cobalto para verificar a situa\u00e7\u00e3o dos alunos ingressantes e matriculados do curso sob sua coordena\u00e7\u00e3o e determinar os alunos que devem ser inscritos nas avalia\u00e7\u00f5es, analisando a situa\u00e7\u00e3o acad\u00eamica de cada um.<\/p>\n<p>&#8211; Verificar os relat\u00f3rios de regularidade do Enade de anos anteriores, comparando com as listas de alunos ingressantes e prov\u00e1veis concluintes, para verificar se h\u00e1 alunos irregulares de anos anteriores para regulariza\u00e7\u00e3o.<\/p>\n<p style=\"text-align: justify\">&#8211; Gerar as listas de prov\u00e1veis ingressantes e concluintes para inserir no sistema Enade.<\/p>\n<p style=\"text-align: justify\">&#8211; Inscrever os alunos\u00a0 regulares no sistema ENADE, al\u00e9m de proceder na regulariza\u00e7\u00e3o dos alunos irregulares de anos anteriores, de acordo com calend\u00e1rio previamente divulgado pelo Inep.<\/p>\n<p style=\"text-align: justify\">&#8211; Lan\u00e7ar as dispensas dos alunos sob sua responsabilidade no site do ENADE, al\u00e9m de efetuar a an\u00e1lise e o deferimento\/indeferimento das solicita\u00e7\u00f5es de dispensa feitas pelos estudantes, de acordo com o cronograma e regras dos editais previamente divulgados pelo Inep.<\/p>\n<p style=\"text-align: justify\">&#8211; Motivar os alunos a preencher o cadastro do estudante concluinte, responder o question\u00e1rio do aluno e a realizar a prova no dia previamente agendado, conforme cronograma do INEP.<\/p>\n<p style=\"text-align: justify\">&#8211; Supervisionar o cadastro dos Estudantes de sua IES e conferir se todos os Estudantes inscritos realizaram o cadastro. Caso algum Estudante inscrito n\u00e3o tenha realizado o cadastro, \u00e9 responsabilidade do Coordenador de Curso contat\u00e1-lo para efetiva\u00e7\u00e3o do cadastro, considerando que essa etapa \u00e9 indispens\u00e1vel para o preenchimento do Question\u00e1rio do Estudante.<\/p>\n<p style=\"text-align: justify\">&#8211; Responder o question\u00e1rio do Coordenador no site do ENADE, de acordo com o cronograma previamente divulgado pelo Inep.<\/p>\n","protected":false},"excerpt":{"rendered":"<p>Responsabilidades do coordenador de cursos perante ao ENADE, conforme a legisla\u00e7\u00e3o pertinente a avalia\u00e7\u00e3o e o Regimento da UFPel: &#8211; Tomar conhecimento sobre as regras do Enade, analisando o edital e suas retifica\u00e7\u00f5es, al\u00e9m de divulgar o edital a todos os alunos habilitados do curso sob sua coordena\u00e7\u00e3o. &#8211; Acessar o m\u00f3dulo Enade no sistema [&hellip;]<\/p>\n","protected":false},"author":799,"featured_media":0,"parent":362,"menu_order":0,"comment_status":"closed","ping_status":"closed","template":"","meta":{"footnotes":""},"class_list":["post-366","page","type-page","status-publish","hentry"],"_links":{"self":[{"href":"https:\/\/wp.ufpel.edu.br\/regulacaodecursos\/wp-json\/wp\/v2\/pages\/366","targetHints":{"allow":["GET"]}}],"collection":[{"href":"https:\/\/wp.ufpel.edu.br\/regulacaodecursos\/wp-json\/wp\/v2\/pages"}],"about":[{"href":"https:\/\/wp.ufpel.edu.br\/regulacaodecursos\/wp-json\/wp\/v2\/types\/page"}],"author":[{"embeddable":true,"href":"https:\/\/wp.ufpel.edu.br\/regulacaodecursos\/wp-json\/wp\/v2\/users\/799"}],"replies":[{"embeddable":true,"href":"https:\/\/wp.ufpel.edu.br\/regulacaodecursos\/wp-json\/wp\/v2\/comments?post=366"}],"version-history":[{"count":0,"href":"https:\/\/wp.ufpel.edu.br\/regulacaodecursos\/wp-json\/wp\/v2\/pages\/366\/revisions"}],"up":[{"embeddable":true,"href":"https:\/\/wp.ufpel.edu.br\/regulacaodecursos\/wp-json\/wp\/v2\/pages\/362"}],"wp:attachment":[{"href":"https:\/\/wp.ufpel.edu.br\/regulacaodecursos\/wp-json\/wp\/v2\/media?parent=366"}],"curies":[{"name":"wp","href":"https:\/\/api.w.org\/{rel}","templated":true}]}}