{"id":1933,"date":"2024-01-08T08:42:30","date_gmt":"2024-01-08T11:42:30","guid":{"rendered":"https:\/\/wp.ufpel.edu.br\/regulacaodecursos\/?page_id=1933"},"modified":"2024-01-08T08:42:30","modified_gmt":"2024-01-08T11:42:30","slug":"analise-das-avaliacoes-virtuais-in-loco-2023","status":"publish","type":"page","link":"https:\/\/wp.ufpel.edu.br\/regulacaodecursos\/analise-das-avaliacoes-virtuais-in-loco-2023\/","title":{"rendered":"An\u00e1lise das Avalia\u00e7\u00f5es Virtuais in loco \u2013 2023"},"content":{"rendered":"<p><a href=\"https:\/\/wp.ufpel.edu.br\/regulacaodecursos\/files\/2024\/01\/Analise-dos-relatorios-.pdf\">An\u00e1lise das Avalia\u00e7\u00f5es Virtuais in loco \u2013 2023<\/a><\/p>\n","protected":false},"excerpt":{"rendered":"<p>An\u00e1lise das Avalia\u00e7\u00f5es Virtuais in loco \u2013 2023<\/p>\n","protected":false},"author":799,"featured_media":0,"parent":0,"menu_order":0,"comment_status":"closed","ping_status":"closed","template":"","meta":{"footnotes":""},"class_list":["post-1933","page","type-page","status-publish","hentry"],"_links":{"self":[{"href":"https:\/\/wp.ufpel.edu.br\/regulacaodecursos\/wp-json\/wp\/v2\/pages\/1933","targetHints":{"allow":["GET"]}}],"collection":[{"href":"https:\/\/wp.ufpel.edu.br\/regulacaodecursos\/wp-json\/wp\/v2\/pages"}],"about":[{"href":"https:\/\/wp.ufpel.edu.br\/regulacaodecursos\/wp-json\/wp\/v2\/types\/page"}],"author":[{"embeddable":true,"href":"https:\/\/wp.ufpel.edu.br\/regulacaodecursos\/wp-json\/wp\/v2\/users\/799"}],"replies":[{"embeddable":true,"href":"https:\/\/wp.ufpel.edu.br\/regulacaodecursos\/wp-json\/wp\/v2\/comments?post=1933"}],"version-history":[{"count":1,"href":"https:\/\/wp.ufpel.edu.br\/regulacaodecursos\/wp-json\/wp\/v2\/pages\/1933\/revisions"}],"predecessor-version":[{"id":1935,"href":"https:\/\/wp.ufpel.edu.br\/regulacaodecursos\/wp-json\/wp\/v2\/pages\/1933\/revisions\/1935"}],"wp:attachment":[{"href":"https:\/\/wp.ufpel.edu.br\/regulacaodecursos\/wp-json\/wp\/v2\/media?parent=1933"}],"curies":[{"name":"wp","href":"https:\/\/api.w.org\/{rel}","templated":true}]}}