{"id":1895,"date":"2023-11-16T08:59:31","date_gmt":"2023-11-16T11:59:31","guid":{"rendered":"https:\/\/wp.ufpel.edu.br\/regulacaodecursos\/?page_id=1895"},"modified":"2024-04-12T08:47:07","modified_gmt":"2024-04-12T11:47:07","slug":"recredenciamento-ead","status":"publish","type":"page","link":"https:\/\/wp.ufpel.edu.br\/regulacaodecursos\/avaliacao-institucional-externa\/recredenciamento-ead\/","title":{"rendered":"Recredenciamento EaD"},"content":{"rendered":"<p>O ato regulat\u00f3rio referente ao Recredenciamento EaD da Universidade Federal de Pelotas tinha sua vig\u00eancia at\u00e9 2 de Outubro de 2022, <strong><a href=\"https:\/\/wp.ufpel.edu.br\/regulacaodecursos\/files\/2023\/11\/Portaria-de-recredenciamento-EaD-No126529.09.2017.pdf\">Portaria de recredenciamento EaD- N\u00ba1265,29.09.2017<\/a>,\u00a0<\/strong><\/p>\n<p>Uma institui\u00e7\u00e3o ser\u00e1 regular se estiver devidamente credenciada ou recredenciada na modalidade dos cursos que oferta, de acordo com as normas e prazos estabelecidos pela legisla\u00e7\u00e3o da educa\u00e7\u00e3o superior.\u00a0De acordo com o <strong>Decreto 9.235\/2017:<\/strong><\/p>\n<p style=\"padding-left: 120px;\"><span style=\"font-size: 10pt;\"><strong>&#8220;Art. 11,\u00a0 \u00a7 1\u00ba <\/strong>O protocolo de pedido de recredenciamento de IES e de reconhecimento e de renova\u00e7\u00e3o de reconhecimento de curso superior, antes do vencimento do ato autorizativo anterior, prorroga automaticamente a validade do ato autorizativo at\u00e9 a conclus\u00e3o do processo e a publica\u00e7\u00e3o de Portaria.&#8221;<\/span><\/p>\n<p>Com isso, obedecendo a legisla\u00e7\u00e3o regulat\u00f3ria da educa\u00e7\u00e3o superior, em 30 de agosto de 2022 &#8211; processo e-MEC n\u00ba 202212827 &#8211;\u00a0 protocolamos o processo para nova avalia\u00e7\u00e3o institucional e emiss\u00e3o de nova portaria de recredenciamento EaD.<\/p>\n<p>O recredenciamento institucional, transcorre dentro de um fluxo processual composto por diversas etapas, dentre as quais a avalia\u00e7\u00e3o in loco, que culmina em um relat\u00f3rio da comiss\u00e3o de avaliadores, em que constam aferidas as informa\u00e7\u00f5es apresentadas pela IES, relacionadas \u00e0 realidade encontrada durante a visita. \u00c9 gerado, assim, o Conceito Institucional \u2013 CI, graduado em cinco n\u00edveis, cujos valores iguais ou superiores a tr\u00eas indicam qualidade satisfat\u00f3ria.<\/p>\n<p>Comiss\u00e3o Especial para Organiza\u00e7\u00e3o do Processo de Recredenciamento EaD: <strong><a href=\"https:\/\/wp.ufpel.edu.br\/regulacaodecursos\/files\/2023\/11\/Portaria_2023_3969.pdf\">Portaria_2023_3969<\/a>.<\/strong><\/p>\n<p>Leia o <a href=\"https:\/\/wp.ufpel.edu.br\/regulacaodecursos\/files\/2024\/04\/RelatoInstitucionalUFPelFinal2024.pdf\">Relato Institucional<\/a> 2017-2022 da UFPel, documento apensado ao processo de Recredenciamento EaD em Mar\u00e7o de 2024.<\/p>\n","protected":false},"excerpt":{"rendered":"<p>O ato regulat\u00f3rio referente ao Recredenciamento EaD da Universidade Federal de Pelotas tinha sua vig\u00eancia at\u00e9 2 de Outubro de 2022, Portaria de recredenciamento EaD- N\u00ba1265,29.09.2017,\u00a0 Uma institui\u00e7\u00e3o ser\u00e1 regular se estiver devidamente credenciada ou recredenciada na modalidade dos cursos que oferta, de acordo com as normas e prazos estabelecidos pela legisla\u00e7\u00e3o da educa\u00e7\u00e3o superior.\u00a0De [&hellip;]<\/p>\n","protected":false},"author":799,"featured_media":0,"parent":1492,"menu_order":0,"comment_status":"closed","ping_status":"closed","template":"","meta":{"footnotes":""},"class_list":["post-1895","page","type-page","status-publish","hentry"],"_links":{"self":[{"href":"https:\/\/wp.ufpel.edu.br\/regulacaodecursos\/wp-json\/wp\/v2\/pages\/1895","targetHints":{"allow":["GET"]}}],"collection":[{"href":"https:\/\/wp.ufpel.edu.br\/regulacaodecursos\/wp-json\/wp\/v2\/pages"}],"about":[{"href":"https:\/\/wp.ufpel.edu.br\/regulacaodecursos\/wp-json\/wp\/v2\/types\/page"}],"author":[{"embeddable":true,"href":"https:\/\/wp.ufpel.edu.br\/regulacaodecursos\/wp-json\/wp\/v2\/users\/799"}],"replies":[{"embeddable":true,"href":"https:\/\/wp.ufpel.edu.br\/regulacaodecursos\/wp-json\/wp\/v2\/comments?post=1895"}],"version-history":[{"count":7,"href":"https:\/\/wp.ufpel.edu.br\/regulacaodecursos\/wp-json\/wp\/v2\/pages\/1895\/revisions"}],"predecessor-version":[{"id":1910,"href":"https:\/\/wp.ufpel.edu.br\/regulacaodecursos\/wp-json\/wp\/v2\/pages\/1895\/revisions\/1910"}],"up":[{"embeddable":true,"href":"https:\/\/wp.ufpel.edu.br\/regulacaodecursos\/wp-json\/wp\/v2\/pages\/1492"}],"wp:attachment":[{"href":"https:\/\/wp.ufpel.edu.br\/regulacaodecursos\/wp-json\/wp\/v2\/media?parent=1895"}],"curies":[{"name":"wp","href":"https:\/\/api.w.org\/{rel}","templated":true}]}}