{"id":1710,"date":"2023-06-21T15:01:37","date_gmt":"2023-06-21T18:01:37","guid":{"rendered":"https:\/\/wp.ufpel.edu.br\/regulacaodecursos\/?page_id=1710"},"modified":"2026-03-18T18:58:19","modified_gmt":"2026-03-18T21:58:19","slug":"tutoriais-e-formularios-para-preenchimento","status":"publish","type":"page","link":"https:\/\/wp.ufpel.edu.br\/regulacaodecursos\/tutoriais-e-formularios-para-preenchimento\/","title":{"rendered":"Tutoriais e formul\u00e1rios para preenchimento"},"content":{"rendered":"<p><strong>Orienta\u00e7\u00f5es Gerais para Processos de Cadastro e Atualiza\u00e7\u00e3o das Informa\u00e7\u00f5es de Cursos e da Institui\u00e7\u00e3o no Sistema e-MEC<\/strong><\/p>\n<p>Tutoriais de orienta\u00e7\u00e3o geral para os Processos de Autoriza\u00e7\u00e3o, Reconhecimento e Renova\u00e7\u00e3o de Reconhecimento de Cursos \u2013 presencial e a dist\u00e2ncia, juntamente com os documentos e formul\u00e1rios que fazem parte de cada fase do processo, desde a sua abertura no sistema e-MEC at\u00e9 o momento da visita in loco.<\/p>\n<p>&nbsp;<\/p>\n<p><a href=\"https:\/\/wp.ufpel.edu.br\/regulacaodecursos\/tutoriais-e-formularios-para-preenchimento\/prefacio-orientacoes-gerais-para-processos-de-cadastro-e-atualizacao-das-informacoes-de-cursos-e-da-instituicao-no-sistema-e-mec-docx\/\" rel=\"attachment wp-att-2133\">Pref\u00e1cio: Orienta\u00e7\u00f5es Gerais para Processos de Cadastro e Atualiza\u00e7\u00e3o das Informa\u00e7\u00f5es de Cursos e da Institui\u00e7\u00e3o no Sistema e-MEC<\/a><\/p>\n<p>&nbsp;<\/p>\n<p><a href=\"https:\/\/wp.ufpel.edu.br\/regulacaodecursos\/files\/2024\/12\/Capitulo-1-\u2013-Introducao-e-Informacoes-Gerais-sobre-o-Sistema-Nacional-de-Avaliacao-da-Educacao-Superior-SINAES.pdf\"><strong>Cap\u00edtulo 1 \u2013 Introdu\u00e7\u00e3o e Informa\u00e7\u00f5es Gerais sobre o Sistema Nacional de Avalia\u00e7\u00e3o da Educa\u00e7\u00e3o Superior &#8211; SINAES<\/strong><\/a><\/p>\n<p>&nbsp;<\/p>\n<p><a href=\"https:\/\/wp.ufpel.edu.br\/regulacaodecursos\/files\/2024\/12\/Capitulo-2-\u2013-Fluxos-Processuais-\u2013-Abertura-de-Processos-de-Autorizacao-Reconhecimento-e-Renovacao-de-Reconhecimento-de-Cursos-novo.pdf\"><strong>Cap\u00edtulo 2 \u2013 Fluxos Processuais \u2013 Abertura de Processos de Autoriza\u00e7\u00e3o, Reconhecimento e Renova\u00e7\u00e3o de Reconhecimento de Cursos<\/strong><\/a><\/p>\n<p style=\"padding-left: 40px;\"><a href=\"https:\/\/wp.ufpel.edu.br\/regulacaodecursos\/files\/2023\/10\/Modelo.Formulario-para-Abertura-de-Processo-de-Reconhecimento-ou-Renovacao-de-Reconhecimento-e.MEC-Curso-XXXX.docx\">Modelo.Formulario para Abertura de Processo de Reconhecimento ou Renovacao de Reconhecimento- e.MEC &#8211; Curso XXXX<\/a><\/p>\n<p style=\"padding-left: 40px;\"><a href=\"https:\/\/wp.ufpel.edu.br\/regulacaodecursos\/files\/2023\/10\/Modelo.Formulario-Relacao-dos-Docentes-e-Tutores-que-atuam-no-Curso.doc\">Modelo.Formul\u00e1rio Rela\u00e7\u00e3o dos Docentes e Tutores que atuam no Curso<\/a><\/p>\n<p style=\"padding-left: 40px;\"><a href=\"https:\/\/wp.ufpel.edu.br\/regulacaodecursos\/files\/2023\/10\/Modelo.Formulario-Matriz-Curricular.doc\">Modelo.Formul\u00e1rio Matriz Curricular<\/a><\/p>\n<p>&nbsp;<\/p>\n<p><a href=\"https:\/\/wp.ufpel.edu.br\/regulacaodecursos\/files\/2024\/12\/Capitulo-3-\u2013-Fluxos-Processuais-\u2013-Preenchimento-do-Formulario-Eletronico-2017.pdf\"><strong>Cap\u00edtulo 3 \u2013 Fluxos Processuais \u2013 Preenchimento do Formul\u00e1rio Eletr\u00f4nico &#8211; 2017<\/strong><\/a><\/p>\n<p style=\"padding-left: 40px;\"><a href=\"https:\/\/wp.ufpel.edu.br\/regulacaodecursos\/tutoriais-e-formularios-para-preenchimento\/modelo-formulario-para-preenchimento-f-e-inep-curso-xxxx-versao-2017-4\/\" rel=\"attachment wp-att-2064\">Modelo.Formulario para Preenchimento F. E. &#8211; INEP &#8211; Curso XXXX &#8211; Vers\u00e3o 2017<\/a><\/p>\n<p style=\"padding-left: 40px;\"><a href=\"https:\/\/wp.ufpel.edu.br\/regulacaodecursos\/tutoriais-e-formularios-para-preenchimento\/modelo-formulario-vinculo-docente-por-disciplina-3\/\" rel=\"attachment wp-att-2067\">Modelo.Formul\u00e1rio Vinculo docente por disciplina<\/a><\/p>\n<p style=\"padding-left: 40px;\"><a href=\"https:\/\/wp.ufpel.edu.br\/regulacaodecursos\/tutoriais-e-formularios-para-preenchimento\/inep-planilha-atributos-docente-para-anexar-ao-ppc-3\/\" rel=\"attachment wp-att-2069\">INEP &#8211; Planilha Atributos Docente &#8211; Para Anexar ao PPC<\/a><\/p>\n<p>\u00a0\u00a0\u00a0\u00a0\u00a0\u00a0\u00a0\u00a0 <a href=\"https:\/\/wp.ufpel.edu.br\/regulacaodecursos\/tutoriais-e-formularios-para-preenchimento\/apresentacao-abertura-formulario-eletronico-avaliacao\/\" rel=\"attachment wp-att-2072\">Apresenta\u00e7\u00e3o &#8211; FE- Avalia\u00e7\u00e3o &#8211; 10 Fevereiro 2025<\/a><\/p>\n<p>&nbsp;<\/p>\n<p><a href=\"https:\/\/wp.ufpel.edu.br\/regulacaodecursos\/files\/2024\/12\/Capitulo-4-\u2013-Fluxos-Processuais-Visita-in-loco.pdf\"><strong>Cap\u00edtulo 4 \u2013 Fluxos Processuais &#8211; Visita in loco<\/strong><\/a><\/p>\n<p style=\"padding-left: 40px;\"><a href=\"https:\/\/wp.ufpel.edu.br\/regulacaodecursos\/files\/2024\/12\/Checklist-de-preparacao-para-visita-virtual-in-loco-5.pdf\">Checklist de prepara\u00e7\u00e3o para visita virtual in loco<\/a><\/p>\n<p style=\"padding-left: 40px;\"><a href=\"https:\/\/wp.ufpel.edu.br\/regulacaodecursos\/files\/2025\/02\/MODELO_Planilhas_para_OrganizaA_A_o_Documentos_visita_in_loco.xls\">Planilha para organiza\u00e7\u00e3o dos dados docentes\/t\u00e9cnicos administrativos para a Avalia\u00e7\u00e3o in loco<\/a><\/p>\n<p style=\"padding-left: 40px;\"><a href=\"https:\/\/wp.ufpel.edu.br\/regulacaodecursos\/files\/2023\/10\/Como-Fazer-Geolocalizacao-Google-Maps.pdf\">Visita in loco virtual &#8211; Como Fazer Geolocaliza\u00e7\u00e3o &#8211; Google Maps<\/a><\/p>\n<p>\u00a0\u00a0\u00a0\u00a0\u00a0\u00a0\u00a0\u00a0\u00a0 <a href=\"https:\/\/wp.ufpel.edu.br\/regulacaodecursos\/tutoriais-e-formularios-para-preenchimento\/roteiro-para-a-apresentacao-dos-espacos-fisicos\/\" rel=\"attachment wp-att-2075\">Sugest\u00e3o de Roteiro para Apresenta\u00e7\u00e3o Espa\u00e7os F\u00edsicos<\/a><\/p>\n<p><a href=\"https:\/\/wp.ufpel.edu.br\/regulacaodecursos\/tutoriais-e-formularios-para-preenchimento\/avaliacao-externa-virtual-in-loco-reuniao-cursos-geral\/\" rel=\"attachment wp-att-2079\">\u00a0\u00a0\u00a0\u00a0\u00a0\u00a0\u00a0\u00a0\u00a0 Apresenta\u00e7\u00e3o &#8211; Avalia\u00e7\u00e3o in loco &#8211; 17 Fevereiro 2025<\/a><\/p>\n<p>&nbsp;<\/p>\n<p><strong><a href=\"https:\/\/wp.ufpel.edu.br\/regulacaodecursos\/files\/2024\/12\/Capitulo-5-\u2013-Fluxos-Processuais-Protocolo-de-Compromisso-1.pdf\">Cap\u00edtulo 5 \u2013 Fluxos Processuais &#8211; Protocolo de Compromisso<\/a><\/strong><\/p>\n<p>&nbsp;<\/p>\n<p><strong><a href=\"https:\/\/wp.ufpel.edu.br\/regulacaodecursos\/files\/2023\/09\/Capitulo-6-\u2013-Resultados-dos-Processos-Avaliativos-e-Acoes-Decorrentes-das-Avaliacoes.docx.pdf\">Cap\u00edtulo 6 \u2013 Resultados dos Processos Avaliativos e A\u00e7\u00f5es Decorrentes das Avalia\u00e7\u00f5es<\/a><\/strong><\/p>\n","protected":false},"excerpt":{"rendered":"<p>Orienta\u00e7\u00f5es Gerais para Processos de Cadastro e Atualiza\u00e7\u00e3o das Informa\u00e7\u00f5es de Cursos e da Institui\u00e7\u00e3o no Sistema e-MEC Tutoriais de orienta\u00e7\u00e3o geral para os Processos de Autoriza\u00e7\u00e3o, Reconhecimento e Renova\u00e7\u00e3o de Reconhecimento de Cursos \u2013 presencial e a dist\u00e2ncia, juntamente com os documentos e formul\u00e1rios que fazem parte de cada fase do processo, desde a [&hellip;]<\/p>\n","protected":false},"author":799,"featured_media":0,"parent":0,"menu_order":0,"comment_status":"closed","ping_status":"closed","template":"","meta":{"footnotes":""},"class_list":["post-1710","page","type-page","status-publish","hentry"],"_links":{"self":[{"href":"https:\/\/wp.ufpel.edu.br\/regulacaodecursos\/wp-json\/wp\/v2\/pages\/1710","targetHints":{"allow":["GET"]}}],"collection":[{"href":"https:\/\/wp.ufpel.edu.br\/regulacaodecursos\/wp-json\/wp\/v2\/pages"}],"about":[{"href":"https:\/\/wp.ufpel.edu.br\/regulacaodecursos\/wp-json\/wp\/v2\/types\/page"}],"author":[{"embeddable":true,"href":"https:\/\/wp.ufpel.edu.br\/regulacaodecursos\/wp-json\/wp\/v2\/users\/799"}],"replies":[{"embeddable":true,"href":"https:\/\/wp.ufpel.edu.br\/regulacaodecursos\/wp-json\/wp\/v2\/comments?post=1710"}],"version-history":[{"count":3,"href":"https:\/\/wp.ufpel.edu.br\/regulacaodecursos\/wp-json\/wp\/v2\/pages\/1710\/revisions"}],"predecessor-version":[{"id":2076,"href":"https:\/\/wp.ufpel.edu.br\/regulacaodecursos\/wp-json\/wp\/v2\/pages\/1710\/revisions\/2076"}],"wp:attachment":[{"href":"https:\/\/wp.ufpel.edu.br\/regulacaodecursos\/wp-json\/wp\/v2\/media?parent=1710"}],"curies":[{"name":"wp","href":"https:\/\/api.w.org\/{rel}","templated":true}]}}