{"id":1703,"date":"2023-06-21T11:41:41","date_gmt":"2023-06-21T14:41:41","guid":{"rendered":"https:\/\/wp.ufpel.edu.br\/regulacaodecursos\/?page_id=1703"},"modified":"2025-07-08T08:33:40","modified_gmt":"2025-07-08T11:33:40","slug":"apresentacao","status":"publish","type":"page","link":"https:\/\/wp.ufpel.edu.br\/regulacaodecursos\/","title":{"rendered":"Apresenta\u00e7\u00e3o"},"content":{"rendered":"<p>O N\u00facleo de Regula\u00e7\u00e3o de Cursos \u2013 NRC \u2013 est\u00e1 ligado \u00e0 Pr\u00f3-Reitoria de Ensino &#8211; PRE, e \u00e9 respons\u00e1vel pelo acompanhamento e gest\u00e3o dos processos regulat\u00f3rios e avaliativos externos dos cursos de gradua\u00e7\u00e3o e da UFPel, relativos ao Sistema de Avalia\u00e7\u00e3o da Educa\u00e7\u00e3o Superior \u2013 SINAES.<\/p>\n<p>Suas atribui\u00e7\u00f5es s\u00e3o:<\/p>\n<p>1) Planejar, dirigir, coordenar e orientar as atividades de gest\u00e3o dos atos regulat\u00f3rios emitidos pelo Minist\u00e9rio da Educa\u00e7\u00e3o e suas autarquias;<br \/>\n2) Apoiar, coordenar e desenvolver a\u00e7\u00f5es de capacita\u00e7\u00e3o para as coordena\u00e7\u00f5es de curso de gradua\u00e7\u00e3o em rela\u00e7\u00e3o aos processos regulat\u00f3rios de reconhecimento e renova\u00e7\u00e3o de reconhecimento de cursos de gradua\u00e7\u00e3o e da Institui\u00e7\u00e3o, assim como aos processos avaliativos, seja visita in loco ou avalia\u00e7\u00f5es do ENADE;<br \/>\n3) Prover, monitorar e manter atualizados os dados da institui\u00e7\u00e3o junto aos diversos \u00f3rg\u00e3os de regula\u00e7\u00e3o e supervis\u00e3o do ensino superior;<br \/>\n4) Orientar as coordena\u00e7\u00f5es quando da ocorr\u00eancia de dilig\u00eancias ou Protocolos de compromisso;<br \/>\n5) Orientar e Acompanhar os cursos durante as visitas in loco.<\/p>\n<p>&nbsp;<\/p>\n<p><strong>Procuradora Educacional Institucional<\/strong><\/p>\n<p>Charles Eduardo da Cruz do Amaral<\/p>\n<p><a href=\"pi@ufpel.edu.br\">pi@ufpel.edu.br<\/a><\/p>\n<p>&nbsp;<\/p>\n<p><strong>Auxiliar Institucional<\/strong><\/p>\n<p>Dionlei Decker<\/p>\n<p><a href=\"nrc@ufpel.edu.br\">nrc@ufpel.edu.br<\/a><\/p>\n<p>Fone: (53) 3284-4015 op\u00e7\u00e3o 7<\/p>\n","protected":false},"excerpt":{"rendered":"<p>O N\u00facleo de Regula\u00e7\u00e3o de Cursos \u2013 NRC \u2013 est\u00e1 ligado \u00e0 Pr\u00f3-Reitoria de Ensino &#8211; PRE, e \u00e9 respons\u00e1vel pelo acompanhamento e gest\u00e3o dos processos regulat\u00f3rios e avaliativos externos dos cursos de gradua\u00e7\u00e3o e da UFPel, relativos ao Sistema de Avalia\u00e7\u00e3o da Educa\u00e7\u00e3o Superior \u2013 SINAES. Suas atribui\u00e7\u00f5es s\u00e3o: 1) Planejar, dirigir, coordenar e [&hellip;]<\/p>\n","protected":false},"author":799,"featured_media":0,"parent":0,"menu_order":0,"comment_status":"closed","ping_status":"closed","template":"","meta":{"footnotes":""},"class_list":["post-1703","page","type-page","status-publish","hentry"],"_links":{"self":[{"href":"https:\/\/wp.ufpel.edu.br\/regulacaodecursos\/wp-json\/wp\/v2\/pages\/1703","targetHints":{"allow":["GET"]}}],"collection":[{"href":"https:\/\/wp.ufpel.edu.br\/regulacaodecursos\/wp-json\/wp\/v2\/pages"}],"about":[{"href":"https:\/\/wp.ufpel.edu.br\/regulacaodecursos\/wp-json\/wp\/v2\/types\/page"}],"author":[{"embeddable":true,"href":"https:\/\/wp.ufpel.edu.br\/regulacaodecursos\/wp-json\/wp\/v2\/users\/799"}],"replies":[{"embeddable":true,"href":"https:\/\/wp.ufpel.edu.br\/regulacaodecursos\/wp-json\/wp\/v2\/comments?post=1703"}],"version-history":[{"count":8,"href":"https:\/\/wp.ufpel.edu.br\/regulacaodecursos\/wp-json\/wp\/v2\/pages\/1703\/revisions"}],"predecessor-version":[{"id":2131,"href":"https:\/\/wp.ufpel.edu.br\/regulacaodecursos\/wp-json\/wp\/v2\/pages\/1703\/revisions\/2131"}],"wp:attachment":[{"href":"https:\/\/wp.ufpel.edu.br\/regulacaodecursos\/wp-json\/wp\/v2\/media?parent=1703"}],"curies":[{"name":"wp","href":"https:\/\/api.w.org\/{rel}","templated":true}]}}