{"id":1581,"date":"2021-04-28T18:06:16","date_gmt":"2021-04-28T21:06:16","guid":{"rendered":"https:\/\/wp.ufpel.edu.br\/cpi\/?page_id=1581"},"modified":"2021-04-28T18:06:16","modified_gmt":"2021-04-28T21:06:16","slug":"grafico-comparacao-igc-instituicoes-rs","status":"publish","type":"page","link":"https:\/\/wp.ufpel.edu.br\/regulacaodecursos\/grafico-comparacao-igc-instituicoes-rs\/","title":{"rendered":"Gr\u00e1fico Compara\u00e7\u00e3o IGC &#8211; Institui\u00e7\u00f5es RS"},"content":{"rendered":"<p>O gr\u00e1fico apresenta a evolu\u00e7\u00e3o dos \u00cdndices Gerais de Curso das principais Institui\u00e7\u00f5es de Ensino Superior do estado do Rio Grande do Sul, no per\u00edodo de 2007 a 2019.<\/p>\n<p>A linha rosa que perpassa o gr\u00e1fico apresenta a linha de tend\u00eancia para o IGC da UFPel com proje\u00e7\u00e3o para as duas pr\u00f3ximas avalia\u00e7\u00f5es, levando em considera\u00e7\u00e3o o crescimento o IGC de nossa Institui\u00e7\u00e3o vem apresentando ao longo dos anos.<\/p>\n<p><a href=\"https:\/\/wp.ufpel.edu.br\/cpi\/files\/2021\/04\/Comparacao-IGC-2007-a-2019.pdf\">Gr\u00e1fico Compara\u00e7\u00e3o IGC &#8211; Institui\u00e7\u00f5es RS &#8211; 2007 a 2019<\/a><\/p>\n<p>&nbsp;<\/p>\n","protected":false},"excerpt":{"rendered":"<p>O gr\u00e1fico apresenta a evolu\u00e7\u00e3o dos \u00cdndices Gerais de Curso das principais Institui\u00e7\u00f5es de Ensino Superior do estado do Rio Grande do Sul, no per\u00edodo de 2007 a 2019. A linha rosa que perpassa o gr\u00e1fico apresenta a linha de tend\u00eancia para o IGC da UFPel com proje\u00e7\u00e3o para as duas pr\u00f3ximas avalia\u00e7\u00f5es, levando em [&hellip;]<\/p>\n","protected":false},"author":799,"featured_media":0,"parent":0,"menu_order":0,"comment_status":"closed","ping_status":"closed","template":"","meta":{"footnotes":""},"class_list":["post-1581","page","type-page","status-publish","hentry"],"_links":{"self":[{"href":"https:\/\/wp.ufpel.edu.br\/regulacaodecursos\/wp-json\/wp\/v2\/pages\/1581","targetHints":{"allow":["GET"]}}],"collection":[{"href":"https:\/\/wp.ufpel.edu.br\/regulacaodecursos\/wp-json\/wp\/v2\/pages"}],"about":[{"href":"https:\/\/wp.ufpel.edu.br\/regulacaodecursos\/wp-json\/wp\/v2\/types\/page"}],"author":[{"embeddable":true,"href":"https:\/\/wp.ufpel.edu.br\/regulacaodecursos\/wp-json\/wp\/v2\/users\/799"}],"replies":[{"embeddable":true,"href":"https:\/\/wp.ufpel.edu.br\/regulacaodecursos\/wp-json\/wp\/v2\/comments?post=1581"}],"version-history":[{"count":0,"href":"https:\/\/wp.ufpel.edu.br\/regulacaodecursos\/wp-json\/wp\/v2\/pages\/1581\/revisions"}],"wp:attachment":[{"href":"https:\/\/wp.ufpel.edu.br\/regulacaodecursos\/wp-json\/wp\/v2\/media?parent=1581"}],"curies":[{"name":"wp","href":"https:\/\/api.w.org\/{rel}","templated":true}]}}