{"id":1556,"date":"2021-04-22T18:50:50","date_gmt":"2021-04-22T21:50:50","guid":{"rendered":"https:\/\/wp.ufpel.edu.br\/cpi\/?page_id=1556"},"modified":"2021-04-22T18:50:50","modified_gmt":"2021-04-22T21:50:50","slug":"grafico-evolucao-cpc-ano-i","status":"publish","type":"page","link":"https:\/\/wp.ufpel.edu.br\/regulacaodecursos\/grafico-evolucao-cpc-ano-i\/","title":{"rendered":"Gr\u00e1fico Evolu\u00e7\u00e3o CPC &#8211; Ano I"},"content":{"rendered":"<p><a href=\"https:\/\/wp.ufpel.edu.br\/cpi\/files\/2021\/04\/Ano-I-Evolucao-CPC-2016-2017-e-2019.pdf\">Ano I &#8211; Evolu\u00e7\u00e3o CPC 2016, 2017 e 2019<\/a><\/p>\n","protected":false},"excerpt":{"rendered":"<p>Ano I &#8211; Evolu\u00e7\u00e3o CPC 2016, 2017 e 2019<\/p>\n","protected":false},"author":799,"featured_media":0,"parent":0,"menu_order":0,"comment_status":"closed","ping_status":"closed","template":"","meta":{"footnotes":""},"class_list":["post-1556","page","type-page","status-publish","hentry"],"_links":{"self":[{"href":"https:\/\/wp.ufpel.edu.br\/regulacaodecursos\/wp-json\/wp\/v2\/pages\/1556","targetHints":{"allow":["GET"]}}],"collection":[{"href":"https:\/\/wp.ufpel.edu.br\/regulacaodecursos\/wp-json\/wp\/v2\/pages"}],"about":[{"href":"https:\/\/wp.ufpel.edu.br\/regulacaodecursos\/wp-json\/wp\/v2\/types\/page"}],"author":[{"embeddable":true,"href":"https:\/\/wp.ufpel.edu.br\/regulacaodecursos\/wp-json\/wp\/v2\/users\/799"}],"replies":[{"embeddable":true,"href":"https:\/\/wp.ufpel.edu.br\/regulacaodecursos\/wp-json\/wp\/v2\/comments?post=1556"}],"version-history":[{"count":0,"href":"https:\/\/wp.ufpel.edu.br\/regulacaodecursos\/wp-json\/wp\/v2\/pages\/1556\/revisions"}],"wp:attachment":[{"href":"https:\/\/wp.ufpel.edu.br\/regulacaodecursos\/wp-json\/wp\/v2\/media?parent=1556"}],"curies":[{"name":"wp","href":"https:\/\/api.w.org\/{rel}","templated":true}]}}