{"id":1534,"date":"2021-04-22T18:06:17","date_gmt":"2021-04-22T21:06:17","guid":{"rendered":"https:\/\/wp.ufpel.edu.br\/cpi\/?page_id=1534"},"modified":"2021-04-22T18:06:17","modified_gmt":"2021-04-22T21:06:17","slug":"evolucao-da-media-dos-conceitos-por-dimensao-e-conceito-de-curso-cc-2012-a-2021","status":"publish","type":"page","link":"https:\/\/wp.ufpel.edu.br\/regulacaodecursos\/evolucao-da-media-dos-conceitos-por-dimensao-e-conceito-de-curso-cc-2012-a-2021\/","title":{"rendered":"Evolu\u00e7\u00e3o da M\u00e9dia dos Conceitos por dimens\u00e3o e Conceito de Curso (CC) &#8211; 2012 a 2021"},"content":{"rendered":"<p><a href=\"https:\/\/wp.ufpel.edu.br\/cpi\/files\/2021\/04\/Media-Conceitos-Avaliacao-in-loco-2012-a-2019.pdf\">Evolu\u00e7\u00e3o da M\u00e9dia dos Conceitos por dimens\u00e3o e Conceito de Curso (CC) &#8211; 2012 a 2019<\/a><\/p>\n","protected":false},"excerpt":{"rendered":"<p>Evolu\u00e7\u00e3o da M\u00e9dia dos Conceitos por dimens\u00e3o e Conceito de Curso (CC) &#8211; 2012 a 2019<\/p>\n","protected":false},"author":799,"featured_media":0,"parent":0,"menu_order":0,"comment_status":"closed","ping_status":"closed","template":"","meta":{"footnotes":""},"class_list":["post-1534","page","type-page","status-publish","hentry"],"_links":{"self":[{"href":"https:\/\/wp.ufpel.edu.br\/regulacaodecursos\/wp-json\/wp\/v2\/pages\/1534","targetHints":{"allow":["GET"]}}],"collection":[{"href":"https:\/\/wp.ufpel.edu.br\/regulacaodecursos\/wp-json\/wp\/v2\/pages"}],"about":[{"href":"https:\/\/wp.ufpel.edu.br\/regulacaodecursos\/wp-json\/wp\/v2\/types\/page"}],"author":[{"embeddable":true,"href":"https:\/\/wp.ufpel.edu.br\/regulacaodecursos\/wp-json\/wp\/v2\/users\/799"}],"replies":[{"embeddable":true,"href":"https:\/\/wp.ufpel.edu.br\/regulacaodecursos\/wp-json\/wp\/v2\/comments?post=1534"}],"version-history":[{"count":0,"href":"https:\/\/wp.ufpel.edu.br\/regulacaodecursos\/wp-json\/wp\/v2\/pages\/1534\/revisions"}],"wp:attachment":[{"href":"https:\/\/wp.ufpel.edu.br\/regulacaodecursos\/wp-json\/wp\/v2\/media?parent=1534"}],"curies":[{"name":"wp","href":"https:\/\/api.w.org\/{rel}","templated":true}]}}