{"id":1489,"date":"2021-01-26T15:59:35","date_gmt":"2021-01-26T18:59:35","guid":{"rendered":"https:\/\/wp.ufpel.edu.br\/cpi\/?page_id=1489"},"modified":"2023-11-16T17:01:48","modified_gmt":"2023-11-16T20:01:48","slug":"avaliacao-externa-de-cursos-de-graduacao-2","status":"publish","type":"page","link":"https:\/\/wp.ufpel.edu.br\/regulacaodecursos\/avaliacao-externa-de-cursos-de-graduacao-2\/","title":{"rendered":"Avalia\u00e7\u00e3o externa de Cursos de Gradua\u00e7\u00e3o"},"content":{"rendered":"<p>Os processos de avalia\u00e7\u00e3o externa dos Cursos de Gradua\u00e7\u00e3o, tem por objetivo identificar as condi\u00e7\u00f5es de ensino oferecidas aos estudantes, em especial as relativas \u00e0 organiza\u00e7\u00e3o did\u00e1tico-pedag\u00f3gica, ao perfil do corpo docente e\u00a0 a infraestrutua..<\/p>\n<p>As comiss\u00f5es designadas pelo INEP observam e analisam in loco as informa\u00e7\u00f5es inseridas nas fases documentais dos processos de autoriza\u00e7\u00e3o, reconhecimento e renova\u00e7\u00e3o de reconhecimento de cursos, tanto presenciais, quanto a dist\u00e2ncia, e emitem um conceito de 1 a 5 para cada uma das tr\u00eas dimens\u00f5es.<\/p>\n<ul>\n<li style=\"font-weight: 400;\" aria-level=\"1\"><span style=\"font-weight: 400;\">Resultados s\u00e3o utilizados para os processos regulat\u00f3rios de autoriza\u00e7\u00e3o, reconhecimento e renova\u00e7\u00e3o de reconhecimento de cursos de gradua\u00e7\u00e3o:\u00a0<\/span>\n<ul>\n<li style=\"font-weight: 400;\" aria-level=\"2\"><span style=\"font-weight: 400;\">Para <\/span><b>autoriza\u00e7\u00e3o<\/b><span style=\"font-weight: 400;\">: Essa avalia\u00e7\u00e3o \u00e9 feita quando uma institui\u00e7\u00e3o pede autoriza\u00e7\u00e3o ao MEC para abrir um curso;<\/span><\/li>\n<li style=\"font-weight: 400;\" aria-level=\"2\"><span style=\"font-weight: 400;\">Para <\/span><b>reconhecimento<\/b><b>:<\/b><span style=\"font-weight: 400;\"> Quando a primeira turma do curso novo entra na segunda metade do curso, a institui\u00e7\u00e3o deve solicitar seu reconhecimento \u2013 <\/span><b>Entre 50 e 75% da CH m\u00ednima;<\/b><\/li>\n<li style=\"font-weight: 400;\" aria-level=\"2\"><span style=\"font-weight: 400;\">Para <\/span><b>renova\u00e7\u00e3o de reconhecimento<\/b><span style=\"font-weight: 400;\">: Essa avalia\u00e7\u00e3o \u00e9 feita de acordo com o Ciclo avaliativo do Sinaes, ou seja, a cada tr\u00eas anos.<\/span><\/li>\n<\/ul>\n<\/li>\n<\/ul>\n","protected":false},"excerpt":{"rendered":"<p>Os processos de avalia\u00e7\u00e3o externa dos Cursos de Gradua\u00e7\u00e3o, tem por objetivo identificar as condi\u00e7\u00f5es de ensino oferecidas aos estudantes, em especial as relativas \u00e0 organiza\u00e7\u00e3o did\u00e1tico-pedag\u00f3gica, ao perfil do corpo docente e\u00a0 a infraestrutua.. As comiss\u00f5es designadas pelo INEP observam e analisam in loco as informa\u00e7\u00f5es inseridas nas fases documentais dos processos de autoriza\u00e7\u00e3o, [&hellip;]<\/p>\n","protected":false},"author":799,"featured_media":0,"parent":0,"menu_order":0,"comment_status":"closed","ping_status":"closed","template":"","meta":{"footnotes":""},"class_list":["post-1489","page","type-page","status-publish","hentry"],"_links":{"self":[{"href":"https:\/\/wp.ufpel.edu.br\/regulacaodecursos\/wp-json\/wp\/v2\/pages\/1489","targetHints":{"allow":["GET"]}}],"collection":[{"href":"https:\/\/wp.ufpel.edu.br\/regulacaodecursos\/wp-json\/wp\/v2\/pages"}],"about":[{"href":"https:\/\/wp.ufpel.edu.br\/regulacaodecursos\/wp-json\/wp\/v2\/types\/page"}],"author":[{"embeddable":true,"href":"https:\/\/wp.ufpel.edu.br\/regulacaodecursos\/wp-json\/wp\/v2\/users\/799"}],"replies":[{"embeddable":true,"href":"https:\/\/wp.ufpel.edu.br\/regulacaodecursos\/wp-json\/wp\/v2\/comments?post=1489"}],"version-history":[{"count":2,"href":"https:\/\/wp.ufpel.edu.br\/regulacaodecursos\/wp-json\/wp\/v2\/pages\/1489\/revisions"}],"predecessor-version":[{"id":1918,"href":"https:\/\/wp.ufpel.edu.br\/regulacaodecursos\/wp-json\/wp\/v2\/pages\/1489\/revisions\/1918"}],"wp:attachment":[{"href":"https:\/\/wp.ufpel.edu.br\/regulacaodecursos\/wp-json\/wp\/v2\/media?parent=1489"}],"curies":[{"name":"wp","href":"https:\/\/api.w.org\/{rel}","templated":true}]}}