{"id":1480,"date":"2021-01-26T15:42:41","date_gmt":"2021-01-26T18:42:41","guid":{"rendered":"https:\/\/wp.ufpel.edu.br\/cpi\/?page_id=1480"},"modified":"2023-11-16T10:09:14","modified_gmt":"2023-11-16T13:09:14","slug":"resultados-dos-processos-avaliativos-externos-inepmec","status":"publish","type":"page","link":"https:\/\/wp.ufpel.edu.br\/regulacaodecursos\/resultados-dos-processos-avaliativos-externos-inepmec\/","title":{"rendered":"Resultados dos processos avaliativos externos &#8211; INEP\\MEC"},"content":{"rendered":"<p><a href=\"https:\/\/wp.ufpel.edu.br\/regulacaodecursos\/files\/2023\/06\/O-SINAES-e-a-UFPel-Dados-sobre-Avaliacao-de-Cursos.pdf\">O SINAES e a UFPel &#8211; Dados sobre Avalia\u00e7\u00e3o de Cursos<\/a><\/p>\n<p><a href=\"https:\/\/wp.ufpel.edu.br\/regulacaodecursos\/files\/2023\/06\/Conceitos-de-Avaliacoes-in-loco-Cursos-de-Graduacao-Presenciais-2011-a-2019.pdf\">Conceitos-de-Avalia\u00e7\u00f5es-in-loco-Cursos-de-Gradua\u00e7\u00e3o-Presenciais (2011 a 2019)<\/a><\/p>\n<p><a href=\"https:\/\/wp.ufpel.edu.br\/regulacaodecursos\/files\/2023\/06\/Conceitos-de-Avaliacoes-in-loco-Cursos-de-Graduacao-EaD.pdf\">Conceitos-de-Avalia\u00e7\u00f5es-in-loco-Cursos-de-Gradua\u00e7\u00e3o-EaD<\/a><\/p>\n<p><a href=\"https:\/\/wp.ufpel.edu.br\/regulacaodecursos\/files\/2023\/11\/Relatorio-de-Avaliacao-virtual-in-loco-Cursos-Presenciais-e-EAD.xlsx-Aval.-cursos-instrumento2017.pdf\">Conceitos de avalia\u00e7\u00f5es virtual in loco &#8211; Cursos Presenciais e EAD (2023)\u00a0<\/a><\/p>\n<p>&nbsp;<\/p>\n","protected":false},"excerpt":{"rendered":"<p>O SINAES e a UFPel &#8211; Dados sobre Avalia\u00e7\u00e3o de Cursos Conceitos-de-Avalia\u00e7\u00f5es-in-loco-Cursos-de-Gradua\u00e7\u00e3o-Presenciais (2011 a 2019) Conceitos-de-Avalia\u00e7\u00f5es-in-loco-Cursos-de-Gradua\u00e7\u00e3o-EaD Conceitos de avalia\u00e7\u00f5es virtual in loco &#8211; Cursos Presenciais e EAD (2023)\u00a0 &nbsp;<\/p>\n","protected":false},"author":799,"featured_media":0,"parent":0,"menu_order":0,"comment_status":"closed","ping_status":"closed","template":"","meta":{"footnotes":""},"class_list":["post-1480","page","type-page","status-publish","hentry"],"_links":{"self":[{"href":"https:\/\/wp.ufpel.edu.br\/regulacaodecursos\/wp-json\/wp\/v2\/pages\/1480","targetHints":{"allow":["GET"]}}],"collection":[{"href":"https:\/\/wp.ufpel.edu.br\/regulacaodecursos\/wp-json\/wp\/v2\/pages"}],"about":[{"href":"https:\/\/wp.ufpel.edu.br\/regulacaodecursos\/wp-json\/wp\/v2\/types\/page"}],"author":[{"embeddable":true,"href":"https:\/\/wp.ufpel.edu.br\/regulacaodecursos\/wp-json\/wp\/v2\/users\/799"}],"replies":[{"embeddable":true,"href":"https:\/\/wp.ufpel.edu.br\/regulacaodecursos\/wp-json\/wp\/v2\/comments?post=1480"}],"version-history":[{"count":7,"href":"https:\/\/wp.ufpel.edu.br\/regulacaodecursos\/wp-json\/wp\/v2\/pages\/1480\/revisions"}],"predecessor-version":[{"id":1907,"href":"https:\/\/wp.ufpel.edu.br\/regulacaodecursos\/wp-json\/wp\/v2\/pages\/1480\/revisions\/1907"}],"wp:attachment":[{"href":"https:\/\/wp.ufpel.edu.br\/regulacaodecursos\/wp-json\/wp\/v2\/media?parent=1480"}],"curies":[{"name":"wp","href":"https:\/\/api.w.org\/{rel}","templated":true}]}}