{"id":1421,"date":"2020-10-21T15:57:47","date_gmt":"2020-10-21T18:57:47","guid":{"rendered":"https:\/\/wp.ufpel.edu.br\/cpi\/?page_id=1421"},"modified":"2024-04-03T09:42:53","modified_gmt":"2024-04-03T12:42:53","slug":"detalhamento-dos-conceitos-enade-e-preliminar-de-curso-2011-2021","status":"publish","type":"page","link":"https:\/\/wp.ufpel.edu.br\/regulacaodecursos\/nrc\/enade\/detalhamento-dos-conceitos-enade-e-preliminar-de-curso-2011-2021\/","title":{"rendered":"Detalhamento dos conceitos Enade e Preliminar de Curso 2011 &#8211; 2022"},"content":{"rendered":"<p>Para maiores detalhes sobre a composi\u00e7\u00e3o dos Conceitos Enade e Preliminar de Cursos (CPC), a planilha abaixo traz os dados dos diversos indicadores que comp\u00f5e o c\u00e1lculo de ambos os conceitos, no per\u00edodo de 2011 a 2022, separados por ano e curso avaliado.<\/p>\n<p><a href=\"https:\/\/wp.ufpel.edu.br\/regulacaodecursos\/files\/2024\/04\/Relatorio-Analise-CPC-e-insumos-2.xlsx\">Relat\u00f3rio de analise-conceito ENADE, CPC e seus insumos<\/a><\/p>\n<p>Para informa\u00e7\u00f5es complementares, os relat\u00f3rios oficiais do INEP podem ser encontrados no link <a href=\"https:\/\/www.gov.br\/inep\/pt-br\/areas-de-atuacao\/avaliacao-e-exames-educacionais\/enade\/resultados\">https:\/\/www.gov.br\/inep\/pt-br\/areas-de-atuacao\/avaliacao-e-exames-educacionais\/enade\/resultados<\/a><\/p>\n<p>&nbsp;<\/p>\n<ul>\n<li>\n<h6>N\u00e3o houve edi\u00e7\u00e3o do Enade no ano de 2020.<\/h6>\n<\/li>\n<\/ul>\n","protected":false},"excerpt":{"rendered":"<p>Para maiores detalhes sobre a composi\u00e7\u00e3o dos Conceitos Enade e Preliminar de Cursos (CPC), a planilha abaixo traz os dados dos diversos indicadores que comp\u00f5e o c\u00e1lculo de ambos os conceitos, no per\u00edodo de 2011 a 2022, separados por ano e curso avaliado. Relat\u00f3rio de analise-conceito ENADE, CPC e seus insumos Para informa\u00e7\u00f5es complementares, os [&hellip;]<\/p>\n","protected":false},"author":799,"featured_media":0,"parent":362,"menu_order":0,"comment_status":"closed","ping_status":"closed","template":"","meta":{"footnotes":""},"class_list":["post-1421","page","type-page","status-publish","hentry"],"_links":{"self":[{"href":"https:\/\/wp.ufpel.edu.br\/regulacaodecursos\/wp-json\/wp\/v2\/pages\/1421","targetHints":{"allow":["GET"]}}],"collection":[{"href":"https:\/\/wp.ufpel.edu.br\/regulacaodecursos\/wp-json\/wp\/v2\/pages"}],"about":[{"href":"https:\/\/wp.ufpel.edu.br\/regulacaodecursos\/wp-json\/wp\/v2\/types\/page"}],"author":[{"embeddable":true,"href":"https:\/\/wp.ufpel.edu.br\/regulacaodecursos\/wp-json\/wp\/v2\/users\/799"}],"replies":[{"embeddable":true,"href":"https:\/\/wp.ufpel.edu.br\/regulacaodecursos\/wp-json\/wp\/v2\/comments?post=1421"}],"version-history":[{"count":2,"href":"https:\/\/wp.ufpel.edu.br\/regulacaodecursos\/wp-json\/wp\/v2\/pages\/1421\/revisions"}],"predecessor-version":[{"id":1953,"href":"https:\/\/wp.ufpel.edu.br\/regulacaodecursos\/wp-json\/wp\/v2\/pages\/1421\/revisions\/1953"}],"up":[{"embeddable":true,"href":"https:\/\/wp.ufpel.edu.br\/regulacaodecursos\/wp-json\/wp\/v2\/pages\/362"}],"wp:attachment":[{"href":"https:\/\/wp.ufpel.edu.br\/regulacaodecursos\/wp-json\/wp\/v2\/media?parent=1421"}],"curies":[{"name":"wp","href":"https:\/\/api.w.org\/{rel}","templated":true}]}}