{"id":1306,"date":"2020-09-14T12:52:59","date_gmt":"2020-09-14T15:52:59","guid":{"rendered":"https:\/\/wp.ufpel.edu.br\/cpi\/?page_id=1306"},"modified":"2023-09-15T12:30:58","modified_gmt":"2023-09-15T15:30:58","slug":"analise-das-avaliacoes-in-loco-2012-a-2019","status":"publish","type":"page","link":"https:\/\/wp.ufpel.edu.br\/regulacaodecursos\/analise-das-avaliacoes-in-loco-2012-a-2019\/","title":{"rendered":"An\u00e1lise das Avalia\u00e7\u00f5es in loco &#8211; 2012 a 2019"},"content":{"rendered":"<p>A partir da an\u00e1lise dos relat\u00f3rios das avalia\u00e7\u00f5es in loco recebidas no per\u00edodo de 2012 a 2019, podemos chegar nos dados da tabela abaixo:<\/p>\n<table style=\"height: 490px;\" width=\"735\">\n<tbody>\n<tr style=\"height: 120px;\">\n<td style=\"text-align: center; height: 120px;\" colspan=\"2\" width=\"152\"><\/td>\n<td style=\"text-align: center; height: 120px;\" colspan=\"3\" width=\"284\"><strong>M\u00e9dia Conceitos nas Dimens\u00f5es Avaliadas<\/strong><\/td>\n<td style=\"text-align: center; height: 216px;\" rowspan=\"2\" width=\"107\"><strong>M\u00e9dia Conceito de Curso<\/strong><\/td>\n<td style=\"text-align: center; height: 120px;\" colspan=\"3\" width=\"192\"><strong>N\u00famero de Avalia\u00e7\u00f5es por classe de Conceito de Curso<\/strong><\/td>\n<\/tr>\n<tr style=\"height: 96px;\">\n<td style=\"text-align: center; height: 96px;\"><strong>Ano<\/strong><\/td>\n<td style=\"text-align: center; height: 96px;\" width=\"88\"><strong>N\u00famero de Avalia\u00e7\u00f5es Recebidas<\/strong><\/td>\n<td style=\"text-align: center; height: 96px;\" width=\"83\"><strong>Dimens\u00e3o 1 &#8211; Did\u00e1tico Pedag\u00f3gica<\/strong><\/td>\n<td style=\"text-align: center; height: 96px;\" width=\"94\"><strong>Dimens\u00e3o 2 &#8211; Corpo Docente e Tutorial<\/strong><\/td>\n<td style=\"text-align: center; height: 96px;\" width=\"107\"><strong>Dimens\u00e3o 3 &#8211; Infraestrutura<\/strong><\/td>\n<td style=\"text-align: center; height: 96px;\" width=\"64\"><strong>3<\/strong><\/td>\n<td style=\"text-align: center; height: 96px;\" width=\"64\"><strong>4<\/strong><\/td>\n<td style=\"text-align: center; height: 96px;\" width=\"64\"><strong>5<\/strong><\/td>\n<\/tr>\n<tr style=\"height: 24px;\">\n<td style=\"text-align: center; height: 24px;\"><strong>2012<\/strong><\/td>\n<td style=\"text-align: center; height: 24px;\">22<\/td>\n<td style=\"text-align: center; height: 24px;\">3,631818182<\/td>\n<td style=\"text-align: center; height: 24px;\">4,109090909<\/td>\n<td style=\"text-align: center; height: 24px;\">2,963636364<\/td>\n<td style=\"text-align: center; height: 24px;\">3,566363636<\/td>\n<td style=\"text-align: center; height: 24px;\">7<\/td>\n<td style=\"text-align: center; height: 24px;\">15<\/td>\n<td style=\"text-align: center; height: 24px;\">0<\/td>\n<\/tr>\n<tr style=\"height: 24px;\">\n<td style=\"text-align: center; height: 24px;\"><strong>2013<\/strong><\/td>\n<td style=\"text-align: center; height: 24px;\">18<\/td>\n<td style=\"text-align: center; height: 24px;\">3,705555556<\/td>\n<td style=\"text-align: center; height: 24px;\">4,322222222<\/td>\n<td style=\"text-align: center; height: 24px;\">3,027777778<\/td>\n<td style=\"text-align: center; height: 24px;\">3,687222222<\/td>\n<td style=\"text-align: center; height: 24px;\">6<\/td>\n<td style=\"text-align: center; height: 24px;\">9<\/td>\n<td style=\"text-align: center; height: 24px;\">3<\/td>\n<\/tr>\n<tr style=\"height: 24px;\">\n<td style=\"text-align: center; height: 24px;\"><strong>2014<\/strong><\/td>\n<td style=\"text-align: center; height: 24px;\">19<\/td>\n<td style=\"text-align: center; height: 24px;\">3,757894737<\/td>\n<td style=\"text-align: center; height: 24px;\">4,410526316<\/td>\n<td style=\"text-align: center; height: 24px;\">2,952631579<\/td>\n<td style=\"text-align: center; height: 24px;\">3,712105263<\/td>\n<td style=\"text-align: center; height: 24px;\">7<\/td>\n<td style=\"text-align: center; height: 24px;\">12<\/td>\n<td style=\"text-align: center; height: 24px;\">0<\/td>\n<\/tr>\n<tr style=\"height: 24px;\">\n<td style=\"text-align: center; height: 24px;\"><strong>2015<\/strong><\/td>\n<td style=\"text-align: center; height: 24px;\">7<\/td>\n<td style=\"text-align: center; height: 24px;\">3,8<\/td>\n<td style=\"text-align: center; height: 24px;\">4,442857143<\/td>\n<td style=\"text-align: center; height: 24px;\">3,171428571<\/td>\n<td style=\"text-align: center; height: 24px;\">3,804285714<\/td>\n<td style=\"text-align: center; height: 24px;\">1<\/td>\n<td style=\"text-align: center; height: 24px;\">6<\/td>\n<td style=\"text-align: center; height: 24px;\">0<\/td>\n<\/tr>\n<tr style=\"height: 24px;\">\n<td style=\"text-align: center; height: 24px;\"><strong>2016<\/strong><\/td>\n<td style=\"text-align: center; height: 24px;\">5<\/td>\n<td style=\"text-align: center; height: 24px;\">3,64<\/td>\n<td style=\"text-align: center; height: 24px;\">4,38<\/td>\n<td style=\"text-align: center; height: 24px;\">2,96<\/td>\n<td style=\"text-align: center; height: 24px;\">3,658<\/td>\n<td style=\"text-align: center; height: 24px;\">1<\/td>\n<td style=\"text-align: center; height: 24px;\">4<\/td>\n<td style=\"text-align: center; height: 24px;\">0<\/td>\n<\/tr>\n<tr style=\"height: 24px;\">\n<td style=\"text-align: center; height: 24px;\"><strong>2017<\/strong><\/td>\n<td style=\"text-align: center; height: 24px;\">11<\/td>\n<td style=\"text-align: center; height: 24px;\">4,090909091<\/td>\n<td style=\"text-align: center; height: 24px;\">4,5<\/td>\n<td style=\"text-align: center; height: 24px;\">3,654545455<\/td>\n<td style=\"text-align: center; height: 24px;\">4,082727273<\/td>\n<td style=\"text-align: center; height: 24px;\">0<\/td>\n<td style=\"text-align: center; height: 24px;\">10<\/td>\n<td style=\"text-align: center; height: 24px;\">1<\/td>\n<\/tr>\n<tr style=\"height: 24px;\">\n<td style=\"text-align: center; height: 24px;\"><strong>2018<\/strong><\/td>\n<td style=\"text-align: center; height: 24px;\">14<\/td>\n<td style=\"text-align: center; height: 24px;\">4,315<\/td>\n<td style=\"text-align: center; height: 24px;\">4,502857143<\/td>\n<td style=\"text-align: center; height: 24px;\">3,847857143<\/td>\n<td style=\"text-align: center; height: 24px;\">4,229571429<\/td>\n<td style=\"text-align: center; height: 24px;\">1<\/td>\n<td style=\"text-align: center; height: 24px;\">10<\/td>\n<td style=\"text-align: center; height: 24px;\">3<\/td>\n<\/tr>\n<tr style=\"height: 24px;\">\n<td style=\"text-align: center; height: 24px;\"><strong>2019<\/strong><\/td>\n<td style=\"text-align: center; height: 24px;\">6<\/td>\n<td style=\"text-align: center; height: 24px;\">4,211666667<\/td>\n<td style=\"text-align: center; height: 24px;\">4,603333333<\/td>\n<td style=\"text-align: center; height: 24px;\">3,541666667<\/td>\n<td style=\"text-align: center; height: 24px;\">4,149833333<\/td>\n<td style=\"text-align: center; height: 24px;\">0<\/td>\n<td style=\"text-align: center; height: 24px;\">5<\/td>\n<td style=\"text-align: center; height: 24px;\">1<\/td>\n<\/tr>\n<tr style=\"height: 24px;\">\n<td style=\"text-align: center; height: 24px;\"><strong>2020<\/strong><\/td>\n<td style=\"text-align: center; height: 24px;\">&#8211;<\/td>\n<td style=\"text-align: center; height: 24px;\">&#8211;<\/td>\n<td style=\"text-align: center; height: 24px;\">&#8211;<\/td>\n<td style=\"text-align: center; height: 24px;\">&#8211;<\/td>\n<td style=\"text-align: center; height: 24px;\">&#8211;<\/td>\n<td style=\"text-align: center; height: 24px;\">&#8211;<\/td>\n<td style=\"text-align: center; height: 24px;\">&#8211;<\/td>\n<td style=\"text-align: center; height: 24px;\">&#8211;<\/td>\n<\/tr>\n<tr style=\"height: 10px;\">\n<td style=\"text-align: justify; height: 10px;\" colspan=\"9\" width=\"735\"><strong>Observa\u00e7\u00e3o:<\/strong> N\u00e3o houve avalia\u00e7\u00e3o in loco antes de mar\u00e7o de 2020, e as visitas agendadas para o per\u00edodo ap\u00f3s a suspens\u00e3o do calend\u00e1rio acad\u00eamico de 2020\/1 (16\/mar\u00e7o\/2020) foram canceladas pelo INEP.<\/td>\n<\/tr>\n<\/tbody>\n<\/table>\n<p>&nbsp;<\/p>\n<p>Os gr\u00e1ficos com a evolu\u00e7\u00e3o dos conceitos por dimens\u00e3o avaliada podem ser verificados <a href=\"https:\/\/wp.ufpel.edu.br\/regulacaodecursos\/analise-das-avaliacoes-in-loco-2012-a-2019\/graficos-da-evolucao-das-avaliacoes-in-loco-por-dimensao\/\">aqui.<\/a><\/p>\n<p>&nbsp;<\/p>\n","protected":false},"excerpt":{"rendered":"<p>A partir da an\u00e1lise dos relat\u00f3rios das avalia\u00e7\u00f5es in loco recebidas no per\u00edodo de 2012 a 2019, podemos chegar nos dados da tabela abaixo: M\u00e9dia Conceitos nas Dimens\u00f5es Avaliadas M\u00e9dia Conceito de Curso N\u00famero de Avalia\u00e7\u00f5es por classe de Conceito de Curso Ano N\u00famero de Avalia\u00e7\u00f5es Recebidas Dimens\u00e3o 1 &#8211; Did\u00e1tico Pedag\u00f3gica Dimens\u00e3o 2 &#8211; [&hellip;]<\/p>\n","protected":false},"author":799,"featured_media":0,"parent":0,"menu_order":0,"comment_status":"closed","ping_status":"closed","template":"","meta":{"footnotes":""},"class_list":["post-1306","page","type-page","status-publish","hentry"],"_links":{"self":[{"href":"https:\/\/wp.ufpel.edu.br\/regulacaodecursos\/wp-json\/wp\/v2\/pages\/1306","targetHints":{"allow":["GET"]}}],"collection":[{"href":"https:\/\/wp.ufpel.edu.br\/regulacaodecursos\/wp-json\/wp\/v2\/pages"}],"about":[{"href":"https:\/\/wp.ufpel.edu.br\/regulacaodecursos\/wp-json\/wp\/v2\/types\/page"}],"author":[{"embeddable":true,"href":"https:\/\/wp.ufpel.edu.br\/regulacaodecursos\/wp-json\/wp\/v2\/users\/799"}],"replies":[{"embeddable":true,"href":"https:\/\/wp.ufpel.edu.br\/regulacaodecursos\/wp-json\/wp\/v2\/comments?post=1306"}],"version-history":[{"count":2,"href":"https:\/\/wp.ufpel.edu.br\/regulacaodecursos\/wp-json\/wp\/v2\/pages\/1306\/revisions"}],"predecessor-version":[{"id":1797,"href":"https:\/\/wp.ufpel.edu.br\/regulacaodecursos\/wp-json\/wp\/v2\/pages\/1306\/revisions\/1797"}],"wp:attachment":[{"href":"https:\/\/wp.ufpel.edu.br\/regulacaodecursos\/wp-json\/wp\/v2\/media?parent=1306"}],"curies":[{"name":"wp","href":"https:\/\/api.w.org\/{rel}","templated":true}]}}