{"id":1295,"date":"2020-09-11T18:22:52","date_gmt":"2020-09-11T21:22:52","guid":{"rendered":"https:\/\/wp.ufpel.edu.br\/cpi\/?page_id=1295"},"modified":"2025-05-29T11:16:46","modified_gmt":"2025-05-29T14:16:46","slug":"principais-normativas-sobre-regulacao-e-avaliacao-de-cursos","status":"publish","type":"page","link":"https:\/\/wp.ufpel.edu.br\/regulacaodecursos\/principais-normativas-sobre-regulacao-e-avaliacao-de-cursos\/","title":{"rendered":"Principais normativas sobre Regula\u00e7\u00e3o e Avalia\u00e7\u00e3o de Cursos"},"content":{"rendered":"<p style=\"text-align: justify;\"><a href=\"https:\/\/wp.ufpel.edu.br\/cpi\/nrc\/regulacao\/legislacao\/principais-normativas-sobre-regulacao-e-avaliacao-de-cursos\/decreto-no-9-235-de-2017-regulacaosupervisao-e-avaliacao\/\" rel=\"attachment wp-att-1297\">Decreto n\u00ba 9.235, de 15 de dezembro de 2017<\/a>&#8211; <span class=\"fontstyle0\">Disp\u00f5e sobre o exerc\u00edcio das fun\u00e7\u00f5es de regula\u00e7\u00e3o, supervis\u00e3o e avalia\u00e7\u00e3o das institui\u00e7\u00f5es de educa\u00e7\u00e3o superior e dos cursos superiores de gradua\u00e7\u00e3o e de p\u00f3s-gradua\u00e7\u00e3o no sistema federal de ensino.<\/span><\/p>\n<p style=\"text-align: justify;\"><span class=\"fontstyle0\"><a href=\"https:\/\/wp.ufpel.edu.br\/cpi\/nrc\/regulacao\/legislacao\/principais-normativas-sobre-regulacao-e-avaliacao-de-cursos\/lei-no-10-861-de-14-de-abril-de-2004-institui-o-sinaes\/\" rel=\"attachment wp-att-1299\">Lei n\u00ba 10.861, de 14 de Abril de 2004<\/a> &#8211; Institui o Sistema Nacional de Avalia\u00e7\u00e3o da Educa\u00e7\u00e3o Superior &#8211; SINAES, e d\u00e1 outras provid\u00eancias.<\/span><\/p>\n<p><a href=\"https:\/\/wp.ufpel.edu.br\/regulacaodecursos\/principais-normativas-sobre-regulacao-e-avaliacao-de-cursos\/republicada-port-normativa-020-2017-12-21-3\/\" rel=\"attachment wp-att-2096\">Portaria Normativa n\u00ba 20, de 21 de Dezembro de 2017<\/a> &#8211; Disp\u00f5e sobre procedimentos e padr\u00f5es decis\u00f3rios dos processos de credenciamento, recredenciamento, autoriza\u00e7\u00e3o, reconhecimento e renova\u00e7\u00e3o de reconhecimento.<\/p>\n<p style=\"text-align: justify;\"><span class=\"fontstyle0\"><a href=\"https:\/\/wp.ufpel.edu.br\/cpi\/nrc\/regulacao\/legislacao\/principais-normativas-sobre-regulacao-e-avaliacao-de-cursos\/portaria-normativa-no-23-de-21-de-dezembro-2017-imprensa-nacional\/\" rel=\"attachment wp-att-1300\">Portaria Normativa n\u00ba 23, de 21 de Dezembro de 2017<\/a> &#8211; Disp\u00f5e sobre os fluxos dos processos de credenciamento e recredenciamento de institui\u00e7\u00f5es de educa\u00e7\u00e3o superior e de autoriza\u00e7\u00e3o, reconhecimento e renova\u00e7\u00e3o de reconhecimento de cursos superiores, bem como seus aditamentos. (Reda\u00e7\u00e3o dada pela Portaria Normativa n\u00ba 742, de 3 de agosto de 2018)\u00a0<\/span><\/p>\n<p style=\"text-align: justify;\"><a href=\"https:\/\/wp.ufpel.edu.br\/cpi\/files\/2020\/11\/PORTARIA-NORMATIVA-No-742-DE-2-DE-AGOSTO-DE-2018-Imprensa-Nacional.pdf\">Portaria Normativa n\u00ba 742, de 2 de Agosto de 2018<\/a> &#8211;\u00a0 Altera a Portaria Normativa n\u00ba 23, de 21 de dezembro de 2017, que disp\u00f5e sobre os fluxos dos processos de credenciamento e recredenciamento de institui\u00e7\u00f5es de educa\u00e7\u00e3o superior e de autoriza\u00e7\u00e3o, reconhecimento e renova\u00e7\u00e3o de reconhecimento de cursos superiores, bem como seus aditamentos.<\/p>\n<p style=\"text-align: justify;\"><span class=\"fontstyle0\"><a href=\"https:\/\/wp.ufpel.edu.br\/cpi\/nrc\/regulacao\/legislacao\/principais-normativas-sobre-regulacao-e-avaliacao-de-cursos\/port-840-2018-retificada\/\" rel=\"attachment wp-att-1301\">Portaria Normativa n\u00ba 840, de 24 de Agosto de 2018<\/a> (Republicada em 31 de Agosto de 2018) &#8211; <\/span> <span class=\"fontstyle0\">Disp\u00f5e sobre os procedimentos de compet\u00eancia do Instituto Nacional de Estudos e Pesquisas Educacionais An\u00edsio Teixeira &#8211; INEP referentes \u00e0 avalia\u00e7\u00e3o de institui\u00e7\u00f5es de educa\u00e7\u00e3o superior, de cursos de gradua\u00e7\u00e3o e de desempenho acad\u00eamico<br \/>\nde estudantes.<\/span><\/p>\n<p><span style=\"font-weight: 400;\"><a href=\"https:\/\/wp.ufpel.edu.br\/regulacaodecursos\/files\/2023\/09\/PORTARIA-No-265-DE-27-DE-JUNHO-DE-2022-.pdf\">PORTARIA N\u00ba 265, DE 27 DE JUNHO DE 2022 &#8211;<\/a> Regulamenta a Avalia\u00e7\u00e3o Externa Virtual in Loco no \u00e2mbito das visitas por comiss\u00f5es de especialistas para avalia\u00e7\u00e3o externa de Institui\u00e7\u00f5es de Educa\u00e7\u00e3o Superior e cursos de gradua\u00e7\u00e3o, no bojo do Sistema Nacional de Avalia\u00e7\u00e3o da Educa\u00e7\u00e3o Superior (Sinaes), e da avalia\u00e7\u00e3o das Escolas de Governo.<\/span><\/p>\n<p><a href=\"https:\/\/wp.ufpel.edu.br\/regulacaodecursos\/principais-normativas-sobre-regulacao-e-avaliacao-de-cursos\/portaria-mec-378_2025\/\" rel=\"attachment wp-att-2098\">Portaria Normativa n\u00ba 378<\/a>, de 19 de Maio de 2025 &#8211; Disp\u00f5e sobre os formatos de oferta dos cursos superiores de gradua\u00e7\u00e3o.<\/p>\n<p><a href=\"https:\/\/wp.ufpel.edu.br\/regulacaodecursos\/principais-normativas-sobre-regulacao-e-avaliacao-de-cursos\/decreto-12456_2025\/\" rel=\"attachment wp-att-2099\">Decreto n\u00ba 12.456, de 19 de Maio de 2025<\/a> &#8211; Disp\u00f5e sobre a oferta de educa\u00e7\u00e3o \u00e0 dist\u00e2ncia por institui\u00e7\u00f5es de educa\u00e7\u00e3o superior em cursos de gradua\u00e7\u00e3o.<\/p>\n<p><a href=\"https:\/\/wp.ufpel.edu.br\/regulacaodecursos\/principais-normativas-sobre-regulacao-e-avaliacao-de-cursos\/portariamecn381\/\" rel=\"attachment wp-att-2100\">Portaria MEC n\u00ba 381, de 20 de Maio de 2025<\/a> &#8211; Disp\u00f5e sobre as regras de transi\u00e7\u00e3o para aplica\u00e7\u00e3o do Decreto n\u00ba 12.456\/2025 e estabelece o calend\u00e1rio de processos regulat\u00f3rios no Sistema e-MEC para o ano de 2025.<\/p>\n<p><a href=\"https:\/\/wp.ufpel.edu.br\/regulacaodecursos\/principais-normativas-sobre-regulacao-e-avaliacao-de-cursos\/portaria-mec-no-393-de-26-de-maio-de-2025-altera-840_2018\/\" rel=\"attachment wp-att-2107\">Portaria MEC n\u00ba 393, de 26 de Maio de 2025<\/a> &#8211; Altera a Portaria Normativa MEC n\u00ba 840\/2018, que disp\u00f5es sobre os procedimentos de compet\u00eancia do INEP referentes \u00e0 avalia\u00e7\u00e3o de institui\u00e7\u00f5es de educa\u00e7\u00e3o superior, de cursos de gradua\u00e7\u00e3o e de desempenho acad\u00eamico de estudantes.<\/p>\n","protected":false},"excerpt":{"rendered":"<p>Decreto n\u00ba 9.235, de 15 de dezembro de 2017&#8211; Disp\u00f5e sobre o exerc\u00edcio das fun\u00e7\u00f5es de regula\u00e7\u00e3o, supervis\u00e3o e avalia\u00e7\u00e3o das institui\u00e7\u00f5es de educa\u00e7\u00e3o superior e dos cursos superiores de gradua\u00e7\u00e3o e de p\u00f3s-gradua\u00e7\u00e3o no sistema federal de ensino. Lei n\u00ba 10.861, de 14 de Abril de 2004 &#8211; Institui o Sistema Nacional de Avalia\u00e7\u00e3o [&hellip;]<\/p>\n","protected":false},"author":799,"featured_media":0,"parent":0,"menu_order":0,"comment_status":"closed","ping_status":"closed","template":"","meta":{"footnotes":""},"class_list":["post-1295","page","type-page","status-publish","hentry"],"_links":{"self":[{"href":"https:\/\/wp.ufpel.edu.br\/regulacaodecursos\/wp-json\/wp\/v2\/pages\/1295","targetHints":{"allow":["GET"]}}],"collection":[{"href":"https:\/\/wp.ufpel.edu.br\/regulacaodecursos\/wp-json\/wp\/v2\/pages"}],"about":[{"href":"https:\/\/wp.ufpel.edu.br\/regulacaodecursos\/wp-json\/wp\/v2\/types\/page"}],"author":[{"embeddable":true,"href":"https:\/\/wp.ufpel.edu.br\/regulacaodecursos\/wp-json\/wp\/v2\/users\/799"}],"replies":[{"embeddable":true,"href":"https:\/\/wp.ufpel.edu.br\/regulacaodecursos\/wp-json\/wp\/v2\/comments?post=1295"}],"version-history":[{"count":5,"href":"https:\/\/wp.ufpel.edu.br\/regulacaodecursos\/wp-json\/wp\/v2\/pages\/1295\/revisions"}],"predecessor-version":[{"id":2108,"href":"https:\/\/wp.ufpel.edu.br\/regulacaodecursos\/wp-json\/wp\/v2\/pages\/1295\/revisions\/2108"}],"wp:attachment":[{"href":"https:\/\/wp.ufpel.edu.br\/regulacaodecursos\/wp-json\/wp\/v2\/media?parent=1295"}],"curies":[{"name":"wp","href":"https:\/\/api.w.org\/{rel}","templated":true}]}}