{"id":1255,"date":"2020-09-10T18:01:10","date_gmt":"2020-09-10T21:01:10","guid":{"rendered":"https:\/\/wp.ufpel.edu.br\/cpi\/?page_id=1255"},"modified":"2023-09-15T14:29:46","modified_gmt":"2023-09-15T17:29:46","slug":"classificacao-de-cursos-de-graduacao-da-cine-brasil","status":"publish","type":"page","link":"https:\/\/wp.ufpel.edu.br\/regulacaodecursos\/classificacao-de-cursos-de-graduacao-da-cine-brasil\/","title":{"rendered":"Classifica\u00e7\u00e3o de Cursos de Gradua\u00e7\u00e3o da CINE &#8211; Brasil"},"content":{"rendered":"<p style=\"text-align: justify;\">O INEP, continuando o trabalho iniciado em setembro de 2018, retoma, a partir de hoje, as a\u00e7\u00f5es para\u00a0 Classifica\u00e7\u00e3o dos Cursos de Gradua\u00e7\u00e3o e Sequenciais. O prazo para essa nova etapa da classifica\u00e7\u00e3o vai at\u00e9 12 de junho de 2020.<\/p>\n<p style=\"text-align: justify;\">Em 2018, foi lan\u00e7ado um Manual, que apresenta a estrutura organizacional da Classifica\u00e7\u00e3o Internacional Normalizada da Educa\u00e7\u00e3o, adaptada no mesmo ano, para os cursos de gradua\u00e7\u00e3o e sequenciais do Brasil (Cine Brasil 2018), assim como tamb\u00e9m os procedimentos de classifica\u00e7\u00e3o dos cursos brasileiros, tendo como objetivo orientar as Institui\u00e7\u00f5es de Educa\u00e7\u00e3o Superior (IES) a realizarem a classifica\u00e7\u00e3o adequada de seus cursos.<\/p>\n<p style=\"text-align: justify;\">Conv\u00e9m esclarecer que a classifica\u00e7\u00e3o CINE Brasil \u00e9 baseada no conte\u00fado tem\u00e1tico predominante do curso, o qual \u00e9 identificado a partir do Projeto Pedag\u00f3gico de Curso \u2013 PPC, das Diretrizes Curriculares, e do Cat\u00e1logo Nacional dos Cursos Superiores de Tecnologia. Dessa forma, o r\u00f3tulo indicado n\u00e3o se confunde com a denomina\u00e7\u00e3o do curso, mas se refere ao 4\u00ba n\u00edvel de classifica\u00e7\u00e3o da Cine Brasil, que agrupa cursos com proposta formava semelhante, considerando a diferen\u00e7a do grau acad\u00eamico. Logo, pode haver cursos com denomina\u00e7\u00f5es diferentes classificados no mesmo r\u00f3tulo.<\/p>\n<p><a href=\"https:\/\/wp.ufpel.edu.br\/regulacaodecursos\/files\/2023\/09\/manual_para_classificacao_de_cursos_cine_brasil_2018.pdf\">Manual para classificacao de cursos de gradua\u00e7\u00e3o &#8211; CINE Brasil<\/a><\/p>\n<p><a href=\"https:\/\/wp.ufpel.edu.br\/regulacaodecursos\/files\/2023\/09\/portaria-mec_n1715_02102019.pdf\">Portaria Normativa n\u00ba 1.715, de 2 de outubro de 2019 &#8211; Disp\u00f5e sobre procedimentos para classifica\u00e7\u00e3o de cursos de gradua\u00e7\u00e3o<\/a><\/p>\n","protected":false},"excerpt":{"rendered":"<p>O INEP, continuando o trabalho iniciado em setembro de 2018, retoma, a partir de hoje, as a\u00e7\u00f5es para\u00a0 Classifica\u00e7\u00e3o dos Cursos de Gradua\u00e7\u00e3o e Sequenciais. O prazo para essa nova etapa da classifica\u00e7\u00e3o vai at\u00e9 12 de junho de 2020. Em 2018, foi lan\u00e7ado um Manual, que apresenta a estrutura organizacional da Classifica\u00e7\u00e3o Internacional Normalizada [&hellip;]<\/p>\n","protected":false},"author":799,"featured_media":0,"parent":0,"menu_order":0,"comment_status":"closed","ping_status":"closed","template":"","meta":{"footnotes":""},"class_list":["post-1255","page","type-page","status-publish","hentry"],"_links":{"self":[{"href":"https:\/\/wp.ufpel.edu.br\/regulacaodecursos\/wp-json\/wp\/v2\/pages\/1255","targetHints":{"allow":["GET"]}}],"collection":[{"href":"https:\/\/wp.ufpel.edu.br\/regulacaodecursos\/wp-json\/wp\/v2\/pages"}],"about":[{"href":"https:\/\/wp.ufpel.edu.br\/regulacaodecursos\/wp-json\/wp\/v2\/types\/page"}],"author":[{"embeddable":true,"href":"https:\/\/wp.ufpel.edu.br\/regulacaodecursos\/wp-json\/wp\/v2\/users\/799"}],"replies":[{"embeddable":true,"href":"https:\/\/wp.ufpel.edu.br\/regulacaodecursos\/wp-json\/wp\/v2\/comments?post=1255"}],"version-history":[{"count":7,"href":"https:\/\/wp.ufpel.edu.br\/regulacaodecursos\/wp-json\/wp\/v2\/pages\/1255\/revisions"}],"predecessor-version":[{"id":1821,"href":"https:\/\/wp.ufpel.edu.br\/regulacaodecursos\/wp-json\/wp\/v2\/pages\/1255\/revisions\/1821"}],"wp:attachment":[{"href":"https:\/\/wp.ufpel.edu.br\/regulacaodecursos\/wp-json\/wp\/v2\/media?parent=1255"}],"curies":[{"name":"wp","href":"https:\/\/api.w.org\/{rel}","templated":true}]}}