{"id":1252,"date":"2020-09-10T17:59:30","date_gmt":"2020-09-10T20:59:30","guid":{"rendered":"https:\/\/wp.ufpel.edu.br\/cpi\/?page_id=1252"},"modified":"2024-11-11T16:14:39","modified_gmt":"2024-11-11T19:14:39","slug":"instrumentos-de-avaliacao-externa-de-cursos","status":"publish","type":"page","link":"https:\/\/wp.ufpel.edu.br\/regulacaodecursos\/instrumentos-de-avaliacao-externa-de-cursos\/","title":{"rendered":"Instrumentos de Avalia\u00e7\u00e3o Externa de Cursos"},"content":{"rendered":"<p><a href=\"https:\/\/wp.ufpel.edu.br\/cpi\/nrc\/documentos-e-formularios\/instrumentos-de-avaliacao-externa-de-cursos-vigentes\/instrumento-de-avaliacao-de-cursos-2017-autorizacao-2\/\" rel=\"attachment wp-att-1265\">Instrumento de Avalia\u00e7\u00e3o Externa de Cursos &#8211; INEP &#8211; 2017 &#8211; Autoriza\u00e7\u00e3o de Cursos (Para cursos fora de sede ou para aqueles que a IES n\u00e3o possui autonomia)<\/a><\/p>\n<p><a href=\"https:\/\/wp.ufpel.edu.br\/cpi\/nrc\/documentos-e-formularios\/instrumentos-de-avaliacao-externa-de-cursos-vigentes\/instrumento-de-avaliacao-de-cursos-2017-4\/\" rel=\"attachment wp-att-1267\">Instrumento de Avalia\u00e7\u00e3o Externa de Cursos &#8211; INEP &#8211; 2017 &#8211; Reconhecimento e Renova\u00e7\u00e3o de Reconhecimento de Cursos<\/a><\/p>\n<p>&nbsp;<\/p>\n","protected":false},"excerpt":{"rendered":"<p>Instrumento de Avalia\u00e7\u00e3o Externa de Cursos &#8211; INEP &#8211; 2017 &#8211; Autoriza\u00e7\u00e3o de Cursos (Para cursos fora de sede ou para aqueles que a IES n\u00e3o possui autonomia) Instrumento de Avalia\u00e7\u00e3o Externa de Cursos &#8211; INEP &#8211; 2017 &#8211; Reconhecimento e Renova\u00e7\u00e3o de Reconhecimento de Cursos &nbsp;<\/p>\n","protected":false},"author":799,"featured_media":0,"parent":0,"menu_order":0,"comment_status":"closed","ping_status":"closed","template":"","meta":{"footnotes":""},"class_list":["post-1252","page","type-page","status-publish","hentry"],"_links":{"self":[{"href":"https:\/\/wp.ufpel.edu.br\/regulacaodecursos\/wp-json\/wp\/v2\/pages\/1252","targetHints":{"allow":["GET"]}}],"collection":[{"href":"https:\/\/wp.ufpel.edu.br\/regulacaodecursos\/wp-json\/wp\/v2\/pages"}],"about":[{"href":"https:\/\/wp.ufpel.edu.br\/regulacaodecursos\/wp-json\/wp\/v2\/types\/page"}],"author":[{"embeddable":true,"href":"https:\/\/wp.ufpel.edu.br\/regulacaodecursos\/wp-json\/wp\/v2\/users\/799"}],"replies":[{"embeddable":true,"href":"https:\/\/wp.ufpel.edu.br\/regulacaodecursos\/wp-json\/wp\/v2\/comments?post=1252"}],"version-history":[{"count":3,"href":"https:\/\/wp.ufpel.edu.br\/regulacaodecursos\/wp-json\/wp\/v2\/pages\/1252\/revisions"}],"predecessor-version":[{"id":2023,"href":"https:\/\/wp.ufpel.edu.br\/regulacaodecursos\/wp-json\/wp\/v2\/pages\/1252\/revisions\/2023"}],"wp:attachment":[{"href":"https:\/\/wp.ufpel.edu.br\/regulacaodecursos\/wp-json\/wp\/v2\/media?parent=1252"}],"curies":[{"name":"wp","href":"https:\/\/api.w.org\/{rel}","templated":true}]}}