{"id":1240,"date":"2020-09-10T17:50:22","date_gmt":"2020-09-10T20:50:22","guid":{"rendered":"https:\/\/wp.ufpel.edu.br\/cpi\/?page_id=1240"},"modified":"2023-09-28T16:38:44","modified_gmt":"2023-09-28T19:38:44","slug":"protocolo-de-processo-de-renovacao-de-reconhecimento-de-curso","status":"publish","type":"page","link":"https:\/\/wp.ufpel.edu.br\/regulacaodecursos\/nrc\/protocolo-de-processo-de-renovacao-de-reconhecimento-de-curso\/","title":{"rendered":"Protocolo de Processo de Renova\u00e7\u00e3o de Reconhecimento de Curso"},"content":{"rendered":"<p style=\"text-align: justify;\">Os processos de renova\u00e7\u00e3o de reconhecimento s\u00e3o abertos de of\u00edcio pelo Minist\u00e9rio da Educa\u00e7\u00e3o e obedecem aos ciclos avaliativos trienais e ao calend\u00e1rio anual de processos regulat\u00f3rios do MEC. N\u00e3o h\u00e1 atualmente a possibilidade de solicita\u00e7\u00e3o pelas Institui\u00e7\u00f5es de Educa\u00e7\u00e3o Superior processos de renova\u00e7\u00e3o de reconhecimento.<\/p>\n<p style=\"text-align: justify;\">Os processos de renova\u00e7\u00e3o de reconhecimento s\u00e3o abertos a partir dos resultados dos ciclos avaliativos do Enade, inicialmente para aqueles cursos que est\u00e3o no ciclo avaliado, por\u00e9m n\u00e3o participaram da avalia\u00e7\u00e3o; para aqueles cursos com conceito preliminar de curso (CPC) menor que 3; e para aqueles cursos que a portaria INEP sobre procedimentos de renova\u00e7\u00e3o de reconhecimento do ciclo em avalia\u00e7\u00e3o determina abertura de processo, independente do resultado do CPC.<\/p>\n<p style=\"text-align: justify;\">Os dados s\u00e3o inseridos no Sistema pelo N\u00facleo de Regula\u00e7\u00e3o de Cursos, mediante a anu\u00eancia do Coordenador de curso, a partir do espelho do formul\u00e1rio de abertura de processo preenchido pelo respectivo Coordenador, com o aux\u00edlio do NDE e da Dire\u00e7\u00e3o da Unidade, abrangendo as informa\u00e7\u00f5es do projeto pedag\u00f3gico, do corpo docente e da infraestrutura.<\/p>\n<p style=\"text-align: justify;\">O cap\u00edtulo do manual sobre processos de regula\u00e7\u00e3o e de avalia\u00e7\u00e3o traz maiores informa\u00e7\u00f5es e detalhes sobre as informa\u00e7\u00f5es necess\u00e1rias para a abertura de processo de renova\u00e7\u00e3o de reconhecimento de curso no sistema e-MEC. O Cap\u00edtulo 2 \u2013 Fluxos Processuais \u2013 Abertura de Processos de Autoriza\u00e7\u00e3o, Reconhecimento e Renova\u00e7\u00e3o de Reconhecimento de Cursos pode ser acessado no <a href=\"https:\/\/wp.ufpel.edu.br\/regulacaodecursos\/files\/2023\/09\/Capitulo-2-%E2%80%93-Fluxos-Processuais-%E2%80%93-Abertura-de-Processos-de-Autorizacao-Reconhecimento-e-Renovacao-de-Reconhecimento-de-Cursos-novo.docx.pdf\">link<\/a><\/p>\n<p>Os resultados das avalia\u00e7\u00f5es in loco dos cursos que passaram por processo de renova\u00e7\u00e3o de reconhecimento podem ser consultados no <a href=\"https:\/\/wp.ufpel.edu.br\/regulacaodecursos\/resultados-dos-processos-avaliativos-externos-inepmec\/\">link<\/a><\/p>\n","protected":false},"excerpt":{"rendered":"<p>Os processos de renova\u00e7\u00e3o de reconhecimento s\u00e3o abertos de of\u00edcio pelo Minist\u00e9rio da Educa\u00e7\u00e3o e obedecem aos ciclos avaliativos trienais e ao calend\u00e1rio anual de processos regulat\u00f3rios do MEC. N\u00e3o h\u00e1 atualmente a possibilidade de solicita\u00e7\u00e3o pelas Institui\u00e7\u00f5es de Educa\u00e7\u00e3o Superior processos de renova\u00e7\u00e3o de reconhecimento. Os processos de renova\u00e7\u00e3o de reconhecimento s\u00e3o abertos a [&hellip;]<\/p>\n","protected":false},"author":799,"featured_media":0,"parent":9,"menu_order":0,"comment_status":"closed","ping_status":"closed","template":"","meta":{"footnotes":""},"class_list":["post-1240","page","type-page","status-publish","hentry"],"_links":{"self":[{"href":"https:\/\/wp.ufpel.edu.br\/regulacaodecursos\/wp-json\/wp\/v2\/pages\/1240","targetHints":{"allow":["GET"]}}],"collection":[{"href":"https:\/\/wp.ufpel.edu.br\/regulacaodecursos\/wp-json\/wp\/v2\/pages"}],"about":[{"href":"https:\/\/wp.ufpel.edu.br\/regulacaodecursos\/wp-json\/wp\/v2\/types\/page"}],"author":[{"embeddable":true,"href":"https:\/\/wp.ufpel.edu.br\/regulacaodecursos\/wp-json\/wp\/v2\/users\/799"}],"replies":[{"embeddable":true,"href":"https:\/\/wp.ufpel.edu.br\/regulacaodecursos\/wp-json\/wp\/v2\/comments?post=1240"}],"version-history":[{"count":3,"href":"https:\/\/wp.ufpel.edu.br\/regulacaodecursos\/wp-json\/wp\/v2\/pages\/1240\/revisions"}],"predecessor-version":[{"id":1860,"href":"https:\/\/wp.ufpel.edu.br\/regulacaodecursos\/wp-json\/wp\/v2\/pages\/1240\/revisions\/1860"}],"up":[{"embeddable":true,"href":"https:\/\/wp.ufpel.edu.br\/regulacaodecursos\/wp-json\/wp\/v2\/pages\/9"}],"wp:attachment":[{"href":"https:\/\/wp.ufpel.edu.br\/regulacaodecursos\/wp-json\/wp\/v2\/media?parent=1240"}],"curies":[{"name":"wp","href":"https:\/\/api.w.org\/{rel}","templated":true}]}}