{"id":1215,"date":"2020-09-10T15:27:05","date_gmt":"2020-09-10T18:27:05","guid":{"rendered":"https:\/\/wp.ufpel.edu.br\/cpi\/?page_id=1215"},"modified":"2024-02-06T14:53:10","modified_gmt":"2024-02-06T17:53:10","slug":"processos-regulatorios","status":"publish","type":"page","link":"https:\/\/wp.ufpel.edu.br\/regulacaodecursos\/processos-regulatorios\/","title":{"rendered":"Processos Regulat\u00f3rios"},"content":{"rendered":"<p style=\"text-align: justify;\">Dentro dos processos regulat\u00f3rios de cursos de gradua\u00e7\u00e3o, capitaneados pelo Minist\u00e9rio da Educa\u00e7\u00e3o, h\u00e1 processos b\u00e1sicos, todos realizados no \u00e2mbito do sistema e-MEC, a saber:<\/p>\n<ol>\n<li style=\"text-align: justify;\">Informa\u00e7\u00e3o de cria\u00e7\u00e3o de curso;<\/li>\n<li style=\"text-align: justify;\">Autoriza\u00e7\u00e3o de curso fora de sede ou fora da autonomia;<\/li>\n<li style=\"text-align: justify;\">Protocolo de Processo de Reconhecimento de Curso; e<\/li>\n<li style=\"text-align: justify;\">Protocolo de Processo de Renova\u00e7\u00e3o de Reconhecimento de Curso.<\/li>\n<\/ol>\n<p>O detalhe de cada etapa pode ser visto nas abas dessa se\u00e7\u00e3o.<\/p>\n<p><a href=\"https:\/\/wp.ufpel.edu.br\/regulacaodecursos\/files\/2024\/02\/Relatorio-de-Cursos-de-Graduacao-situacao-de-funcionamento.pdf\">Relat\u00f3rio de Cursos de Gradua\u00e7\u00e3o &#8211; situa\u00e7\u00e3o de funcionamento<\/a><\/p>\n<p>Cabe ressaltar que os processos regulat\u00f3rios e avaliativos s\u00e3o de car\u00e1ter obrigat\u00f3rios, conforme trazem os artigos 48 e 76 do <a href=\"http:\/\/portal.mec.gov.br\/index.php?option=com_docman&amp;view=download&amp;alias=78741-d9235-pdf&amp;category_slug=dezembro-2017-pdf&amp;Itemid=30192\">Decreto n\u00ba 9.235, de 15 de dezembro de 2017<\/a>:<\/p>\n<blockquote>\n<p style=\"text-align: justify;\">Art. 48 A aus\u00eancia de protocolo do pedido de reconhecimento ou renova\u00e7\u00e3o de reconhecimento de curso no prazo devido caracterizar\u00e1 irregularidade administrativa e a institui\u00e7\u00e3o ficar\u00e1 impedida de solicitar aumento de vagas e de admitir novos estudantes no curso, sujeita, ainda, a processo administrativo de supervis\u00e3o, nos termos do Cap\u00edtulo III.<\/p>\n<p style=\"text-align: justify;\">Art. 76. A oferta de curso superior sem o ato autorizativo, por IES credenciada, configura irregularidade administrativa e o Minist\u00e9rio da Educa\u00e7\u00e3o, por meio da Secretaria de Regula\u00e7\u00e3o e Supervis\u00e3o da Educa\u00e7\u00e3o Superior, instaurar\u00e1 procedimento administrativo sancionador, nos termos deste Cap\u00edtulo.<\/p>\n<\/blockquote>\n","protected":false},"excerpt":{"rendered":"<p>Dentro dos processos regulat\u00f3rios de cursos de gradua\u00e7\u00e3o, capitaneados pelo Minist\u00e9rio da Educa\u00e7\u00e3o, h\u00e1 processos b\u00e1sicos, todos realizados no \u00e2mbito do sistema e-MEC, a saber: Informa\u00e7\u00e3o de cria\u00e7\u00e3o de curso; Autoriza\u00e7\u00e3o de curso fora de sede ou fora da autonomia; Protocolo de Processo de Reconhecimento de Curso; e Protocolo de Processo de Renova\u00e7\u00e3o de Reconhecimento [&hellip;]<\/p>\n","protected":false},"author":799,"featured_media":0,"parent":0,"menu_order":0,"comment_status":"closed","ping_status":"closed","template":"","meta":{"footnotes":""},"class_list":["post-1215","page","type-page","status-publish","hentry"],"_links":{"self":[{"href":"https:\/\/wp.ufpel.edu.br\/regulacaodecursos\/wp-json\/wp\/v2\/pages\/1215","targetHints":{"allow":["GET"]}}],"collection":[{"href":"https:\/\/wp.ufpel.edu.br\/regulacaodecursos\/wp-json\/wp\/v2\/pages"}],"about":[{"href":"https:\/\/wp.ufpel.edu.br\/regulacaodecursos\/wp-json\/wp\/v2\/types\/page"}],"author":[{"embeddable":true,"href":"https:\/\/wp.ufpel.edu.br\/regulacaodecursos\/wp-json\/wp\/v2\/users\/799"}],"replies":[{"embeddable":true,"href":"https:\/\/wp.ufpel.edu.br\/regulacaodecursos\/wp-json\/wp\/v2\/comments?post=1215"}],"version-history":[{"count":7,"href":"https:\/\/wp.ufpel.edu.br\/regulacaodecursos\/wp-json\/wp\/v2\/pages\/1215\/revisions"}],"predecessor-version":[{"id":1944,"href":"https:\/\/wp.ufpel.edu.br\/regulacaodecursos\/wp-json\/wp\/v2\/pages\/1215\/revisions\/1944"}],"wp:attachment":[{"href":"https:\/\/wp.ufpel.edu.br\/regulacaodecursos\/wp-json\/wp\/v2\/media?parent=1215"}],"curies":[{"name":"wp","href":"https:\/\/api.w.org\/{rel}","templated":true}]}}