{"id":1191,"date":"2020-09-09T13:11:53","date_gmt":"2020-09-09T16:11:53","guid":{"rendered":"https:\/\/wp.ufpel.edu.br\/cpi\/?page_id=1191"},"modified":"2020-09-09T13:11:53","modified_gmt":"2020-09-09T16:11:53","slug":"relatorio-cursos-de-especializacao-pos-graduacao-lato-sensu","status":"publish","type":"page","link":"https:\/\/wp.ufpel.edu.br\/regulacaodecursos\/nrc\/informacoes-sobre-os-cursos-de-graduacao-e-especializacao-da-ufpel\/relatorio-cursos-de-especializacao-pos-graduacao-lato-sensu\/","title":{"rendered":"Dados dos Cursos de Especializa\u00e7\u00e3o (p\u00f3s gradua\u00e7\u00e3o lato sensu) &#8211; Sistema e-MEC"},"content":{"rendered":"<p><a href=\"https:\/\/wp.ufpel.edu.br\/cpi\/nrc\/informacoes-sobre-os-cursos-de-graduacao-e-especializacao-da-ufpel\/relatorio-cursos-de-especializacao-pos-graduacao-lato-sensu\/e-mec-relatorio-ies-cadastro-de-curso-de-especializacao_26_05_2021-15_05-2\/\" rel=\"attachment wp-att-1602\">Relat\u00f3rio de cursos de Especializa\u00e7\u00e3o UFPel &#8211; e-MEC<\/a><\/p>\n","protected":false},"excerpt":{"rendered":"<p>Relat\u00f3rio de cursos de Especializa\u00e7\u00e3o UFPel &#8211; e-MEC<\/p>\n","protected":false},"author":799,"featured_media":0,"parent":1172,"menu_order":0,"comment_status":"closed","ping_status":"closed","template":"","meta":{"footnotes":""},"class_list":["post-1191","page","type-page","status-publish","hentry"],"_links":{"self":[{"href":"https:\/\/wp.ufpel.edu.br\/regulacaodecursos\/wp-json\/wp\/v2\/pages\/1191","targetHints":{"allow":["GET"]}}],"collection":[{"href":"https:\/\/wp.ufpel.edu.br\/regulacaodecursos\/wp-json\/wp\/v2\/pages"}],"about":[{"href":"https:\/\/wp.ufpel.edu.br\/regulacaodecursos\/wp-json\/wp\/v2\/types\/page"}],"author":[{"embeddable":true,"href":"https:\/\/wp.ufpel.edu.br\/regulacaodecursos\/wp-json\/wp\/v2\/users\/799"}],"replies":[{"embeddable":true,"href":"https:\/\/wp.ufpel.edu.br\/regulacaodecursos\/wp-json\/wp\/v2\/comments?post=1191"}],"version-history":[{"count":0,"href":"https:\/\/wp.ufpel.edu.br\/regulacaodecursos\/wp-json\/wp\/v2\/pages\/1191\/revisions"}],"up":[{"embeddable":true,"href":"https:\/\/wp.ufpel.edu.br\/regulacaodecursos\/wp-json\/wp\/v2\/pages\/1172"}],"wp:attachment":[{"href":"https:\/\/wp.ufpel.edu.br\/regulacaodecursos\/wp-json\/wp\/v2\/media?parent=1191"}],"curies":[{"name":"wp","href":"https:\/\/api.w.org\/{rel}","templated":true}]}}