{"id":1175,"date":"2020-09-09T12:54:46","date_gmt":"2020-09-09T15:54:46","guid":{"rendered":"https:\/\/wp.ufpel.edu.br\/cpi\/?page_id=1175"},"modified":"2020-09-09T12:54:46","modified_gmt":"2020-09-09T15:54:46","slug":"relatorio-cursos-de-graduacao","status":"publish","type":"page","link":"https:\/\/wp.ufpel.edu.br\/regulacaodecursos\/nrc\/informacoes-sobre-os-cursos-de-graduacao-e-especializacao-da-ufpel\/relatorio-cursos-de-graduacao\/","title":{"rendered":"Dados dos Cursos de Gradua\u00e7\u00e3o &#8211; Sistema e-MEC"},"content":{"rendered":"<p><a href=\"https:\/\/wp.ufpel.edu.br\/cpi\/nrc\/informacoes-sobre-os-cursos-de-graduacao-e-especializacao-da-ufpel\/relatorio-cursos-de-graduacao\/e-mec-relatorio-ies-dados-dos-cursos-de-graduacao_27_05_2021-16_05-csv-3\/\" rel=\"attachment wp-att-1607\">e-MEC &#8211; Relat\u00f3rio &#8211; IES &#8211; Dados dos cursos de gradua\u00e7\u00e3o<\/a> &#8211; atualiza\u00e7\u00e3o em 27\/05\/2021<\/p>\n","protected":false},"excerpt":{"rendered":"<p>e-MEC &#8211; Relat\u00f3rio &#8211; IES &#8211; Dados dos cursos de gradua\u00e7\u00e3o &#8211; atualiza\u00e7\u00e3o em 27\/05\/2021<\/p>\n","protected":false},"author":799,"featured_media":0,"parent":1172,"menu_order":0,"comment_status":"closed","ping_status":"closed","template":"","meta":{"footnotes":""},"class_list":["post-1175","page","type-page","status-publish","hentry"],"_links":{"self":[{"href":"https:\/\/wp.ufpel.edu.br\/regulacaodecursos\/wp-json\/wp\/v2\/pages\/1175","targetHints":{"allow":["GET"]}}],"collection":[{"href":"https:\/\/wp.ufpel.edu.br\/regulacaodecursos\/wp-json\/wp\/v2\/pages"}],"about":[{"href":"https:\/\/wp.ufpel.edu.br\/regulacaodecursos\/wp-json\/wp\/v2\/types\/page"}],"author":[{"embeddable":true,"href":"https:\/\/wp.ufpel.edu.br\/regulacaodecursos\/wp-json\/wp\/v2\/users\/799"}],"replies":[{"embeddable":true,"href":"https:\/\/wp.ufpel.edu.br\/regulacaodecursos\/wp-json\/wp\/v2\/comments?post=1175"}],"version-history":[{"count":0,"href":"https:\/\/wp.ufpel.edu.br\/regulacaodecursos\/wp-json\/wp\/v2\/pages\/1175\/revisions"}],"up":[{"embeddable":true,"href":"https:\/\/wp.ufpel.edu.br\/regulacaodecursos\/wp-json\/wp\/v2\/pages\/1172"}],"wp:attachment":[{"href":"https:\/\/wp.ufpel.edu.br\/regulacaodecursos\/wp-json\/wp\/v2\/media?parent=1175"}],"curies":[{"name":"wp","href":"https:\/\/api.w.org\/{rel}","templated":true}]}}