{"id":1172,"date":"2020-09-09T12:53:04","date_gmt":"2020-09-09T15:53:04","guid":{"rendered":"https:\/\/wp.ufpel.edu.br\/cpi\/?page_id=1172"},"modified":"2020-09-09T12:53:04","modified_gmt":"2020-09-09T15:53:04","slug":"informacoes-sobre-os-cursos-de-graduacao-e-especializacao-da-ufpel","status":"publish","type":"page","link":"https:\/\/wp.ufpel.edu.br\/regulacaodecursos\/nrc\/informacoes-sobre-os-cursos-de-graduacao-e-especializacao-da-ufpel\/","title":{"rendered":"Informa\u00e7\u00f5es sobre os cursos de Gradua\u00e7\u00e3o e Especializa\u00e7\u00e3o da UFPel"},"content":{"rendered":"<p>Atualmente, a UFPel conta com 101 cursos de gradua\u00e7\u00e3o, sendo 99 desses com status &#8220;em atividade&#8221; e 2 &#8220;em extin\u00e7\u00e3o&#8221; no sistema e-MEC. Desses, 97 s\u00e3o cursos presenciais (95 em atividade) e 4 a dist\u00e2ncia (4 em atividade).<\/p>\n<p>Do total, 66 s\u00e3o bacharelados; 26 licenciaturas e 9 tecn\u00f3logos.<\/p>\n<p>Os nossos cursos de gradua\u00e7\u00e3o a dist\u00e2ncia est\u00e3o sendo ofertados atualmente (2020) em 32 polos vinculados \u00e0 Universidade Aberta do Brasil &#8211; UAB, espalhados pelo Rio Grande do Sul.<\/p>\n<p>Clique nas abas para verificar as principais informa\u00e7\u00f5es regulat\u00f3rias e avaliativas sobre os cursos de gradua\u00e7\u00e3o da UFPel.<\/p>\n<p>Em rela\u00e7\u00e3o aos cursos de especializa\u00e7\u00e3o (p\u00f3s-gradua\u00e7\u00e3o lato sensu), atualmente a Universidade oferta 19 cursos, sendo 3 desses vinculados \u00e0 UAB.<\/p>\n<p>Para maiores informa\u00e7\u00f5es sobre os cursos da Institui\u00e7\u00e3o, o <a href=\"https:\/\/institucional.ufpel.edu.br\/cursos\">Portal Institucional<\/a> pode ser acessado.<\/p>\n<p>Para informa\u00e7\u00f5es detalhadas sobre os conceitos e sua evolu\u00e7\u00e3o e sobre as avalia\u00e7\u00f5es dos cursos de gradua\u00e7\u00e3o e da pr\u00f3pria Universidade e do desempenho de seus estudantes no Enade, acesse as subabas dessa se\u00e7\u00e3o na \u00e1rvore da &#8220;Regula\u00e7\u00e3o de Cursos&#8221; &#8211;\u00a0 &#8220;Informa\u00e7\u00f5es sobre os cursos de Gradua\u00e7\u00e3o e Especializa\u00e7\u00e3o da UFPel&#8221; do menu da p\u00e1gina principal.<\/p>\n","protected":false},"excerpt":{"rendered":"<p>Atualmente, a UFPel conta com 101 cursos de gradua\u00e7\u00e3o, sendo 99 desses com status &#8220;em atividade&#8221; e 2 &#8220;em extin\u00e7\u00e3o&#8221; no sistema e-MEC. Desses, 97 s\u00e3o cursos presenciais (95 em atividade) e 4 a dist\u00e2ncia (4 em atividade). Do total, 66 s\u00e3o bacharelados; 26 licenciaturas e 9 tecn\u00f3logos. Os nossos cursos de gradua\u00e7\u00e3o a dist\u00e2ncia [&hellip;]<\/p>\n","protected":false},"author":799,"featured_media":0,"parent":9,"menu_order":0,"comment_status":"closed","ping_status":"closed","template":"","meta":{"footnotes":""},"class_list":["post-1172","page","type-page","status-publish","hentry"],"_links":{"self":[{"href":"https:\/\/wp.ufpel.edu.br\/regulacaodecursos\/wp-json\/wp\/v2\/pages\/1172","targetHints":{"allow":["GET"]}}],"collection":[{"href":"https:\/\/wp.ufpel.edu.br\/regulacaodecursos\/wp-json\/wp\/v2\/pages"}],"about":[{"href":"https:\/\/wp.ufpel.edu.br\/regulacaodecursos\/wp-json\/wp\/v2\/types\/page"}],"author":[{"embeddable":true,"href":"https:\/\/wp.ufpel.edu.br\/regulacaodecursos\/wp-json\/wp\/v2\/users\/799"}],"replies":[{"embeddable":true,"href":"https:\/\/wp.ufpel.edu.br\/regulacaodecursos\/wp-json\/wp\/v2\/comments?post=1172"}],"version-history":[{"count":0,"href":"https:\/\/wp.ufpel.edu.br\/regulacaodecursos\/wp-json\/wp\/v2\/pages\/1172\/revisions"}],"up":[{"embeddable":true,"href":"https:\/\/wp.ufpel.edu.br\/regulacaodecursos\/wp-json\/wp\/v2\/pages\/9"}],"wp:attachment":[{"href":"https:\/\/wp.ufpel.edu.br\/regulacaodecursos\/wp-json\/wp\/v2\/media?parent=1172"}],"curies":[{"name":"wp","href":"https:\/\/api.w.org\/{rel}","templated":true}]}}