{"id":291,"date":"2020-08-27T17:23:43","date_gmt":"2020-08-27T20:23:43","guid":{"rendered":"https:\/\/wp.ufpel.edu.br\/refugiadosbrasilcolombia\/?page_id=291"},"modified":"2020-08-30T19:51:33","modified_gmt":"2020-08-30T22:51:33","slug":"pagina-de-inicio","status":"publish","type":"page","link":"https:\/\/wp.ufpel.edu.br\/refugiadosbrasilcolombia\/es\/pagina-de-inicio\/","title":{"rendered":"P\u00e1gina de inicio"},"content":{"rendered":"<div id=\"pl-291\"  class=\"panel-layout\" ><div id=\"pg-291-0\"  class=\"panel-grid panel-no-style\" ><div id=\"pgc-291-0-0\"  class=\"panel-grid-cell\" ><div id=\"panel-291-0-0-0\" class=\"so-panel widget widget_circleicon-widget panel-first-child panel-last-child\" data-index=\"0\" >\t\t<div class=\"circle-icon-box circle-icon-position-top circle-icon-hide-box circle-icon-size-small \">\n\t\t\t\t\t\t\t<div class=\"circle-icon-wrapper\">\n\t\t\t\t\t\t\t\t\t\t<a href=\"https:\/\/wp.ufpel.edu.br\/refugiadosbrasilcolombia\/proyecto\/\" class=\"link-icon\" >\t\t\t\t\t<div class=\"circle-icon\" >\n\t\t\t\t\t\t\t\t\t\t\t\t\t<div\n\t\t\t\t\t\t\t\tclass=\"fa fa-book\"\n\t\t\t\t\t\t\t\t\t\t\t\t\t\t\t><\/div>\n\t\t\t\t\t\t\t\t\t\t\t<\/div>\n\t\t\t\t\t<\/a>\t\t\t\t<\/div>\n\t\t\t\n\t\t\t\t\t\t\t<a\n\t\t\t\t\thref=\"https:\/\/wp.ufpel.edu.br\/refugiadosbrasilcolombia\/proyecto\/\"\n\t\t\t\t\tclass=\"link-title\" \t\t\t\t>\n\t\t\t\t\t\t\t\t\t\t<h4 >\n\t\t\t\t\tProyecto\t\t\t\t<\/h4>\n\t\t\t\t\t\t\t\t\t\t<\/a>\n\t\t\t\n\t\t\t\t\t\t\t<p class=\"text\" >\n\t\t\t\tEl Proyecto busca proponer herramientas tecnol\u00f3gicas que puedan ayudar a comprender y abordar temas relacionados con la vulnerabilidad de los refugiados venezolanos en Brasil y Colombia, considerando el contexto de la pandemia. Para obtener m\u00e1s informaci\u00f3n, visite el enlace a continuaci\u00f3n.\t\t\t<\/p>\n\t\t\t\t\t\t\t\t\t\t<a\n\t\t\t\t\thref=\"https:\/\/wp.ufpel.edu.br\/refugiadosbrasilcolombia\/proyecto\/\"\n\t\t\t\t\tclass=\"more-button\"\n\t\t\t\t\t\t\t\t\t>\n\t\t\t\t\tAprenda M\u00e1s\t\t\t\t\t<i><\/i>\n\t\t\t\t<\/a>\n\t\t\t\t\t<\/div>\n\t\t<\/div><\/div><div id=\"pgc-291-0-1\"  class=\"panel-grid-cell\" ><div id=\"panel-291-0-1-0\" class=\"so-panel widget widget_circleicon-widget panel-first-child panel-last-child\" data-index=\"1\" >\t\t<div class=\"circle-icon-box circle-icon-position-top circle-icon-hide-box circle-icon-size-small \">\n\t\t\t\t\t\t\t<div class=\"circle-icon-wrapper\">\n\t\t\t\t\t\t\t\t\t\t<a href=\"https:\/\/wp.ufpel.edu.br\/refugiadosbrasilcolombia\/en\/noticias\/\" class=\"link-icon\" >\t\t\t\t\t<div class=\"circle-icon\" >\n\t\t\t\t\t\t\t\t\t\t\t\t\t<div\n\t\t\t\t\t\t\t\tclass=\"fa fa-newspaper-o\"\n\t\t\t\t\t\t\t\t\t\t\t\t\t\t\t><\/div>\n\t\t\t\t\t\t\t\t\t\t\t<\/div>\n\t\t\t\t\t<\/a>\t\t\t\t<\/div>\n\t\t\t\n\t\t\t\t\t\t\t<a\n\t\t\t\t\thref=\"https:\/\/wp.ufpel.edu.br\/refugiadosbrasilcolombia\/en\/noticias\/\"\n\t\t\t\t\tclass=\"link-title\" \t\t\t\t>\n\t\t\t\t\t\t\t\t\t\t<h4 >\n\t\t\t\t\tNoticias\t\t\t\t<\/h4>\n\t\t\t\t\t\t\t\t\t\t<\/a>\n\t\t\t\n\t\t\t\t\t\t\t<p class=\"text\" >\n\t\t\t\tNuestro portal de noticias busca mantenerlo actualizado sobre las actividades del proyecto, oportunidades de colaboraci\u00f3n, becas de investigaci\u00f3n, financiamiento e informaci\u00f3n sobre refugiados en todo el mundo. Acceda al enlace a continuaci\u00f3n para obtener m\u00e1s informaci\u00f3n.\t\t\t<\/p>\n\t\t\t\t\t\t\t\t\t\t<a\n\t\t\t\t\thref=\"https:\/\/wp.ufpel.edu.br\/refugiadosbrasilcolombia\/en\/noticias\/\"\n\t\t\t\t\tclass=\"more-button\"\n\t\t\t\t\t\t\t\t\t>\n\t\t\t\t\tAprenda M\u00e1s\t\t\t\t\t<i><\/i>\n\t\t\t\t<\/a>\n\t\t\t\t\t<\/div>\n\t\t<\/div><\/div><div id=\"pgc-291-0-2\"  class=\"panel-grid-cell\" ><div id=\"panel-291-0-2-0\" class=\"so-panel widget widget_circleicon-widget panel-first-child panel-last-child\" data-index=\"2\" >\t\t<div class=\"circle-icon-box circle-icon-position-top circle-icon-hide-box circle-icon-size-small \">\n\t\t\t\t\t\t\t<div class=\"circle-icon-wrapper\">\n\t\t\t\t\t\t\t\t\t\t<a href=\"https:\/\/wp.ufpel.edu.br\/refugiadosbrasilcolombia\/en\/equipo\/\" class=\"link-icon\" >\t\t\t\t\t<div class=\"circle-icon\" >\n\t\t\t\t\t\t\t\t\t\t\t\t\t<div\n\t\t\t\t\t\t\t\tclass=\"fa fa-group\"\n\t\t\t\t\t\t\t\t\t\t\t\t\t\t\t><\/div>\n\t\t\t\t\t\t\t\t\t\t\t<\/div>\n\t\t\t\t\t<\/a>\t\t\t\t<\/div>\n\t\t\t\n\t\t\t\t\t\t\t<a\n\t\t\t\t\thref=\"https:\/\/wp.ufpel.edu.br\/refugiadosbrasilcolombia\/en\/equipo\/\"\n\t\t\t\t\tclass=\"link-title\" \t\t\t\t>\n\t\t\t\t\t\t\t\t\t\t<h4 >\n\t\t\t\t\tEquipo\t\t\t\t<\/h4>\n\t\t\t\t\t\t\t\t\t\t<\/a>\n\t\t\t\n\t\t\t\t\t\t\t<p class=\"text\" >\n\t\t\t\tNuestro equipo est\u00e1 compuesto por investigadores de Brasil, Colombia, Estados Unidos y Reino Unido. Si quieres formar parte de nuestro equipo, cont\u00e1ctanos a trav\u00e9s del correo electr\u00f3nico de la coordinadora general del Proyecto, Profa. Adriana Portella (adrianaportella@yahoo.com.br). Para obtener m\u00e1s informaci\u00f3n, visite el enlace a continuaci\u00f3n.\t\t\t<\/p>\n\t\t\t\t\t\t\t\t\t\t<a\n\t\t\t\t\thref=\"https:\/\/wp.ufpel.edu.br\/refugiadosbrasilcolombia\/en\/equipo\/\"\n\t\t\t\t\tclass=\"more-button\"\n\t\t\t\t\t\t\t\t\t>\n\t\t\t\t\tAprenda M\u00e1s\t\t\t\t\t<i><\/i>\n\t\t\t\t<\/a>\n\t\t\t\t\t<\/div>\n\t\t<\/div><\/div><\/div><div id=\"pg-291-1\"  class=\"panel-grid panel-has-style\" ><div class=\"wide-grey panel-row-style panel-row-style-for-291-1\" ><div id=\"pgc-291-1-0\"  class=\"panel-grid-cell\" ><div id=\"panel-291-1-0-0\" class=\"so-panel widget widget_headline-widget panel-first-child panel-last-child\" data-index=\"3\" >\t\t<h1>QUIENES SOMOS<\/h1>\n\t\t<div class=\"decoration\"><div class=\"decoration-inside\"><\/div><\/div>\n\t\t<h3>El Proyecto 'Dise\u00f1o de Comunidades Resilientes para apoyar la Salud y el Bienestar de los Refugiados Venezolanos en Brasil y Colombia' es desarrollado por el Laboratorio de Estudios del Comportamiento (LabCom) de la Universidad Federal de Pelotas (UFPel), en alianza con la Universidad de La Sabana en Colombia y otras instituciones en Brasil, Reino Unido y Estados Unidos. El Laboratorio y nuestro equipo de Proyecto buscan promover ciudades saludables e inclusivas a trav\u00e9s de investigaciones que puedan apoyar la formulaci\u00f3n de pol\u00edticas p\u00fablicas en pa\u00edses de ingresos bajos y medios. Nuestras investigaciones est\u00e1n relacionadas con c\u00f3mo incluir a las comunidades vulnerables en la gobernanza y construcci\u00f3n de la ciudad. Nuestro objetivo es combinar la pr\u00e1ctica humanitaria con el desarrollo urbano y regional, dos campos que tradicionalmente se han basado en diferentes \u00e1reas de la investigaci\u00f3n acad\u00e9mica. En el Laboratorio estamos ubicados en la sala 108 de la Facultad de Arquitectura y Urbanismo de la UFPel y contamos con un equipo internacional de profesores, investigadores y becarios. Durante la pandemia de COVID-19, nuestras actividades se est\u00e1n llevando a cabo en una oficina en casa, y todos los viernes a las 4 pm realizamos un Caf\u00e9 Meeting en l\u00ednea para hablar sobre temas de inclusi\u00f3n social y bienestar para todos. Cont\u00e1ctenos para m\u00e1s informaci\u00f3n y para participar, el encuentro est\u00e1 abierto a cualquier interesado. Contacto: Profa Adriana Portella \/ adrianaportella@yahoo.com.br<\/h3>\n\t\t<\/div><\/div><\/div><\/div><div id=\"pg-291-2\"  class=\"panel-grid panel-no-style\" ><div id=\"pgc-291-2-0\"  class=\"panel-grid-cell\" ><div id=\"panel-291-2-0-0\" class=\"so-panel widget widget_siteorigin-panels-postloop panel-first-child panel-last-child\" data-index=\"4\" ><h3 class=\"widget-title\"><span class=\"vantage-carousel-title\"><span class=\"vantage-carousel-title-text\">Ultimas noticias<\/span><a href=\"#\" class=\"next\" title=\"Pr\u00f3ximo\"><span class=\"vantage-icon-arrow-right\"><\/span><\/a><a href=\"#\" class=\"previous\" title=\"Anterior\"><span class=\"vantage-icon-arrow-left\"><\/span><\/a><\/span><\/h3><div class=\"vantage-carousel-wrapper\">\n\t\n\t<ul\n\t\tclass=\"vantage-carousel\"\n\t\tdata-query=\"{&quot;post_status&quot;:&quot;publish&quot;,&quot;posts_per_page&quot;:4,&quot;post_type&quot;:&quot;post&quot;,&quot;date_type&quot;:&quot;specific&quot;,&quot;date_query&quot;:{&quot;after&quot;:&quot;&quot;,&quot;before&quot;:&quot;&quot;,&quot;inclusive&quot;:true},&quot;date_query_relative&quot;:&quot;{\\&quot;from\\&quot;:{\\&quot;value\\&quot;:0,\\&quot;unit\\&quot;:\\&quot;days\\&quot;},\\&quot;to\\&quot;:{\\&quot;value\\&quot;:0,\\&quot;unit\\&quot;:\\&quot;days\\&quot;}}&quot;,&quot;orderby&quot;:&quot;date&quot;,&quot;order&quot;:&quot;DESC&quot;,&quot;post__not_in&quot;:[291,291],&quot;paged&quot;:1,&quot;fields&quot;:&quot;all&quot;,&quot;lazy_load_term_meta&quot;:true}\"\n\t\tdata-ajax-url=\"https:\/\/wp.ufpel.edu.br\/refugiadosbrasilcolombia\/wp-admin\/admin-ajax.php?vantage_carousel_nonce=3f0d63a3dc\"\n\t>\n\t\t\t\t\t<li class=\"carousel-entry\">\n\t\t\t\t<div class=\"thumbnail\">\n\t\t\t\t\t\t\t\t\t\t\t<a href=\"https:\/\/wp.ufpel.edu.br\/refugiadosbrasilcolombia\/es\/2021\/01\/06\/actividades-desarrolladas-por-el-proyecto-en-2020\/\" style=\"background-image: url(https:\/\/wp.ufpel.edu.br\/refugiadosbrasilcolombia\/files\/2021\/01\/gears-5193383_1280-272x182.png)\">\n\t\t\t\t\t\t<\/a>\n\t\t\t\t\t\t\t\t\t<\/div>\n\t\t\t\t\t\t\t\t<h3><a href=\"https:\/\/wp.ufpel.edu.br\/refugiadosbrasilcolombia\/es\/2021\/01\/06\/actividades-desarrolladas-por-el-proyecto-en-2020\/\">Actividades desarrolladas por el Proyecto en 2020<\/a><\/h3>\n\t\t\t<\/li>\n\t\t\t\t\t<li class=\"carousel-entry\">\n\t\t\t\t<div class=\"thumbnail\">\n\t\t\t\t\t\t\t\t\t\t\t<a href=\"https:\/\/wp.ufpel.edu.br\/refugiadosbrasilcolombia\/en\/2021\/01\/06\/activities-developed-by-the-project-in-2020\/\" style=\"background-image: url(https:\/\/wp.ufpel.edu.br\/refugiadosbrasilcolombia\/files\/2021\/01\/gears-5193383_1280-272x182.png)\">\n\t\t\t\t\t\t<\/a>\n\t\t\t\t\t\t\t\t\t<\/div>\n\t\t\t\t\t\t\t\t<h3><a href=\"https:\/\/wp.ufpel.edu.br\/refugiadosbrasilcolombia\/en\/2021\/01\/06\/activities-developed-by-the-project-in-2020\/\">Activities developed by the Project in 2020<\/a><\/h3>\n\t\t\t<\/li>\n\t\t\t\t\t<li class=\"carousel-entry\">\n\t\t\t\t<div class=\"thumbnail\">\n\t\t\t\t\t\t\t\t\t\t\t<a href=\"https:\/\/wp.ufpel.edu.br\/refugiadosbrasilcolombia\/2021\/01\/06\/atividades-desenvolvidas-pelo-projeto-em-2020\/\" style=\"background-image: url(https:\/\/wp.ufpel.edu.br\/refugiadosbrasilcolombia\/files\/2021\/01\/gears-5193383_1280-272x182.png)\">\n\t\t\t\t\t\t<\/a>\n\t\t\t\t\t\t\t\t\t<\/div>\n\t\t\t\t\t\t\t\t<h3><a href=\"https:\/\/wp.ufpel.edu.br\/refugiadosbrasilcolombia\/2021\/01\/06\/atividades-desenvolvidas-pelo-projeto-em-2020\/\">Atividades desenvolvidas pelo Projeto em 2020<\/a><\/h3>\n\t\t\t<\/li>\n\t\t\t\t\t<li class=\"carousel-entry\">\n\t\t\t\t<div class=\"thumbnail\">\n\t\t\t\t\t\t\t\t\t\t\t<a href=\"https:\/\/wp.ufpel.edu.br\/refugiadosbrasilcolombia\/en\/2020\/10\/27\/discover-our-research-video\/\" style=\"background-image: url(https:\/\/wp.ufpel.edu.br\/refugiadosbrasilcolombia\/files\/2020\/10\/photography-3934299_1920-272x182.jpg)\">\n\t\t\t\t\t\t<\/a>\n\t\t\t\t\t\t\t\t\t<\/div>\n\t\t\t\t\t\t\t\t<h3><a href=\"https:\/\/wp.ufpel.edu.br\/refugiadosbrasilcolombia\/en\/2020\/10\/27\/discover-our-research-video\/\">Discover our Research &#8211; Video<\/a><\/h3>\n\t\t\t<\/li>\n\t\t\t<\/ul>\n<\/div>\n<\/div><\/div><div id=\"pgc-291-2-1\"  class=\"panel-grid-cell\" ><div id=\"panel-291-2-1-0\" class=\"so-panel widget widget_headline-widget panel-first-child panel-last-child\" data-index=\"5\" >\t\t<h1>CONTACTO<\/h1>\n\t\t<div class=\"decoration\"><div class=\"decoration-inside\"><\/div><\/div>\n\t\t<h3>El Proyecto busca incentivar la cooperaci\u00f3n interinstitucional y la internacionalizaci\u00f3n, y siempre estamos abiertos a la participaci\u00f3n de nuevos investigadores en nuestro equipo. Si est\u00e1s interesado en participar en el proyecto y\/o quieres conocer m\u00e1s sobre nuestro trabajo, no dudes en contactarnos a trav\u00e9s de nuestra Coordinadora General de Investigaci\u00f3n: Profa Adriana Portella - adrianaportella@yahoo.com.br, Profesora Asociada de la Facultad de Arquitectura y Urbanismo de la Universidad Federal de Pelotas. Direcci\u00f3n: Laboratorio de Estudios del Comportamiento, Universidad Federal de Pelotas, Facultad de Arquitectura y Urbanismo, aula 108, Rua Benjamin Constant, 1359. Pelotas | Rio Grande do Sul | Brasil. C\u00f3digo postal: 96010-020. Tel\u00e9fono: 53. 32845500.<\/h3>\n\t\t<\/div><\/div><\/div><\/div>","protected":false},"excerpt":{"rendered":"","protected":false},"author":956,"featured_media":0,"parent":0,"menu_order":0,"comment_status":"closed","ping_status":"closed","template":"home-panels.php","meta":{"footnotes":""},"class_list":["post-291","page","type-page","status-publish","hentry","post","post-with-thumbnail","post-with-thumbnail-large"],"_links":{"self":[{"href":"https:\/\/wp.ufpel.edu.br\/refugiadosbrasilcolombia\/wp-json\/wp\/v2\/pages\/291","targetHints":{"allow":["GET"]}}],"collection":[{"href":"https:\/\/wp.ufpel.edu.br\/refugiadosbrasilcolombia\/wp-json\/wp\/v2\/pages"}],"about":[{"href":"https:\/\/wp.ufpel.edu.br\/refugiadosbrasilcolombia\/wp-json\/wp\/v2\/types\/page"}],"author":[{"embeddable":true,"href":"https:\/\/wp.ufpel.edu.br\/refugiadosbrasilcolombia\/wp-json\/wp\/v2\/users\/956"}],"replies":[{"embeddable":true,"href":"https:\/\/wp.ufpel.edu.br\/refugiadosbrasilcolombia\/wp-json\/wp\/v2\/comments?post=291"}],"version-history":[{"count":11,"href":"https:\/\/wp.ufpel.edu.br\/refugiadosbrasilcolombia\/wp-json\/wp\/v2\/pages\/291\/revisions"}],"predecessor-version":[{"id":572,"href":"https:\/\/wp.ufpel.edu.br\/refugiadosbrasilcolombia\/wp-json\/wp\/v2\/pages\/291\/revisions\/572"}],"wp:attachment":[{"href":"https:\/\/wp.ufpel.edu.br\/refugiadosbrasilcolombia\/wp-json\/wp\/v2\/media?parent=291"}],"curies":[{"name":"wp","href":"https:\/\/api.w.org\/{rel}","templated":true}]}}