{"id":28,"date":"2020-08-04T14:41:49","date_gmt":"2020-08-04T17:41:49","guid":{"rendered":"https:\/\/wp.ufpel.edu.br\/refugiadosbrasilcolombia\/?page_id=28"},"modified":"2020-10-08T21:24:59","modified_gmt":"2020-10-09T00:24:59","slug":"equipe","status":"publish","type":"page","link":"https:\/\/wp.ufpel.edu.br\/refugiadosbrasilcolombia\/equipe\/","title":{"rendered":"Equipe Brasil, Col\u00f4mbia, UK &amp; USA"},"content":{"rendered":"<p><img loading=\"lazy\" decoding=\"async\" class=\" wp-image-559 aligncenter\" src=\"https:\/\/wp.ufpel.edu.br\/refugiadosbrasilcolombia\/files\/2020\/08\/social-media-3846597-400x252.png\" alt=\"\" width=\"1026\" height=\"647\" srcset=\"https:\/\/wp.ufpel.edu.br\/refugiadosbrasilcolombia\/files\/2020\/08\/social-media-3846597-400x252.png 400w, https:\/\/wp.ufpel.edu.br\/refugiadosbrasilcolombia\/files\/2020\/08\/social-media-3846597-1024x646.png 1024w, https:\/\/wp.ufpel.edu.br\/refugiadosbrasilcolombia\/files\/2020\/08\/social-media-3846597-768x484.png 768w, https:\/\/wp.ufpel.edu.br\/refugiadosbrasilcolombia\/files\/2020\/08\/social-media-3846597-1536x969.png 1536w, https:\/\/wp.ufpel.edu.br\/refugiadosbrasilcolombia\/files\/2020\/08\/social-media-3846597.png 1920w\" sizes=\"auto, (max-width: 1026px) 100vw, 1026px\" \/><\/p>\n<p style=\"text-align: justify\">Somos um time de 29 pesquisadores extremamente focados nos estudos de <strong>INCLUS\u00c3O SOCIAL E BEM-ESTAR PARA TODOS<\/strong>, que \u00e9 o lema do Laborat\u00f3rio de Estudos Comportamentais (<a href=\"https:\/\/wp.ufpel.edu.br\/labcom\/pt\/pagina-inicial\/\">LabCom<\/a>), da Universidade Federal de Pelotas, o qual coordena o Projeto em parceria com a Universidade de La Sabana na Col\u00f4mbia e outras institui\u00e7\u00f5es do Brasil, Reino Unido e USA. J\u00e1 come\u00e7amos a desenvolver a fase inicial do Pacote de Trabalho 1, que se concentra no mapeamento das condi\u00e7\u00f5es de sa\u00fade e bem-estar dos refugiados venezuelanos no Brasil e na Col\u00f4mbia em todo territ\u00f3rio nacional dos dois pa\u00edses. A Universidade Federal de Pelotas financia sete bolsistas de inicia\u00e7\u00e3o cient\u00edfica para colaborar com a execu\u00e7\u00e3o dessa etapa. Conhe\u00e7a nossa equipe:<\/p>\n<p style=\"text-align: left\"><strong>Adriana Portella (Coordenadora no Brasil)<\/strong> &#8211; Universidade Federal de Pelotas, Brasil<\/p>\n<p style=\"text-align: left\"><strong>William Javier Guerrero (Coordenador na Col\u00f4mbia)<\/strong> &#8211; Universidad de La Sabana, Col\u00f4mbia<\/p>\n<p style=\"text-align: left\"><strong>Ryan Woolrych<\/strong> &#8211; Heriot-Watt University, UK<\/p>\n<p style=\"text-align: left\"><strong>Manuela Torres<\/strong> &#8211; Sayara International, USA<\/p>\n<p style=\"text-align: left\"><strong>William Mejia<\/strong> &#8211; Sayara International, USA<\/p>\n<p style=\"text-align: left\"><strong>Javier Morla<\/strong> &#8211; Sayara International, USA<\/p>\n<p style=\"text-align: left\"><strong>Jo\u00e3o Guilherme Granja<\/strong> &#8211; Escola Nacional de Administra\u00e7\u00e3o P\u00fablica, Brasil<\/p>\n<p style=\"text-align: left\"><strong>Sinval Cantarelli Xavier<\/strong> &#8211; Universidade Federal de Rio Grande, Brasil<\/p>\n<p style=\"text-align: left\"><strong>Eduardo Rocha<\/strong> &#8211; Universidade Federal de Pelotas, Brasil<\/p>\n<p style=\"text-align: left\"><strong>Eduardo Grala da Cunha<\/strong> &#8211; Universidade Federal de Pelotas, Brasil<\/p>\n<p style=\"text-align: left\"><strong>Guilherme Mansur<\/strong> &#8211; Escola Nacional de Administra\u00e7\u00e3o P\u00fablica, Brasil<\/p>\n<p style=\"text-align: left\"><strong>Celina Maria Britto Correa<\/strong> &#8211; Universidade Federal de Pelotas, Brasil<\/p>\n<p style=\"text-align: left\"><strong>Nirce Saffer Medvedovski<\/strong> &#8211; Universidade Federal de Pelotas, Brasil<\/p>\n<p style=\"text-align: left\"><strong>Gisele Pereira<\/strong> &#8211; Universidade Federal de Pelotas, Brasil<\/p>\n<p style=\"text-align: left\"><strong>Marifer del Carmen Vargas Rangel<\/strong> &#8211; Caritas Arqueodiocesana de S\u00e3o Paulo, Brasil<\/p>\n<p style=\"text-align: left\"><strong>Nadia Goodman<\/strong> &#8211; Individual Consultant do Programa Mundial de Alimentos das Na\u00e7\u00f5es Unidas (WFP), Reino Unido<\/p>\n<p style=\"text-align: left\"><strong>Vasco Andr\u00e9 Barbosa Brandao<\/strong> &#8211; Universidad de La Sabana, Col\u00f4mbia<\/p>\n<p style=\"text-align: left\"><strong>Marcos Ferreira Santos<\/strong> &#8211; Universidad de La Sabana, Col\u00f4mbia<\/p>\n<p style=\"text-align: left\"><strong>Leonardo Jos\u00e9 Gonzalez Rodriguez<\/strong> &#8211; Universidad de La Sabana, Col\u00f4mbia<\/p>\n<p style=\"text-align: left\"><strong>Ana Mar\u00eda Cruz Vidal<\/strong> &#8211; Universidad de La Sabana, Col\u00f4mbia<\/p>\n<p style=\"text-align: left\"><strong>Amanda Garcia<\/strong> &#8212; Universidade Federal de Pelotas, Brasil<\/p>\n<p style=\"text-align: left\"><strong>Daniela Bilhalva de Farias<\/strong> &#8211; Universidade Federal de Pelotas, Brasil<\/p>\n<p><strong>Dara Elisa dos Santos Bandeira <\/strong>&#8211; Universidade Federal de Pelotas, Brasil<\/p>\n<p style=\"text-align: left\"><strong>Emily Schiavinatto Nogueira<\/strong> &#8211; Universidade Federal de Pelotas, Brasil<\/p>\n<p style=\"text-align: left\"><strong>Karina dos Santos Moura<\/strong> &#8211; Universidade Federal de Pelotas, Brasil<\/p>\n<p><strong>J\u00falia Schaun<\/strong> &#8211; Universidade Federal de Pelotas, Brasil<\/p>\n<p style=\"text-align: left\"><strong>Lauren Nicole Gon\u00e7alves Duarte<\/strong> &#8211; Universidade Federal de Pelotas, Brasil<\/p>\n<p style=\"text-align: left\"><strong>Maureen Roux Cordeiro Lautenschl\u00e4ger<\/strong> &#8211; Universidade Federal de Pelotas, Brasil<\/p>\n<p style=\"text-align: left\"><strong>P\u00e2mela Padilha Silveira<\/strong> &#8211; Universidade Federal de Pelotas, Brasil<\/p>\n","protected":false},"excerpt":{"rendered":"<p>Somos um time de 29 pesquisadores extremamente focados nos estudos de INCLUS\u00c3O SOCIAL E BEM-ESTAR PARA TODOS, que \u00e9 o lema do Laborat\u00f3rio de Estudos Comportamentais (LabCom), da Universidade Federal de Pelotas, o qual coordena o Projeto em parceria com a Universidade de La Sabana na Col\u00f4mbia e outras institui\u00e7\u00f5es do Brasil, Reino Unido e [&hellip;]<\/p>\n","protected":false},"author":956,"featured_media":0,"parent":0,"menu_order":0,"comment_status":"closed","ping_status":"closed","template":"","meta":{"footnotes":""},"class_list":["post-28","page","type-page","status-publish","hentry","post"],"_links":{"self":[{"href":"https:\/\/wp.ufpel.edu.br\/refugiadosbrasilcolombia\/wp-json\/wp\/v2\/pages\/28","targetHints":{"allow":["GET"]}}],"collection":[{"href":"https:\/\/wp.ufpel.edu.br\/refugiadosbrasilcolombia\/wp-json\/wp\/v2\/pages"}],"about":[{"href":"https:\/\/wp.ufpel.edu.br\/refugiadosbrasilcolombia\/wp-json\/wp\/v2\/types\/page"}],"author":[{"embeddable":true,"href":"https:\/\/wp.ufpel.edu.br\/refugiadosbrasilcolombia\/wp-json\/wp\/v2\/users\/956"}],"replies":[{"embeddable":true,"href":"https:\/\/wp.ufpel.edu.br\/refugiadosbrasilcolombia\/wp-json\/wp\/v2\/comments?post=28"}],"version-history":[{"count":34,"href":"https:\/\/wp.ufpel.edu.br\/refugiadosbrasilcolombia\/wp-json\/wp\/v2\/pages\/28\/revisions"}],"predecessor-version":[{"id":558,"href":"https:\/\/wp.ufpel.edu.br\/refugiadosbrasilcolombia\/wp-json\/wp\/v2\/pages\/28\/revisions\/558"}],"wp:attachment":[{"href":"https:\/\/wp.ufpel.edu.br\/refugiadosbrasilcolombia\/wp-json\/wp\/v2\/media?parent=28"}],"curies":[{"name":"wp","href":"https:\/\/api.w.org\/{rel}","templated":true}]}}