{"id":256,"date":"2020-08-27T16:09:32","date_gmt":"2020-08-27T19:09:32","guid":{"rendered":"https:\/\/wp.ufpel.edu.br\/refugiadosbrasilcolombia\/?page_id=256"},"modified":"2020-10-08T21:48:56","modified_gmt":"2020-10-09T00:48:56","slug":"instituciones","status":"publish","type":"page","link":"https:\/\/wp.ufpel.edu.br\/refugiadosbrasilcolombia\/es\/instituciones\/","title":{"rendered":"Instituciones"},"content":{"rendered":"<div id=\"pl-256\"  class=\"panel-layout\" ><div id=\"pg-256-0\"  class=\"panel-grid panel-no-style\" ><div id=\"pgc-256-0-0\"  class=\"panel-grid-cell\" ><div id=\"panel-256-0-0-0\" class=\"so-panel widget widget_sow-editor panel-first-child panel-last-child\" data-index=\"0\" ><div\n\t\t\t\n\t\t\tclass=\"so-widget-sow-editor so-widget-sow-editor-base\"\n\t\t\t\n\t\t>\n<div class=\"siteorigin-widget-tinymce textwidget\">\n\t<p>Los investigadores del Proyecto forman parte de las siguientes instituciones:<\/p>\n<p><a href=\"https:\/\/www.furg.br\/\"><br \/>\n<\/a><a href=\"http:\/\/portal.ufpel.edu.br\/\"><img loading=\"lazy\" decoding=\"async\" class=\"wp-image-112 alignleft\" title=\"Universidade Federal de Pelotas\" src=\"https:\/\/wp.ufpel.edu.br\/refugiadosbrasilcolombia\/files\/2020\/08\/Escudo-Colorido-UFPEL_10042014-150x150-1-e1597966964179.png\" alt=\"\" width=\"121\" height=\"120\" \/><\/a><a href=\"https:\/\/www.furg.br\/\"><img loading=\"lazy\" decoding=\"async\" class=\"wp-image-116 alignleft\" title=\"Universidade Federal do Rio Grande\" src=\"https:\/\/wp.ufpel.edu.br\/refugiadosbrasilcolombia\/files\/2020\/08\/marca-vertical-e1597966618264-280x400.png\" alt=\"Universidade Federal do Rio Grande\" width=\"85\" height=\"122\" srcset=\"https:\/\/wp.ufpel.edu.br\/refugiadosbrasilcolombia\/files\/2020\/08\/marca-vertical-e1597966618264-280x400.png 280w, https:\/\/wp.ufpel.edu.br\/refugiadosbrasilcolombia\/files\/2020\/08\/marca-vertical-e1597966618264-716x1024.png 716w, https:\/\/wp.ufpel.edu.br\/refugiadosbrasilcolombia\/files\/2020\/08\/marca-vertical-e1597966618264-768x1099.png 768w, https:\/\/wp.ufpel.edu.br\/refugiadosbrasilcolombia\/files\/2020\/08\/marca-vertical-e1597966618264-1074x1536.png 1074w, https:\/\/wp.ufpel.edu.br\/refugiadosbrasilcolombia\/files\/2020\/08\/marca-vertical-e1597966618264.png 1133w\" sizes=\"auto, (max-width: 85px) 100vw, 85px\" \/><\/a><a href=\"https:\/\/enap.gov.br\/pt\/\"><img loading=\"lazy\" decoding=\"async\" class=\"wp-image-134 alignleft\" title=\"Escola Nacional de Administra\u00e7\u00e3o P\u00fablica, Brasil\" src=\"https:\/\/wp.ufpel.edu.br\/refugiadosbrasilcolombia\/files\/2020\/08\/ENAP.png\" alt=\"Escola Nacional de Administra\u00e7\u00e3o P\u00fablica, Brasil\" width=\"178\" height=\"102\" \/><\/a><a href=\"https:\/\/www.unisabana.edu.co\/\"><img loading=\"lazy\" decoding=\"async\" class=\"size-full wp-image-135 alignleft\" src=\"https:\/\/wp.ufpel.edu.br\/refugiadosbrasilcolombia\/files\/2020\/08\/Universidad-de-la-Sabana.png\" alt=\"\" width=\"350\" height=\"115\" \/><\/a><a href=\"https:\/\/sayarainternational.com\/\"><img loading=\"lazy\" decoding=\"async\" class=\"alignleft wp-image-141\" src=\"https:\/\/wp.ufpel.edu.br\/refugiadosbrasilcolombia\/files\/2020\/08\/j4gL-4_s_400x400-553x405-1.png\" alt=\"\" width=\"172\" height=\"129\" \/><\/a><a href=\"https:\/\/www.caritassp.org.br\/\"><img loading=\"lazy\" decoding=\"async\" class=\"wp-image-143 alignleft\" src=\"https:\/\/wp.ufpel.edu.br\/refugiadosbrasilcolombia\/files\/2020\/08\/Caritas-400x152.png\" alt=\"\" width=\"245\" height=\"94\" srcset=\"https:\/\/wp.ufpel.edu.br\/refugiadosbrasilcolombia\/files\/2020\/08\/Caritas-400x152.png 400w, https:\/\/wp.ufpel.edu.br\/refugiadosbrasilcolombia\/files\/2020\/08\/Caritas-1024x390.png 1024w, https:\/\/wp.ufpel.edu.br\/refugiadosbrasilcolombia\/files\/2020\/08\/Caritas-768x293.png 768w, https:\/\/wp.ufpel.edu.br\/refugiadosbrasilcolombia\/files\/2020\/08\/Caritas-1536x585.png 1536w, https:\/\/wp.ufpel.edu.br\/refugiadosbrasilcolombia\/files\/2020\/08\/Caritas-2048x780.png 2048w\" sizes=\"auto, (max-width: 245px) 100vw, 245px\" \/><\/a><\/p>\n<p><a href=\"https:\/\/www.hw.ac.uk\/\"><img loading=\"lazy\" decoding=\"async\" class=\"wp-image-715 alignleft\" src=\"https:\/\/wp.ufpel.edu.br\/refugiadosbrasilcolombia\/files\/2020\/09\/1200px-Heriot-Watt_University_logo.svg_.png\" alt=\"\" width=\"206\" height=\"103\" srcset=\"https:\/\/wp.ufpel.edu.br\/refugiadosbrasilcolombia\/files\/2020\/09\/1200px-Heriot-Watt_University_logo.svg_.png 1200w, https:\/\/wp.ufpel.edu.br\/refugiadosbrasilcolombia\/files\/2020\/09\/1200px-Heriot-Watt_University_logo.svg_-400x200.png 400w, https:\/\/wp.ufpel.edu.br\/refugiadosbrasilcolombia\/files\/2020\/09\/1200px-Heriot-Watt_University_logo.svg_-1024x512.png 1024w, https:\/\/wp.ufpel.edu.br\/refugiadosbrasilcolombia\/files\/2020\/09\/1200px-Heriot-Watt_University_logo.svg_-768x384.png 768w, https:\/\/wp.ufpel.edu.br\/refugiadosbrasilcolombia\/files\/2020\/09\/1200px-Heriot-Watt_University_logo.svg_-960x480.png 960w\" sizes=\"auto, (max-width: 206px) 100vw, 206px\" \/><\/a><\/p>\n<p>&nbsp;<\/p>\n<p>&nbsp;<\/p>\n<p>&nbsp;<\/p>\n<p>&nbsp;<\/p>\n<p>&nbsp;<\/p>\n<p>&nbsp;<\/p>\n<p>&nbsp;<\/p>\n<\/div>\n<\/div><\/div><\/div><\/div><\/div>","protected":false},"excerpt":{"rendered":"<p>Los investigadores del Proyecto forman parte de las siguientes instituciones: &nbsp; &nbsp; &nbsp; &nbsp; &nbsp; &nbsp; &nbsp;<\/p>\n","protected":false},"author":956,"featured_media":0,"parent":0,"menu_order":0,"comment_status":"closed","ping_status":"closed","template":"","meta":{"footnotes":""},"class_list":["post-256","page","type-page","status-publish","hentry","post"],"_links":{"self":[{"href":"https:\/\/wp.ufpel.edu.br\/refugiadosbrasilcolombia\/wp-json\/wp\/v2\/pages\/256","targetHints":{"allow":["GET"]}}],"collection":[{"href":"https:\/\/wp.ufpel.edu.br\/refugiadosbrasilcolombia\/wp-json\/wp\/v2\/pages"}],"about":[{"href":"https:\/\/wp.ufpel.edu.br\/refugiadosbrasilcolombia\/wp-json\/wp\/v2\/types\/page"}],"author":[{"embeddable":true,"href":"https:\/\/wp.ufpel.edu.br\/refugiadosbrasilcolombia\/wp-json\/wp\/v2\/users\/956"}],"replies":[{"embeddable":true,"href":"https:\/\/wp.ufpel.edu.br\/refugiadosbrasilcolombia\/wp-json\/wp\/v2\/comments?post=256"}],"version-history":[{"count":6,"href":"https:\/\/wp.ufpel.edu.br\/refugiadosbrasilcolombia\/wp-json\/wp\/v2\/pages\/256\/revisions"}],"predecessor-version":[{"id":735,"href":"https:\/\/wp.ufpel.edu.br\/refugiadosbrasilcolombia\/wp-json\/wp\/v2\/pages\/256\/revisions\/735"}],"wp:attachment":[{"href":"https:\/\/wp.ufpel.edu.br\/refugiadosbrasilcolombia\/wp-json\/wp\/v2\/media?parent=256"}],"curies":[{"name":"wp","href":"https:\/\/api.w.org\/{rel}","templated":true}]}}