{"id":252,"date":"2020-08-27T16:06:38","date_gmt":"2020-08-27T19:06:38","guid":{"rendered":"https:\/\/wp.ufpel.edu.br\/refugiadosbrasilcolombia\/?page_id=252"},"modified":"2020-10-08T21:26:30","modified_gmt":"2020-10-09T00:26:30","slug":"proyecto","status":"publish","type":"page","link":"https:\/\/wp.ufpel.edu.br\/refugiadosbrasilcolombia\/es\/proyecto\/","title":{"rendered":"El Proyecto en el Contexto Pand\u00e9mico COVID-19"},"content":{"rendered":"<p><img loading=\"lazy\" decoding=\"async\" class=\" wp-image-528 aligncenter\" src=\"https:\/\/wp.ufpel.edu.br\/refugiadosbrasilcolombia\/files\/2020\/08\/CASA-1024x603-1-400x236.jpg\" alt=\"\" width=\"1022\" height=\"603\" srcset=\"https:\/\/wp.ufpel.edu.br\/refugiadosbrasilcolombia\/files\/2020\/08\/CASA-1024x603-1-400x236.jpg 400w, https:\/\/wp.ufpel.edu.br\/refugiadosbrasilcolombia\/files\/2020\/08\/CASA-1024x603-1-768x452.jpg 768w, https:\/\/wp.ufpel.edu.br\/refugiadosbrasilcolombia\/files\/2020\/08\/CASA-1024x603-1.jpg 1024w\" sizes=\"auto, (max-width: 1022px) 100vw, 1022px\" \/><\/p>\n<p style=\"text-align: justify\">La pandemia de COVID-19 ha creado desaf\u00edos a\u00fan m\u00e1s importantes para los refugiados, quienes a menudo han comprometido su capacidad para acceder a servicios b\u00e1sicos de salud y atenci\u00f3n social, participaci\u00f3n social y compromiso c\u00edvico. Brasil y Colombia est\u00e1n experimentando profundos cambios urbanos como resultado del desplazamiento interno y la migraci\u00f3n transfronteriza. La migraci\u00f3n interna ha sido un factor clave, pero el flujo de refugiados, incluidos los que huyen de la reciente crisis en Venezuela, ha creado desaf\u00edos para las \u00e1reas urbanas en t\u00e9rminos de proporcionar la infraestructura f\u00edsica, social y comunitaria necesaria para apoyar la salud y bienestar. M\u00e1s de 5 millones de venezolanos han huido de su pa\u00eds desde 2014, con 1.764 millones viviendo en Colombia y 264.617 en Brasil (R4V, agosto de 2020). La agencia de migraci\u00f3n de las Naciones Unidas, la Organizaci\u00f3n Internacional para las Migraciones (OIM), advirti\u00f3 que Venezuela se encamina hacia el mismo &#8220;momento de crisis&#8221; de refugiados visto en el Mediterr\u00e1neo en 2015. Brasil y Colombia ya ten\u00edan fr\u00e1giles apoyos formales de salud e infraestructura urbana incluso antes de la pandemia de COVID-19, comprometiendo el bienestar de los refugiados. La construcci\u00f3n de sitios resilientes para apoyar la salud y el bienestar se ha identificado como una estrategia de protecci\u00f3n potencial para permitir que las comunidades respondan mejor al riesgo y la vulnerabilidad. Para promover la inclusi\u00f3n social, debemos entender la resiliencia como &#8220;saltar hacia adelante&#8221; en lugar de &#8220;saltar hacia atr\u00e1s&#8221;. Esta conceptualizaci\u00f3n alternativa se considera m\u00e1s compatible con nuestra perspectiva de estudio: la atenci\u00f3n se centra en la capacidad de las comunidades para continuar un camino de desarrollo ascendente, en lugar de simplemente regresar a su nivel original de vulnerabilidad antes de la pandemia.<\/p>\n<p style=\"text-align: justify\">Teniendo en cuenta este contexto, el Proyecto <span style=\"color: #76323f\"><strong>\u2018Dise\u00f1o de Comunidades Resilientes para apoyar la Salud y el Bienestar de los Refugiados Venezolanos en Brasil y Colombia&#8217;<\/strong> <\/span>comenz\u00f3 su exploraci\u00f3n en julio de 2020 y busca proponer herramientas y recursos tecnol\u00f3gicos para informar el desarrollo de comunidades resilientes para los venezolanos refugiados en t\u00e9rminos de acceso a apoyo en salud y bienestar en Brasil y Colombia, considerando el contexto de la pandemia COVID-19. Este proyecto propone un conjunto de herramientas para la planificaci\u00f3n y gesti\u00f3n urbana integral, que contribuyen al desarrollo de pol\u00edticas y pr\u00e1cticas p\u00fablicas de resiliencia efectiva en respuesta al COVID-19. Estas herramientas buscan intervenciones inclusivas, de car\u00e1cter tecnol\u00f3gico, que brinden apoyo a las agencias p\u00fablicas para asistir y apoyar la salud y el bienestar de este grupo vulnerable. Este proyecto es una prioridad ahora, ya que el impacto de COVID-19 est\u00e1 causando efectos nocivos en pa\u00edses de ingresos bajos y medios (PIBM &#8211; Pa\u00edses de ingresos bajos y medios), como Brasil y Colombia. El 80% de los refugiados viven en PIBM y estas \u00e1reas ya cuentan con un d\u00e9bil apoyo formal para la salud y la infraestructura urbana, lo que compromete a\u00fan m\u00e1s el bienestar de esta poblaci\u00f3n. Las experiencias anteriores con el virus del \u00c9bola y otros brotes han demostrado que las pol\u00edticas p\u00fablicas deben incluir a los refugiados y las personas desplazadas de sus pa\u00edses para combatir el impacto de las pandemias y garantizar que todos tengan acceso a la salud y el bienestar. Reconocemos que las pol\u00edticas p\u00fablicas deben incluir a los refugiados en las medidas de preparaci\u00f3n\/respuesta a la pandemia de COVID-19. Reconocemos que se necesita apoyo urgente para explorar c\u00f3mo las comunidades pueden ser resilientes y estar preparadas para enfrentar pandemias, tanto m\u00e1s inmediatamente en el contexto de COVID-19 y en escenarios futuros.<\/p>\n<p style=\"text-align: justify\">Buscamos responder a la siguiente pregunta: \u00bfC\u00f3mo planificar comunidades resilientes e inclusivas, involucrando a refugiados venezolanos en Brasil y Colombia, que apoyen la salud y el bienestar en respuesta a la pandemia de COVID-19?<\/p>\n<p style=\"text-align: justify\">Como objetivos tenemos:<\/p>\n<p style=\"text-align: justify\">(i) desarrollar una <strong>Plataforma Multinacional SIG<\/strong>, capaz de mapear la salud y el bienestar de los refugiados venezolanos en Brasil y Colombia en todo el territorio nacional de ambos pa\u00edses, con el fin de comprender las necesidades de esta poblaci\u00f3n en respuesta a la pandemia COVID-19;<\/p>\n<p style=\"text-align: justify\">(ii) mapear y comprender las experiencias de los refugiados venezolanos en Brasil y Colombia utilizando una aplicaci\u00f3n m\u00f3vil innovadora que puede identificar las barreras, desaf\u00edos y oportunidades que existen y\/o que podr\u00edan crearse para promover la planificaci\u00f3n urbana sostenible y saludable para las comunidades durante y despu\u00e9s de la pandemia de COVID-19;<\/p>\n<p style=\"text-align: justify\">(iii) desarrollar la capacidad tecnol\u00f3gica adem\u00e1s de la investigaci\u00f3n, trabajando en estrecha colaboraci\u00f3n con las comunidades, los actores humanitarios, los formuladores de pol\u00edticas p\u00fablicas y profesionales e investigadores en Brasil y Colombia.<\/p>\n<p style=\"text-align: justify\">El desarrollo inicial de la Plataforma GIS estar\u00e1 disponible en unos meses y r\u00e1pidamente estar\u00e1 disponible para los principales interesados, financiadores y beneficiarios. Esta Plataforma GIS tendr\u00e1 el potencial de adaptarse y expandirse a otros pa\u00edses y regiones afectados por la pandemia. La aplicaci\u00f3n m\u00f3vil que se desarrollar\u00e1, <strong>BondCommunities app<\/strong>, brindar\u00e1 acceso a los datos de la plataforma, as\u00ed como a otras funciones para la captura de entrevistas, diarios fotogr\u00e1ficos y foros de pol\u00edticas p\u00fablicas. Es importante se\u00f1alar que los resultados tambi\u00e9n apoyar\u00e1n las intervenciones existentes, incluida la Plataforma <a href=\"https:\/\/r4v.info\/en\/situations\/platform#\">R4V<\/a> ya desarrollada por ACNUR, para que los entendimientos de salud y bienestar puedan vincularse en diferentes asentamientos donde viven refugiados venezolanos en Brasil y Colombia.<\/p>\n<p style=\"text-align: justify\">Luego, se desarrollar\u00e1 un <strong>conjunto de herramientas<\/strong> que contendr\u00e1 recomendaciones espec\u00edficas sobre c\u00f3mo se pueden <strong>planificar las comunidades para enfrentar momentos de pandemia, como COVID-19<\/strong>, de una manera resiliente, libre de p\u00e1nico y consciente. El trabajo multidisciplinario desarrollado en estrecha colaboraci\u00f3n con acad\u00e9micos de Brasil, Colombia, Reino Unido y USA, comunidades locales, actores humanitarios, pol\u00edticos p\u00fablicos y profesionales, es fundamental para el logro de objetivos, la aplicaci\u00f3n exitosa y la mejora de los m\u00e9todos aplicados. Este trabajo en equipo tambi\u00e9n permitir\u00e1 el establecimiento de rutas de impacto, de modo que los recursos y herramientas est\u00e9n inmediatamente disponibles para las instituciones interesadas para apoyar la toma de decisiones.<\/p>\n<p style=\"text-align: justify\">El proyecto es innovador tanto en el dise\u00f1o de la investigaci\u00f3n como en el car\u00e1cter multidisciplinario del equipo del proyecto, impulsado por una estructura que coloca a las comunidades centrales en el proceso de investigaci\u00f3n. La muestra de poblaci\u00f3n se basar\u00e1 en varios grupos de edad, g\u00e9neros mixtos y tipolog\u00edas dom\u00e9sticas (por ejemplo, vivir solo, familias, parejas).<\/p>\n<h3>Brasil &amp; Colombia en proceso de recepci\u00f3n<\/h3>\n<p style=\"text-align: justify\"><strong><img loading=\"lazy\" decoding=\"async\" class=\" wp-image-530 alignleft\" src=\"https:\/\/wp.ufpel.edu.br\/refugiadosbrasilcolombia\/files\/2020\/08\/volunteers-2654004_1920-768x342-1-400x178.jpg\" alt=\"\" width=\"589\" height=\"262\" srcset=\"https:\/\/wp.ufpel.edu.br\/refugiadosbrasilcolombia\/files\/2020\/08\/volunteers-2654004_1920-768x342-1-400x178.jpg 400w, https:\/\/wp.ufpel.edu.br\/refugiadosbrasilcolombia\/files\/2020\/08\/volunteers-2654004_1920-768x342-1.jpg 768w\" sizes=\"auto, (max-width: 589px) 100vw, 589px\" \/>Brasil juega un importante papel de liderazgo en la protecci\u00f3n internacional de migrantes y refugiados, siendo el primer pa\u00eds del Cono Sur en ratificar la Convenci\u00f3n sobre el Estatuto de los Refugiados de 1951 en 1960.<\/strong> Hay 264.617 venezolanos viviendo en Brasil (ACNUR, 2020) y en entre 150 y 200 venezolanos pasan un d\u00eda en el Centro de Recepci\u00f3n y Registro de la ciudad de Pacaraima en Roraima, uno de los principales puntos de entrada en la frontera entre Brasil y Venezuela. El Gobierno Federal de Brasil ha implementado un programa de interiorizaci\u00f3n, <a href=\"https:\/\/www.gov.br\/acolhida\/historico\/\">la Operaci\u00f3n Acolhida<\/a>, dirigida a los refugiados venezolanos desde 2018. Su principal objetivo es trasladar a los refugiados de \u00e1reas donde los servicios p\u00fablicos y las oportunidades econ\u00f3micas son desproporcionadamente escasos a destinos donde los servicios p\u00fablicos locales se pueden desarrollar mejor para apoyar iniciativas de integraci\u00f3n. Adem\u00e1s de este programa planificado y asistido, hay un movimiento espont\u00e1neo de refugiados en el territorio nacional, principalmente hacia las grandes ciudades como S\u00e3o Paulo y R\u00edo de Janeiro. Esta combinaci\u00f3n de estrategias migratorias, inducidas y espont\u00e1neas, plantea el desaf\u00edo de c\u00f3mo dise\u00f1ar pol\u00edticas de integraci\u00f3n a largo plazo. Como indica ACNUR (Agencia de las Naciones Unidas para los Refugiados) en el documento del Comit\u00e9 Ejecutivo \u201c<a href=\"https:\/\/www.unhcr.org\/575a74597.pdf\">Nuevos enfoques de soluciones<\/a>\u201d, es necesario examinar intervenciones m\u00e1s permanentes e integrales que trabajen para el desarrollo de comunidades saludables y sostenibles, orientadas al reasentamiento a largo plazo. fecha l\u00edmite.<\/p>\n<p style=\"text-align: justify\"><strong>En Colombia, seg\u00fan ACNUR, a agosto de 2020, 1.764.883 refugiados venezolanos se hab\u00edan asentado en el pa\u00eds<\/strong>. La respuesta del gobierno colombiano a esta afluencia de refugiados se ha centrado en la concesi\u00f3n de un Permiso Especial de Estad\u00eda (PEP), que permite a los refugiados acceder a un empleo formal, as\u00ed como a servicios de educaci\u00f3n y salud por hasta dos a\u00f1os (Consejo Nacional de Pol\u00edtica Econ\u00f3mica y Social, 2018). Sin una pol\u00edtica integral de inmigraci\u00f3n y reubicaci\u00f3n, los refugiados venezolanos se est\u00e1n reasentando permanentemente en \u00e1reas urbanas perif\u00e9ricas de grandes ciudades, como Bogot\u00e1, Barranquilla, C\u00facuta, Medell\u00edn, Cartagena y Cali (Fedesarrollo y ACRIP, 2018), con Bogot\u00e1 como su principal destino. recibiendo 238,758 inmigrantes permanentes (Ministerio de Relaciones Exteriores de Colombia). En 2017, se estim\u00f3 que el \u00e1rea metropolitana de Sabana de Bogot\u00e1 (Bogot\u00e1 y 11 municipios vecinos) ten\u00eda 158.000 del d\u00e9ficit habitacional total, con 60.573 familias sin hogar y 97.334 viviendas consideradas estructuralmente vulnerables o ubicadas en barrios sin servicios p\u00fablicos (Secretar\u00eda de Planificaci\u00f3n , 2017). Dado el aumento actual de la migraci\u00f3n de refugiados desde Venezuela, se espera un mayor estr\u00e9s en la infraestructura de la ciudad para la prestaci\u00f3n de servicios esenciales. Si bien la tasa de desempleo en Bogot\u00e1 es del 11%, alcanza el 18% para los refugiados venezolanos (Fedesarrollo y ACRIP, 2018), lo que limita a\u00fan m\u00e1s el acceso a servicios p\u00fablicos esenciales, como viviendas y servicios de calidad, para familias desempleadas y empleado informalmente.<\/p>\n<p style=\"text-align: justify\">El objetivo a largo plazo del proyecto es influir en la pol\u00edtica y la pr\u00e1ctica regionales a trav\u00e9s de una <strong>Agenda de &#8216;Ciudades Resilientes para los Refugiados&#8217;<\/strong> que aborde c\u00f3mo planificar y dise\u00f1ar mejor las comunidades para apoyar la salud y el bienestar en caso de pandemias futuras. . Los resultados en t\u00e9rminos de la plataforma, las herramientas y las pautas para las comunidades resilientes proporcionar\u00e1n un legado duradero a nivel local y nacional, brindando un apoyo pr\u00e1ctico que podr\u00eda ayudar a las agencias humanitarias regionales e internacionales en Am\u00e9rica Latina, Asia y \u00c1frica, por ejemplo. La plataforma GIS y el juego de herramientas ofrecen la oportunidad de expandirse para mapear otros pa\u00edses donde COVID-19 ha tenido un impacto en las comunidades de refugiados. Trabajaremos con nuestros socios del proyecto para identificar las partes interesadas regionales e internacionales relevantes que se beneficiar\u00edan de la investigaci\u00f3n, as\u00ed como tambi\u00e9n utilizaremos las redes existentes para promover el desarrollo de capacidades y la escalabilidad del proyecto a otros pa\u00edses.<\/p>\n","protected":false},"excerpt":{"rendered":"<p>La pandemia de COVID-19 ha creado desaf\u00edos a\u00fan m\u00e1s importantes para los refugiados, quienes a menudo han comprometido su capacidad para acceder a servicios b\u00e1sicos de salud y atenci\u00f3n social, participaci\u00f3n social y compromiso c\u00edvico. Brasil y Colombia est\u00e1n experimentando profundos cambios urbanos como resultado del desplazamiento interno y la migraci\u00f3n transfronteriza. La migraci\u00f3n interna [&hellip;]<\/p>\n","protected":false},"author":956,"featured_media":0,"parent":0,"menu_order":0,"comment_status":"closed","ping_status":"closed","template":"","meta":{"footnotes":""},"class_list":["post-252","page","type-page","status-publish","hentry","post"],"_links":{"self":[{"href":"https:\/\/wp.ufpel.edu.br\/refugiadosbrasilcolombia\/wp-json\/wp\/v2\/pages\/252","targetHints":{"allow":["GET"]}}],"collection":[{"href":"https:\/\/wp.ufpel.edu.br\/refugiadosbrasilcolombia\/wp-json\/wp\/v2\/pages"}],"about":[{"href":"https:\/\/wp.ufpel.edu.br\/refugiadosbrasilcolombia\/wp-json\/wp\/v2\/types\/page"}],"author":[{"embeddable":true,"href":"https:\/\/wp.ufpel.edu.br\/refugiadosbrasilcolombia\/wp-json\/wp\/v2\/users\/956"}],"replies":[{"embeddable":true,"href":"https:\/\/wp.ufpel.edu.br\/refugiadosbrasilcolombia\/wp-json\/wp\/v2\/comments?post=252"}],"version-history":[{"count":13,"href":"https:\/\/wp.ufpel.edu.br\/refugiadosbrasilcolombia\/wp-json\/wp\/v2\/pages\/252\/revisions"}],"predecessor-version":[{"id":685,"href":"https:\/\/wp.ufpel.edu.br\/refugiadosbrasilcolombia\/wp-json\/wp\/v2\/pages\/252\/revisions\/685"}],"wp:attachment":[{"href":"https:\/\/wp.ufpel.edu.br\/refugiadosbrasilcolombia\/wp-json\/wp\/v2\/media?parent=252"}],"curies":[{"name":"wp","href":"https:\/\/api.w.org\/{rel}","templated":true}]}}