{"id":242,"date":"2020-08-27T15:56:19","date_gmt":"2020-08-27T18:56:19","guid":{"rendered":"https:\/\/wp.ufpel.edu.br\/refugiadosbrasilcolombia\/?page_id=242"},"modified":"2020-10-08T21:24:28","modified_gmt":"2020-10-09T00:24:28","slug":"equipo","status":"publish","type":"page","link":"https:\/\/wp.ufpel.edu.br\/refugiadosbrasilcolombia\/es\/equipo\/","title":{"rendered":"Equipo Brasil, Colombia, Reino Unido &amp; Estados Unidos"},"content":{"rendered":"<p><img loading=\"lazy\" decoding=\"async\" class=\" wp-image-564 aligncenter\" src=\"https:\/\/wp.ufpel.edu.br\/refugiadosbrasilcolombia\/files\/2020\/08\/social-media-3846597-1-400x252.png\" alt=\"\" width=\"1020\" height=\"642\" srcset=\"https:\/\/wp.ufpel.edu.br\/refugiadosbrasilcolombia\/files\/2020\/08\/social-media-3846597-1-400x252.png 400w, https:\/\/wp.ufpel.edu.br\/refugiadosbrasilcolombia\/files\/2020\/08\/social-media-3846597-1-1024x646.png 1024w, https:\/\/wp.ufpel.edu.br\/refugiadosbrasilcolombia\/files\/2020\/08\/social-media-3846597-1-768x484.png 768w, https:\/\/wp.ufpel.edu.br\/refugiadosbrasilcolombia\/files\/2020\/08\/social-media-3846597-1-1536x969.png 1536w, https:\/\/wp.ufpel.edu.br\/refugiadosbrasilcolombia\/files\/2020\/08\/social-media-3846597-1.png 1920w\" sizes=\"auto, (max-width: 1020px) 100vw, 1020px\" \/><\/p>\n<p style=\"text-align: justify\">Somos un equipo de 29 investigadores extremadamente enfocados en los estudios de <strong>INCLUSI\u00d3N SOCIAL Y BIENESTAR PARA TODOS<\/strong>, que es el lema del Laboratorio de Estudios del Comportamiento (<a href=\"https:\/\/wp.ufpel.edu.br\/labcom\/pt\/pagina-inicial\/\">LabCom<\/a>), de la Universidad Federal de Pelotas, que coordina el Proyecto en alianza con la Universidad de La Sabana en Colombia y otras instituciones en Brasil, Reino Unido y Estados Unidos. Ya comenzamos a desarrollar la fase inicial del Paquete de Trabajo 1, que se enfoca en mapear la salud y el bienestar de los refugiados venezolanos en Brasil y Colombia en todo el territorio nacional de ambos pa\u00edses. La Universidad Federal de Pelotas financia siete becarios de iniciaci\u00f3n cient\u00edfica para colaborar con la ejecuci\u00f3n de esta etapa. Conozca a nuestro equipo:<\/p>\n<p style=\"text-align: justify\"><strong>Adriana Portella (Coordinadora en Brasil)<\/strong> &#8211; Universidad Federal de Pelotas, Brasil<\/p>\n<p style=\"text-align: justify\"><strong>William Javier Guerrero (Coordinador en Colombia)<\/strong> &#8211; Universidad de La Sabana, Colombia<\/p>\n<p style=\"text-align: justify\"><strong>Ryan Woolrych<\/strong> &#8211; Universidad Heriot-Watt, Reino Unido<\/p>\n<p style=\"text-align: justify\"><strong>Manuela Torres<\/strong> &#8211; Sayara International, Estados Unidos<\/p>\n<p style=\"text-align: justify\"><strong>William Mejia<\/strong> &#8211; Sayara International, Estados Unidos<\/p>\n<p style=\"text-align: justify\"><strong>Javier Morla<\/strong> &#8211; Sayara International, Estados Unidos<\/p>\n<p style=\"text-align: justify\"><strong>Jo\u00e3o Guilherme Granja<\/strong> &#8211; Escuela Nacional de Administraci\u00f3n P\u00fablica, Brasil<\/p>\n<p style=\"text-align: justify\"><strong>Sinval Cantarelli Xavier<\/strong> &#8211; Universidad Federal de Rio Grande, Brasil<\/p>\n<p style=\"text-align: justify\"><strong>Eduardo Rocha<\/strong> &#8211; Universidad Federal de Pelotas, Brasil<\/p>\n<p style=\"text-align: justify\"><strong>Eduardo Grala da Cunha<\/strong> &#8211; Universidad Federal de Pelotas, Brasil<\/p>\n<p style=\"text-align: justify\"><strong>Guilherme Mansur<\/strong> &#8211; Escuela Nacional de Administraci\u00f3n P\u00fablica, Brasil<\/p>\n<p style=\"text-align: justify\"><strong>Celina Maria Britto Correa<\/strong> &#8211; Universidad Federal de Pelotas, Brasil<\/p>\n<p style=\"text-align: justify\"><strong>Nirce Saffer Medvedovski<\/strong> &#8211; Universidad Federal de Pelotas, Brasil<\/p>\n<p style=\"text-align: justify\"><strong>Gisele Pereira<\/strong> &#8211; Universidad Federal de Pelotas, Brasil<\/p>\n<p style=\"text-align: justify\"><strong>Marifer del Carmen Vargas Rangel<\/strong> &#8211; Caritas Archeodiocesana de S\u00e3o Paulo, Brasil<\/p>\n<p style=\"text-align: justify\"><strong>Nadia Goodman<\/strong> &#8211; Consultora individual del Programa Mundial de Alimentos (PMA) de las Naciones Unidas, Reino Unido<\/p>\n<p style=\"text-align: justify\"><strong>Vasco Andr\u00e9 Barbosa Brandao<\/strong> &#8211; Universidad de La Sabana, Colombia<\/p>\n<p style=\"text-align: justify\"><strong>Marcos Ferreira Santos<\/strong> &#8211; Universidad de La Sabana, Colombia<\/p>\n<p style=\"text-align: justify\"><strong>Leonardo Jos\u00e9 Gonz\u00e1lez Rodr\u00edguez<\/strong> &#8211; Universidad de La Sabana, Colombia<\/p>\n<p style=\"text-align: justify\"><strong>Ana Mar\u00eda Cruz Vidal<\/strong> &#8211; Universidad de La Sabana, Colombia<\/p>\n<p style=\"text-align: justify\"><strong>Amanda Garc\u00eda<\/strong> &#8211; Universidad Federal de Pelotas, Brasil<\/p>\n<p style=\"text-align: justify\"><strong>Daniela Bilhalva de Farias<\/strong> &#8211; Universidad Federal de Pelotas, Brasil<\/p>\n<p style=\"text-align: justify\"><strong>Dara Elisa dos Santos Bandeira<\/strong> &#8211; Universidad Federal de Pelotas, Brasil<\/p>\n<p style=\"text-align: justify\"><strong>Emily Schiavinatto Nogueira<\/strong> &#8211; Universidad Federal de Pelotas, Brasil<\/p>\n<p style=\"text-align: justify\"><strong>Karina dos Santos Moura<\/strong> &#8211; Universidad Federal de Pelotas, Brasil<\/p>\n<p style=\"text-align: justify\"><strong>J\u00falia Schaun<\/strong> &#8211; Universidad Federal de Pelotas, Brasil<\/p>\n<p style=\"text-align: justify\"><strong>Lauren Nicole Gon\u00e7alves Duarte<\/strong> &#8211; Universidad Federal de Pelotas, Brasil<\/p>\n<p style=\"text-align: justify\"><strong>Maureen Roux Cordeiro Lautenschl\u00e4ger<\/strong> &#8211; Universidad Federal de Pelotas, Brasil<\/p>\n<p style=\"text-align: justify\"><strong>P\u00e2mela Padilha Silveira<\/strong> &#8211; Universidad Federal de Pelotas, Brasil<\/p>\n","protected":false},"excerpt":{"rendered":"<p>Somos un equipo de 29 investigadores extremadamente enfocados en los estudios de INCLUSI\u00d3N SOCIAL Y BIENESTAR PARA TODOS, que es el lema del Laboratorio de Estudios del Comportamiento (LabCom), de la Universidad Federal de Pelotas, que coordina el Proyecto en alianza con la Universidad de La Sabana en Colombia y otras instituciones en Brasil, Reino [&hellip;]<\/p>\n","protected":false},"author":956,"featured_media":0,"parent":0,"menu_order":0,"comment_status":"closed","ping_status":"closed","template":"","meta":{"footnotes":""},"class_list":["post-242","page","type-page","status-publish","hentry","post"],"_links":{"self":[{"href":"https:\/\/wp.ufpel.edu.br\/refugiadosbrasilcolombia\/wp-json\/wp\/v2\/pages\/242","targetHints":{"allow":["GET"]}}],"collection":[{"href":"https:\/\/wp.ufpel.edu.br\/refugiadosbrasilcolombia\/wp-json\/wp\/v2\/pages"}],"about":[{"href":"https:\/\/wp.ufpel.edu.br\/refugiadosbrasilcolombia\/wp-json\/wp\/v2\/types\/page"}],"author":[{"embeddable":true,"href":"https:\/\/wp.ufpel.edu.br\/refugiadosbrasilcolombia\/wp-json\/wp\/v2\/users\/956"}],"replies":[{"embeddable":true,"href":"https:\/\/wp.ufpel.edu.br\/refugiadosbrasilcolombia\/wp-json\/wp\/v2\/comments?post=242"}],"version-history":[{"count":9,"href":"https:\/\/wp.ufpel.edu.br\/refugiadosbrasilcolombia\/wp-json\/wp\/v2\/pages\/242\/revisions"}],"predecessor-version":[{"id":371,"href":"https:\/\/wp.ufpel.edu.br\/refugiadosbrasilcolombia\/wp-json\/wp\/v2\/pages\/242\/revisions\/371"}],"wp:attachment":[{"href":"https:\/\/wp.ufpel.edu.br\/refugiadosbrasilcolombia\/wp-json\/wp\/v2\/media?parent=242"}],"curies":[{"name":"wp","href":"https:\/\/api.w.org\/{rel}","templated":true}]}}