{"id":84,"date":"2024-09-03T20:29:46","date_gmt":"2024-09-03T23:29:46","guid":{"rendered":"https:\/\/wp.ufpel.edu.br\/redeteabrasil\/?page_id=84"},"modified":"2025-08-14T18:11:59","modified_gmt":"2025-08-14T21:11:59","slug":"contato","status":"publish","type":"page","link":"https:\/\/wp.ufpel.edu.br\/redeteabrasil\/contato\/","title":{"rendered":"Contato"},"content":{"rendered":"<p>Profa. Dra. Juliana dos Santos Vaz<br \/>\nFaculdade de Nutri\u00e7\u00e3o, Universidade Federal de Pelotas (UFPel)<br \/>\nE-mail: <a href=\"mailto:juliana.vaz@ufpel.edu.br\" target=\"_blank\" rel=\"noopener\">juliana.vaz@ufpel.edu.br<\/a><br \/>\nTelefone: +55 (53) 3284-3835<br \/>\nEndere\u00e7o: Rua Gomes Carneiro, 01 \u2013 2\u00ba andar, Sala 223, Pelotas \u2013 RS, CEP 96010-610<\/p>\n<hr \/>\n<p><span style=\"font-size: 14pt; color: #135685;\"><strong>Redes Sociais<\/strong><\/span><br \/>\nInstagram: <a href=\"https:\/\/www.instagram.com\/redeteabrasil\/\" target=\"_blank\" rel=\"noopener\">@redeteabrasil<\/a> | <a href=\"https:\/\/www.instagram.com\/estudopana\/\" target=\"_blank\" rel=\"noopener\">@estudopana<\/a><br \/>\nFacebook: <a href=\"https:\/\/www.facebook.com\/redeteabrasil\/\">Rede TEA Brasil<\/a><br \/>\nSite: <a href=\"https:\/\/wp.ufpel.edu.br\/redeteabrasil\">https:\/\/wp.ufpel.edu.br\/redeteabrasil<\/a><\/p>\n<p>&nbsp;<\/p>\n<p>&nbsp;<\/p>\n","protected":false},"excerpt":{"rendered":"<p>Profa. Dra. Juliana dos Santos Vaz Faculdade de Nutri\u00e7\u00e3o, Universidade Federal de Pelotas (UFPel) E-mail: juliana.vaz@ufpel.edu.br Telefone: +55 (53) 3284-3835 Endere\u00e7o: Rua Gomes Carneiro, 01 \u2013 2\u00ba andar, Sala 223, Pelotas \u2013 RS, CEP 96010-610 Redes Sociais Instagram: @redeteabrasil | @estudopana Facebook: Rede TEA Brasil Site: https:\/\/wp.ufpel.edu.br\/redeteabrasil &nbsp; &nbsp;<\/p>\n","protected":false},"author":1375,"featured_media":0,"parent":0,"menu_order":0,"comment_status":"closed","ping_status":"closed","template":"","meta":{"footnotes":""},"class_list":["post-84","page","type-page","status-publish","hentry","post"],"jetpack_sharing_enabled":true,"_links":{"self":[{"href":"https:\/\/wp.ufpel.edu.br\/redeteabrasil\/wp-json\/wp\/v2\/pages\/84","targetHints":{"allow":["GET"]}}],"collection":[{"href":"https:\/\/wp.ufpel.edu.br\/redeteabrasil\/wp-json\/wp\/v2\/pages"}],"about":[{"href":"https:\/\/wp.ufpel.edu.br\/redeteabrasil\/wp-json\/wp\/v2\/types\/page"}],"author":[{"embeddable":true,"href":"https:\/\/wp.ufpel.edu.br\/redeteabrasil\/wp-json\/wp\/v2\/users\/1375"}],"replies":[{"embeddable":true,"href":"https:\/\/wp.ufpel.edu.br\/redeteabrasil\/wp-json\/wp\/v2\/comments?post=84"}],"version-history":[{"count":3,"href":"https:\/\/wp.ufpel.edu.br\/redeteabrasil\/wp-json\/wp\/v2\/pages\/84\/revisions"}],"predecessor-version":[{"id":900,"href":"https:\/\/wp.ufpel.edu.br\/redeteabrasil\/wp-json\/wp\/v2\/pages\/84\/revisions\/900"}],"wp:attachment":[{"href":"https:\/\/wp.ufpel.edu.br\/redeteabrasil\/wp-json\/wp\/v2\/media?parent=84"}],"curies":[{"name":"wp","href":"https:\/\/api.w.org\/{rel}","templated":true}]}}