{"id":810,"date":"2025-07-03T19:38:09","date_gmt":"2025-07-03T22:38:09","guid":{"rendered":"https:\/\/wp.ufpel.edu.br\/redeteabrasil\/?page_id=810"},"modified":"2025-08-14T18:57:57","modified_gmt":"2025-08-14T21:57:57","slug":"leis-politicas-publicas-e-qualidade-de-vida-no-autismo","status":"publish","type":"page","link":"https:\/\/wp.ufpel.edu.br\/redeteabrasil\/leis-politicas-publicas-e-qualidade-de-vida-no-autismo\/","title":{"rendered":"Leis, pol\u00edticas p\u00fablicas e qualidade de vida no autismo"},"content":{"rendered":"<p><span style=\"color: #135685;\"><span style=\"font-size: 32px;\"><b>Leis, pol\u00edticas p\u00fablicas e qualidade<\/b><\/span><\/span><br \/>\n<span style=\"color: #135685;\"><span style=\"font-size: 32px;\"><b>de vida no autismo<\/b><\/span><\/span><\/p>\n<p>Este projeto tem como objetivo <strong>mapear e revisar leis e pol\u00edticas p\u00fablicas <\/strong>nacionais<br \/>\nvoltadas para o TEA e seu <strong>impacto na qualidade de vida de cuidadores<\/strong> e pessoas<br \/>\ncom autismo.<\/p>\n<p><span style=\"font-size: 14pt;\"><strong><span style=\"color: #135685;\">Equipe<\/span><\/strong><\/span><\/p>\n<p><strong>Coordena\u00e7\u00e3o<\/strong>: Juliana Vaz.<\/p>\n<p>Chris Ramil; Myrella Lapschies; Kamila Castro; Sandra Valle; Eduarda Silva<br \/>\ne Laura Hoffmann.<\/p>\n<p><span style=\"font-size: 14pt;\"><span style=\"color: #135685;\"><b>Parcerias<\/b><\/span><\/span><\/p>\n<ul>\n<li>Minist\u00e9rio da Sa\u00fade<\/li>\n<li>CNPq<\/li>\n<li>UERJ<\/li>\n<\/ul>\n<p><span style=\"color: #135685; font-size: 14pt;\"><b>Chamadas<\/b><\/span><\/p>\n<ul>\n<li>Chamada 21\/2023 do DECIT \u2013 SECTICS (Minist\u00e9rio da Sa\u00fade)<\/li>\n<\/ul>\n","protected":false},"excerpt":{"rendered":"<p>Leis, pol\u00edticas p\u00fablicas e qualidade de vida no autismo Este projeto tem como objetivo mapear e revisar leis e pol\u00edticas p\u00fablicas nacionais voltadas para o TEA e seu impacto na qualidade de vida de cuidadores e pessoas com autismo. Equipe Coordena\u00e7\u00e3o: Juliana Vaz. Chris Ramil; Myrella Lapschies; Kamila Castro; Sandra Valle; Eduarda Silva e Laura [&hellip;]<\/p>\n","protected":false},"author":1375,"featured_media":0,"parent":0,"menu_order":0,"comment_status":"closed","ping_status":"closed","template":"","meta":{"footnotes":""},"class_list":["post-810","page","type-page","status-publish","hentry","post"],"jetpack_sharing_enabled":true,"_links":{"self":[{"href":"https:\/\/wp.ufpel.edu.br\/redeteabrasil\/wp-json\/wp\/v2\/pages\/810","targetHints":{"allow":["GET"]}}],"collection":[{"href":"https:\/\/wp.ufpel.edu.br\/redeteabrasil\/wp-json\/wp\/v2\/pages"}],"about":[{"href":"https:\/\/wp.ufpel.edu.br\/redeteabrasil\/wp-json\/wp\/v2\/types\/page"}],"author":[{"embeddable":true,"href":"https:\/\/wp.ufpel.edu.br\/redeteabrasil\/wp-json\/wp\/v2\/users\/1375"}],"replies":[{"embeddable":true,"href":"https:\/\/wp.ufpel.edu.br\/redeteabrasil\/wp-json\/wp\/v2\/comments?post=810"}],"version-history":[{"count":3,"href":"https:\/\/wp.ufpel.edu.br\/redeteabrasil\/wp-json\/wp\/v2\/pages\/810\/revisions"}],"predecessor-version":[{"id":915,"href":"https:\/\/wp.ufpel.edu.br\/redeteabrasil\/wp-json\/wp\/v2\/pages\/810\/revisions\/915"}],"wp:attachment":[{"href":"https:\/\/wp.ufpel.edu.br\/redeteabrasil\/wp-json\/wp\/v2\/media?parent=810"}],"curies":[{"name":"wp","href":"https:\/\/api.w.org\/{rel}","templated":true}]}}