{"id":801,"date":"2025-07-03T19:25:39","date_gmt":"2025-07-03T22:25:39","guid":{"rendered":"https:\/\/wp.ufpel.edu.br\/redeteabrasil\/?page_id=801"},"modified":"2025-08-14T18:46:32","modified_gmt":"2025-08-14T21:46:32","slug":"multicentrico","status":"publish","type":"page","link":"https:\/\/wp.ufpel.edu.br\/redeteabrasil\/multicentrico\/","title":{"rendered":"Multic\u00eantrico"},"content":{"rendered":"<p><span style=\"color: #135685;\"><span style=\"font-size: 32px;\"><b>Multic\u00eantrico<\/b><\/span><\/span><\/p>\n<p>Este projeto tem como objetivo <strong>avaliar risco cardiovascular, estado nutricional <\/strong><strong>e<\/strong><br \/>\n<strong>consumo alimentar<\/strong> em crian\u00e7as com TEA nas cinco regi\u00f5es do Brasil e no DF.<\/p>\n<p>&nbsp;<\/p>\n<p><span style=\"font-size: 14pt;\"><strong><span style=\"color: #135685;\">Equipe<\/span><\/strong><\/span><\/p>\n<p><strong>Coordena\u00e7\u00e3o<\/strong>: Juliana Vaz e Kamila Castro.<\/p>\n<p><strong>Assistentes de pesquisa<\/strong>: Eduarda de Souza Silva Teixeira;<br \/>\nLaura Vargas Hoffmann; Let\u00edcia Pires; Jenifer Lopes; Dra. Juliana Costa Maia;<br \/>\nDra. Luisa Vieira ; Dra. Chris Ramil e Myrella Lapschies e Silvana Moreira.<\/p>\n<p>&nbsp;<\/p>\n<p><span style=\"font-size: 14pt;\"><span style=\"color: #135685;\"><b>Parcerias e Centros Coletadores<\/b><\/span><\/span><\/p>\n<ul>\n<li>Escola Bahiana de Medicina e Sa\u00fade P\u00fablica (EBMSP) \u2013 Dra. Milena Ponde;<\/li>\n<li>Instituto Gon\u00e7alo Moniz &#8211; Fiocruz Bahia \u2013 Dr. Bruno Solano;<\/li>\n<li>Hospital de Cl\u00ednicas de Porto Alegre (HCPA)\/ Universidde Federal do Rio Grande do Sul<br \/>\n(UFRGS) \u2013 Dr. Rudimar dos Santos Riesgo, Dr. Josemar Marchezan, Dra. Andrea Sutil<br \/>\ne Cristiane Vasconcelos;<\/li>\n<li>Hospital Universit\u00e1rio de Bras\u00edlia (HUB UnB)- Dra. Lisiane Seguti Ferreira, Dra. Jeanne Mas,<br \/>\nDra. Jaene Amoras, Dra. Patricia Parreira;<\/li>\n<li>Universidade Estadual do Rio de Janeiro (UERJ) \u2013 Eliseu Verly Junior;<\/li>\n<li>Universidade Federal do Acre (UFAC);<\/li>\n<li>Universidade Federal de Jata\u00ed (UFJ);<\/li>\n<li>Universidade Federal do Rio Grande do Sul (UFRGS).<\/li>\n<\/ul>\n<p><span style=\"color: #135685; font-size: 14pt;\"><b>Financiamento<\/b><\/span><\/p>\n<ul>\n<li>CNPq\/Decit\/Sectics\/MS &#8211; Chamada 29\/2024<\/li>\n<\/ul>\n","protected":false},"excerpt":{"rendered":"<p>Multic\u00eantrico Este projeto tem como objetivo avaliar risco cardiovascular, estado nutricional e consumo alimentar em crian\u00e7as com TEA nas cinco regi\u00f5es do Brasil e no DF. &nbsp; Equipe Coordena\u00e7\u00e3o: Juliana Vaz e Kamila Castro. Assistentes de pesquisa: Eduarda de Souza Silva Teixeira; Laura Vargas Hoffmann; Let\u00edcia Pires; Jenifer Lopes; Dra. Juliana Costa Maia; Dra. Luisa [&hellip;]<\/p>\n","protected":false},"author":1375,"featured_media":0,"parent":0,"menu_order":0,"comment_status":"closed","ping_status":"closed","template":"","meta":{"footnotes":""},"class_list":["post-801","page","type-page","status-publish","hentry","post"],"jetpack_sharing_enabled":true,"_links":{"self":[{"href":"https:\/\/wp.ufpel.edu.br\/redeteabrasil\/wp-json\/wp\/v2\/pages\/801","targetHints":{"allow":["GET"]}}],"collection":[{"href":"https:\/\/wp.ufpel.edu.br\/redeteabrasil\/wp-json\/wp\/v2\/pages"}],"about":[{"href":"https:\/\/wp.ufpel.edu.br\/redeteabrasil\/wp-json\/wp\/v2\/types\/page"}],"author":[{"embeddable":true,"href":"https:\/\/wp.ufpel.edu.br\/redeteabrasil\/wp-json\/wp\/v2\/users\/1375"}],"replies":[{"embeddable":true,"href":"https:\/\/wp.ufpel.edu.br\/redeteabrasil\/wp-json\/wp\/v2\/comments?post=801"}],"version-history":[{"count":6,"href":"https:\/\/wp.ufpel.edu.br\/redeteabrasil\/wp-json\/wp\/v2\/pages\/801\/revisions"}],"predecessor-version":[{"id":808,"href":"https:\/\/wp.ufpel.edu.br\/redeteabrasil\/wp-json\/wp\/v2\/pages\/801\/revisions\/808"}],"wp:attachment":[{"href":"https:\/\/wp.ufpel.edu.br\/redeteabrasil\/wp-json\/wp\/v2\/media?parent=801"}],"curies":[{"name":"wp","href":"https:\/\/api.w.org\/{rel}","templated":true}]}}