{"id":795,"date":"2025-07-03T19:08:56","date_gmt":"2025-07-03T22:08:56","guid":{"rendered":"https:\/\/wp.ufpel.edu.br\/redeteabrasil\/?page_id=795"},"modified":"2025-11-28T13:15:33","modified_gmt":"2025-11-28T16:15:33","slug":"pana","status":"publish","type":"page","link":"https:\/\/wp.ufpel.edu.br\/redeteabrasil\/pana\/","title":{"rendered":"PANA"},"content":{"rendered":"<p><span style=\"color: #135685;\"><span style=\"font-size: 32px;\"><b>PANA<\/b><\/span><\/span><\/p>\n<p>Este projeto tem como objetivo <strong>avaliar crian\u00e7as e adolescentes com Transtorno do<\/strong><br \/>\n<strong>Espectro Autista<\/strong> (TEA) em rela\u00e7\u00e3o a diferentes <strong>aspectos nutricionais<\/strong>, desde seu<br \/>\n<strong>consumo alimentar<\/strong> at\u00e9 seu <strong>estado nutricional<\/strong>.<br \/>\nA ideia central \u00e9 entender melhor como essa popula\u00e7\u00e3o se <strong>alimenta<\/strong>, como isso afeta<br \/>\nsua <strong>sa\u00fade<\/strong> e <strong>comportamento<\/strong>, e de que forma podemos oferecer orienta\u00e7\u00f5es<br \/>\nnutricionais mais eficazes, respeitando as necessidades e a realidade de cada fam\u00edlia.<br \/>\nNosso trabalho tamb\u00e9m busca <strong>apoiar as fam\u00edlias<\/strong>, que muitas vezes enfrentam desafios<br \/>\ne sobrecarga emocional pelas dificuldades alimentares sobrepostas ao autismo.<br \/>\nQueremos que esse <strong>cuidado com a nutri\u00e7\u00e3o<\/strong> seja um aliado no desenvolvimento e<br \/>\n<strong>qualidade de vida<\/strong> desses indiv\u00edduos.<\/p>\n<p><span style=\"font-size: 14pt;\"><strong><span style=\"color: #135685;\">Equipe<\/span><\/strong><\/span><\/p>\n<p><strong>Coordena\u00e7\u00e3o<\/strong>: Juliana Vaz.<\/p>\n<p><strong>Assistentes de pesquisa<\/strong>: Kamila Castro; Eduarda Silva; Jenifer Borchardt e Laura Hoffmann.<\/p>\n<p><strong>Alumini<\/strong>: Josiane Lu\u00e7ardo; Laura Roman e Laura Pohl.<\/p>\n<p><span style=\"font-size: 14pt;\"><span style=\"color: #135685;\"><b>Parcerias<\/b><\/span><\/span><\/p>\n<ul>\n<li>Servi\u00e7o de Neuropediatria da FAMED\/UFPel<\/li>\n<li>Centro de Pesquisas Cl\u00ednicas (HE\/UFPel)<\/li>\n<li>Centro de Atendimento ao Autista Dr. Danilo Rolin de Moura<\/li>\n<\/ul>\n<p><span style=\"color: #135685; font-size: 14pt;\"><b>Chamadas<\/b><\/span><\/p>\n<ul>\n<li>Universal 2021<\/li>\n<li>Fapergs 2024<\/li>\n<li>CNPq 2024<\/li>\n<\/ul>\n","protected":false},"excerpt":{"rendered":"<p>PANA Este projeto tem como objetivo avaliar crian\u00e7as e adolescentes com Transtorno do Espectro Autista (TEA) em rela\u00e7\u00e3o a diferentes aspectos nutricionais, desde seu consumo alimentar at\u00e9 seu estado nutricional. A ideia central \u00e9 entender melhor como essa popula\u00e7\u00e3o se alimenta, como isso afeta sua sa\u00fade e comportamento, e de que forma podemos oferecer orienta\u00e7\u00f5es [&hellip;]<\/p>\n","protected":false},"author":1375,"featured_media":0,"parent":0,"menu_order":0,"comment_status":"closed","ping_status":"closed","template":"","meta":{"footnotes":""},"class_list":["post-795","page","type-page","status-publish","hentry","post"],"jetpack_sharing_enabled":true,"_links":{"self":[{"href":"https:\/\/wp.ufpel.edu.br\/redeteabrasil\/wp-json\/wp\/v2\/pages\/795","targetHints":{"allow":["GET"]}}],"collection":[{"href":"https:\/\/wp.ufpel.edu.br\/redeteabrasil\/wp-json\/wp\/v2\/pages"}],"about":[{"href":"https:\/\/wp.ufpel.edu.br\/redeteabrasil\/wp-json\/wp\/v2\/types\/page"}],"author":[{"embeddable":true,"href":"https:\/\/wp.ufpel.edu.br\/redeteabrasil\/wp-json\/wp\/v2\/users\/1375"}],"replies":[{"embeddable":true,"href":"https:\/\/wp.ufpel.edu.br\/redeteabrasil\/wp-json\/wp\/v2\/comments?post=795"}],"version-history":[{"count":3,"href":"https:\/\/wp.ufpel.edu.br\/redeteabrasil\/wp-json\/wp\/v2\/pages\/795\/revisions"}],"predecessor-version":[{"id":943,"href":"https:\/\/wp.ufpel.edu.br\/redeteabrasil\/wp-json\/wp\/v2\/pages\/795\/revisions\/943"}],"wp:attachment":[{"href":"https:\/\/wp.ufpel.edu.br\/redeteabrasil\/wp-json\/wp\/v2\/media?parent=795"}],"curies":[{"name":"wp","href":"https:\/\/api.w.org\/{rel}","templated":true}]}}