{"id":716,"date":"2025-04-25T19:42:04","date_gmt":"2025-04-25T22:42:04","guid":{"rendered":"https:\/\/wp.ufpel.edu.br\/redeteabrasil\/?page_id=716"},"modified":"2025-07-19T16:31:26","modified_gmt":"2025-07-19T19:31:26","slug":"ciptea","status":"publish","type":"page","link":"https:\/\/wp.ufpel.edu.br\/redeteabrasil\/ciptea\/","title":{"rendered":"CIPTEA"},"content":{"rendered":"<p style=\"text-align: center;\" data-prosemirror-content-type=\"node\" data-prosemirror-node-name=\"paragraph\" data-prosemirror-node-block=\"true\" data-pm-slice=\"1 1 []\"><span style=\"font-size: 14pt;\"><strong><a href=\"https:\/\/wp.ufpel.edu.br\/redeteabrasil\/files\/2025\/04\/Maio_01.png\"><img loading=\"lazy\" decoding=\"async\" class=\"wp-image-718 alignleft\" src=\"https:\/\/wp.ufpel.edu.br\/redeteabrasil\/files\/2025\/04\/Maio_01.png\" alt=\"\" width=\"432\" height=\"540\" srcset=\"https:\/\/wp.ufpel.edu.br\/redeteabrasil\/files\/2025\/04\/Maio_01.png 1080w, https:\/\/wp.ufpel.edu.br\/redeteabrasil\/files\/2025\/04\/Maio_01-320x400.png 320w, https:\/\/wp.ufpel.edu.br\/redeteabrasil\/files\/2025\/04\/Maio_01-819x1024.png 819w, https:\/\/wp.ufpel.edu.br\/redeteabrasil\/files\/2025\/04\/Maio_01-768x960.png 768w\" sizes=\"auto, (max-width: 432px) 100vw, 432px\" \/><\/a><\/strong><\/span><\/p>\n<p style=\"text-align: center;\" data-prosemirror-content-type=\"node\" data-prosemirror-node-name=\"paragraph\" data-prosemirror-node-block=\"true\" data-pm-slice=\"1 1 []\"><span style=\"font-size: 14pt;\"><strong>O que \u00e9 a CIPTEA?<\/strong><\/span><\/p>\n<p style=\"padding-left: 40px;\" data-prosemirror-content-type=\"node\" data-prosemirror-node-name=\"paragraph\" data-prosemirror-node-block=\"true\" data-pm-slice=\"1 1 []\">A Carteira de Identifica\u00e7\u00e3o da Pessoa com Transtorno do Espectro Autista (CIPTEA) \u00e9 um documento que visa garantir aten\u00e7\u00e3o integral e prioridade no atendimento e acesso aos servi\u00e7os p\u00fablicos e privados para pessoas com TEA. Institu\u00edda pela Lei n\u00ba 13.977, de 8 de janeiro de 2020, conhecida como Lei Romeo Mion, a CIPTEA \u00e9 emitida pelos \u00f3rg\u00e3os respons\u00e1veis pela execu\u00e7\u00e3o da Pol\u00edtica Nacional de Prote\u00e7\u00e3o dos Direitos da Pessoa com Transtorno do Espectro Autista nos estados, Distrito Federal e munic\u00edpios que aderirem \u00e0 iniciativa.<\/p>\n<p style=\"padding-left: 40px;\" data-prosemirror-content-type=\"node\" data-prosemirror-node-name=\"paragraph\" data-prosemirror-node-block=\"true\">A ades\u00e3o ao Sistema Nacional de Cadastro da Pessoa com Transtorno do Espectro Autista (SisTEA), que viabiliza a emiss\u00e3o padronizada da CIPTEA, \u00e9 facultativa para os entes federados e se d\u00e1 por meio da celebra\u00e7\u00e3o de termo de ades\u00e3o. At\u00e9 o momento, diversos estados e munic\u00edpios brasileiros j\u00e1 aderiram ao SisTEA e est\u00e3o emitindo a CIPTEA, incluindo: <strong>Bahia, Cear\u00e1, Distrito Federal, Minas Gerais, Paran\u00e1, Pernambuco, Rio de Janeiro, Rio Grande do Sul, Santa Catarina <\/strong>e<strong> S\u00e3o Paulo<\/strong>.<\/p>\n<p style=\"padding-left: 40px;\" data-prosemirror-content-type=\"node\" data-prosemirror-node-name=\"paragraph\" data-prosemirror-node-block=\"true\"><br data-prosemirror-content-type=\"node\" data-prosemirror-node-name=\"hardBreak\" data-prosemirror-node-inline=\"true\" \/>A implementa\u00e7\u00e3o da CIPTEA nesses estados tem facilitado o acesso das pessoas com TEA a servi\u00e7os essenciais, promovendo maior inclus\u00e3o e respeito aos seus direitos.<\/p>\n<p style=\"padding-left: 40px;\" data-prosemirror-content-type=\"node\" data-prosemirror-node-name=\"paragraph\" data-prosemirror-node-block=\"true\">Para obter a CIPTEA, \u00e9 necess\u00e1rio apresentar um relat\u00f3rio m\u00e9dico que ateste o diagn\u00f3stico de TEA, com indica\u00e7\u00e3o do c\u00f3digo da Classifica\u00e7\u00e3o Estat\u00edstica Internacional de Doen\u00e7as e Problemas Relacionados \u00e0 Sa\u00fade (CID), al\u00e9m de documentos pessoais. A emiss\u00e3o \u00e9 gratuita e opcional, visando facilitar o dia a dia das pessoas com TEA e de suas fam\u00edlias.<\/p>\n<p style=\"text-align: center;\" data-prosemirror-content-type=\"node\" data-prosemirror-node-name=\"paragraph\" data-prosemirror-node-block=\"true\"><span style=\"font-size: 14pt;\"><strong>Onde solicitar a emiss\u00e3o da CIPTEA?<\/strong><\/span><\/p>\n<p style=\"padding-left: 40px;\" data-prosemirror-content-type=\"node\" data-prosemirror-node-name=\"paragraph\" data-prosemirror-node-block=\"true\">A emiss\u00e3o da CIPTEA ainda n\u00e3o \u00e9 padronizada no territ\u00f3rio nacional. Por esse motivo, desenvolvemos uma lista de sites oficiais para a emiss\u00e3o em cada estado que j\u00e1 aderiu \u00e0 CIPTEA. Confira a seguir:<\/p>\n<p data-prosemirror-content-type=\"node\" data-prosemirror-node-name=\"paragraph\" data-prosemirror-node-block=\"true\">\n<p data-prosemirror-content-type=\"node\" data-prosemirror-node-name=\"paragraph\" data-prosemirror-node-block=\"true\">\n<hr \/>\n<p class=\"\" style=\"padding-left: 80px;\" data-start=\"49\" data-end=\"56\"><strong>Bahia:<\/strong><\/p>\n<p style=\"padding-left: 80px;\" data-start=\"49\" data-end=\"56\">A solicita\u00e7\u00e3o deve ser feita pelo site oficial da Secretaria de Justi\u00e7a, Direitos Humanos e Desenvolvimento Social.<\/p>\n<p style=\"padding-left: 80px;\" data-start=\"49\" data-end=\"56\"><strong>Link: <\/strong><a href=\"http:\/\/www.ciptea.sjdh.ba.gov.br\/index.php?Index\/login\">http:\/\/www.ciptea.sjdh.ba.gov.br\/index.php?Index\/login<\/a><\/p>\n<hr \/>\n<p class=\"\" style=\"padding-left: 80px;\" data-start=\"59\" data-end=\"66\"><strong>Cear\u00e1:<\/strong><\/p>\n<p style=\"padding-left: 80px;\" data-start=\"49\" data-end=\"56\">A solicita\u00e7\u00e3o deve ser feita pelo site oficial da Prefeitura de Fortaleza.<\/p>\n<p style=\"padding-left: 80px;\" data-start=\"49\" data-end=\"56\"><strong>Link:<\/strong><\/p>\n<p style=\"padding-left: 80px;\" data-start=\"49\" data-end=\"56\"><a href=\"https:\/\/www.fortaleza.ce.gov.br\/noticias\/confira-como-e-onde-receber-a-carteira-de-identificacao-para-pessoas-autistas\">https:\/\/www.fortaleza.ce.gov.br\/noticias\/confira-como-e-onde-receber-a-carteira-de-identificacao-para-pessoas-autistas<\/a><\/p>\n<hr \/>\n<p class=\"\" style=\"padding-left: 80px;\" data-start=\"69\" data-end=\"87\"><strong>Distrito Federal:<\/strong><\/p>\n<p style=\"padding-left: 80px;\" data-start=\"49\" data-end=\"56\">A solicita\u00e7\u00e3o deve ser feita pelo site oficial do Governo do Distrito Federal.<\/p>\n<p style=\"padding-left: 80px;\" data-start=\"49\" data-end=\"56\"><strong>Link:<\/strong> <a href=\"https:\/\/sistemas.df.gov.br\/CADPCD\/Login\">https:\/\/sistemas.df.gov.br\/CADPCD\/Login<\/a><\/p>\n<hr \/>\n<p class=\"\" style=\"padding-left: 80px;\" data-start=\"90\" data-end=\"104\"><strong>Minas Gerais:<\/strong><\/p>\n<p style=\"padding-left: 80px;\" data-start=\"49\" data-end=\"56\">A solicita\u00e7\u00e3o deve ser feita pelo site oficial do Cidad\u00e3o MG.<\/p>\n<p style=\"padding-left: 80px;\" data-start=\"49\" data-end=\"56\"><strong>Link: <\/strong><a href=\"http:\/\/www.cidadao.mg.gov.br\/\">http:\/\/www.cidadao.mg.gov.br\/<\/a><\/p>\n<hr \/>\n<p class=\"\" style=\"padding-left: 80px;\" data-start=\"107\" data-end=\"115\"><strong>Paran\u00e1:<\/strong><\/p>\n<p style=\"padding-left: 80px;\" data-start=\"49\" data-end=\"56\">A solicita\u00e7\u00e3o deve ser feita pelo site oficial da Secretaria de Justi\u00e7a, Fam\u00edlia e Trabalho.<\/p>\n<p style=\"padding-left: 80px;\" data-start=\"49\" data-end=\"56\"><strong>Link:<\/strong> <a href=\"https:\/\/www.justica.pr.gov.br\/servicos\/Cidadania\/Direitos\/Solicitar-a-Carteira-do-Autista-gwoBgeNz\">https:\/\/www.justica.pr.gov.br\/servicos\/Cidadania\/Direitos\/Solicitar-a-Carteira-do-Autista-gwoBgeNz<\/a><\/p>\n<hr \/>\n<p class=\"\" style=\"padding-left: 80px;\" data-start=\"118\" data-end=\"130\"><strong>Pernambuco:<\/strong><\/p>\n<p style=\"padding-left: 80px;\" data-start=\"49\" data-end=\"56\">A solicita\u00e7\u00e3o deve ser feita pelo site oficial da Secretaria de Justi\u00e7a e Direitos Humanos.<\/p>\n<p style=\"padding-left: 80px;\" data-start=\"49\" data-end=\"56\"><strong>Link: <\/strong><a href=\"https:\/\/www.sjdh.pe.gov.br\/cadastramento-da-carteira-do-autismo\/\">https:\/\/www.sjdh.pe.gov.br\/cadastramento-da-carteira-do-autismo\/<\/a><\/p>\n<hr \/>\n<p class=\"\" style=\"padding-left: 80px;\" data-start=\"133\" data-end=\"149\"><strong>Rio de Janeiro:<\/strong><\/p>\n<p style=\"padding-left: 80px;\" data-start=\"49\" data-end=\"56\">A solicita\u00e7\u00e3o deve ser feita pelo site oficial do o portal\u00a0Minha Sa\u00fade Rio.<\/p>\n<p style=\"padding-left: 80px;\" data-start=\"49\" data-end=\"56\"><strong>Link: <\/strong><a href=\"https:\/\/minhasaude.rio\/\">https:\/\/minhasaude.rio\/<\/a><\/p>\n<hr \/>\n<p class=\"\" style=\"padding-left: 80px;\" data-start=\"152\" data-end=\"171\"><strong>Rio Grande do Sul:<\/strong><\/p>\n<p style=\"padding-left: 80px;\" data-start=\"49\" data-end=\"56\">A solicita\u00e7\u00e3o deve ser feita pelo site oficial da FADERS Acessibilidade e Inclus\u00e3o.<\/p>\n<p style=\"padding-left: 80px;\" data-start=\"49\" data-end=\"56\"><strong>Link:<\/strong><\/p>\n<p style=\"padding-left: 80px;\" data-start=\"49\" data-end=\"56\"><a href=\"https:\/\/www.faders.rs.gov.br\/carteira-de-identificacao-da-pessoa-com-transtorno-do-espectro-autista-ciptea\">https:\/\/www.faders.rs.gov.br\/carteira-de-identificacao-da-pessoa-com-transtorno-do-espectro-autista-ciptea<\/a><\/p>\n<hr \/>\n<p class=\"\" style=\"padding-left: 80px;\" data-start=\"174\" data-end=\"190\"><strong>Santa Catarina:<\/strong><\/p>\n<p style=\"padding-left: 80px;\" data-start=\"49\" data-end=\"56\">A solicita\u00e7\u00e3o deve ser feita pelo site oficial da Funda\u00e7\u00e3o Catarinense de Educa\u00e7\u00e3o Especial (FCEE).<\/p>\n<p style=\"padding-left: 80px;\" data-start=\"49\" data-end=\"56\"><strong>Link: <\/strong><a href=\"https:\/\/www.fcee.sc.gov.br\/informacoes\/servicos-fcee\/carteira-de-identificacao-do-autista-de-santa-catarina\">https:\/\/www.fcee.sc.gov.br\/informacoes\/servicos-fcee\/carteira-de-identificacao-do-autista-de-santa-catarina<\/a><\/p>\n<hr \/>\n<p class=\"\" style=\"padding-left: 80px;\" data-start=\"193\" data-end=\"204\"><strong>S\u00e3o Paulo:<\/strong><\/p>\n<p style=\"padding-left: 80px;\" data-start=\"49\" data-end=\"56\">A solicita\u00e7\u00e3o deve ser feita pelo site oficial da\u00a0Secretaria da Pessoa com Defici\u00eancia.<\/p>\n<p style=\"padding-left: 80px;\" data-start=\"49\" data-end=\"56\"><strong>Link: <\/strong><a href=\"https:\/\/ciptea.sp.gov.br\/\">https:\/\/ciptea.sp.gov.br\/<\/a><\/p>\n<hr \/>\n<p data-prosemirror-content-type=\"node\" data-prosemirror-node-name=\"paragraph\" data-prosemirror-node-block=\"true\">\n","protected":false},"excerpt":{"rendered":"<p>O que \u00e9 a CIPTEA? A Carteira de Identifica\u00e7\u00e3o da Pessoa com Transtorno do Espectro Autista (CIPTEA) \u00e9 um documento que visa garantir aten\u00e7\u00e3o integral e prioridade no atendimento e acesso aos servi\u00e7os p\u00fablicos e privados para pessoas com TEA. Institu\u00edda pela Lei n\u00ba 13.977, de 8 de janeiro de 2020, conhecida como Lei Romeo [&hellip;]<\/p>\n","protected":false},"author":1375,"featured_media":0,"parent":0,"menu_order":0,"comment_status":"closed","ping_status":"closed","template":"","meta":{"footnotes":""},"class_list":["post-716","page","type-page","status-publish","hentry","post"],"jetpack_sharing_enabled":true,"_links":{"self":[{"href":"https:\/\/wp.ufpel.edu.br\/redeteabrasil\/wp-json\/wp\/v2\/pages\/716","targetHints":{"allow":["GET"]}}],"collection":[{"href":"https:\/\/wp.ufpel.edu.br\/redeteabrasil\/wp-json\/wp\/v2\/pages"}],"about":[{"href":"https:\/\/wp.ufpel.edu.br\/redeteabrasil\/wp-json\/wp\/v2\/types\/page"}],"author":[{"embeddable":true,"href":"https:\/\/wp.ufpel.edu.br\/redeteabrasil\/wp-json\/wp\/v2\/users\/1375"}],"replies":[{"embeddable":true,"href":"https:\/\/wp.ufpel.edu.br\/redeteabrasil\/wp-json\/wp\/v2\/comments?post=716"}],"version-history":[{"count":6,"href":"https:\/\/wp.ufpel.edu.br\/redeteabrasil\/wp-json\/wp\/v2\/pages\/716\/revisions"}],"predecessor-version":[{"id":846,"href":"https:\/\/wp.ufpel.edu.br\/redeteabrasil\/wp-json\/wp\/v2\/pages\/716\/revisions\/846"}],"wp:attachment":[{"href":"https:\/\/wp.ufpel.edu.br\/redeteabrasil\/wp-json\/wp\/v2\/media?parent=716"}],"curies":[{"name":"wp","href":"https:\/\/api.w.org\/{rel}","templated":true}]}}