{"id":475,"date":"2025-01-22T15:31:52","date_gmt":"2025-01-22T18:31:52","guid":{"rendered":"https:\/\/wp.ufpel.edu.br\/redeteabrasil\/?page_id=475"},"modified":"2025-11-05T15:48:58","modified_gmt":"2025-11-05T18:48:58","slug":"saude","status":"publish","type":"page","link":"https:\/\/wp.ufpel.edu.br\/redeteabrasil\/saude\/","title":{"rendered":"Sa\u00fade"},"content":{"rendered":"<p style=\"padding-left: 40px;\">A categoria da <strong>SA\u00daDE<\/strong><span style=\"font-weight: 400;\">\u00a0contempla legisla\u00e7\u00f5es voltadas ao diagn\u00f3stico precoce, atendimento cl\u00ednico e a amplia\u00e7\u00e3o dos servi\u00e7os de sa\u00fade para pessoas com TEA.<\/span><\/p>\n<table dir=\"ltr\" style=\"width: 735px;\" border=\"1\" cellspacing=\"0\" cellpadding=\"0\" data-sheets-root=\"1\" data-sheets-baot=\"1\">\n<colgroup>\n<col width=\"100\" \/>\n<col width=\"100\" \/>\n<col width=\"305\" \/><\/colgroup>\n<tbody>\n<tr>\n<td style=\"text-align: center; width: 100px;\"><span style=\"color: #135685; font-size: 14pt;\"><strong>Estado<\/strong><\/span><\/td>\n<td style=\"text-align: center; width: 152px;\"><span style=\"color: #135685; font-size: 14pt;\"><strong>Legisla\u00e7\u00e3o<\/strong><\/span><\/td>\n<td style=\"text-align: center; width: 483px;\"><span style=\"color: #135685; font-size: 14pt;\"><strong>Objetivo<\/strong><\/span><\/td>\n<\/tr>\n<tr>\n<td style=\"width: 100px;\">Paran\u00e1<\/td>\n<td style=\"width: 152px;\">Lei n\u00ba 19590, de 10 de julho de 2018<\/td>\n<td style=\"width: 483px;\">Cria o Programa Censo de Pessoas com TEA e seus Familiares.<\/td>\n<\/tr>\n<tr>\n<td style=\"width: 100px;\" rowspan=\"2\">\n<div>S\u00e3o Paulo<\/div>\n<\/td>\n<td style=\"width: 152px;\">Lei n\u00ba 16.749, de 7 de junho de 2018<\/td>\n<td style=\"width: 483px;\">Autoriza o Poder Executivo a estabelecer conv\u00eanios com diferentes entidades especializadas no tratamento e acompanhamento de crian\u00e7as autistas e d\u00e1 outras provid\u00eancias.<\/td>\n<\/tr>\n<tr>\n<td style=\"width: 152px;\">Lei n\u00ba 15.668, de 12 de janeiro de 2015<\/td>\n<td style=\"width: 483px;\">Disp\u00f5e sobre diretrizes para a pol\u00edtica de diagn\u00f3stico precoce e tratamento dos sintomas da S\u00edndrome do Autismo no \u00e2mbito do Sistema de Sa\u00fade.<\/td>\n<\/tr>\n<tr>\n<td style=\"width: 100px;\" rowspan=\"5\">\n<div>Rio de Janeiro<\/div>\n<\/td>\n<td style=\"width: 152px;\">Lei n\u00ba 10.031, de 31 de maio de 2023<\/td>\n<td style=\"width: 483px;\">Disp\u00f5e sobre a aplica\u00e7\u00e3o do question\u00e1rio m-chat para realiza\u00e7\u00e3o do rastreamento de sinais precoces do autismo, nas crian\u00e7as com idade entre 16 e 30 meses, durante atendimentos em unidades de sa\u00fade p\u00fablicas e privadas do estado do Rio de Janeiro.<\/td>\n<\/tr>\n<tr>\n<td style=\"width: 152px;\">Lei n\u00ba 8.964, de 03 de agosto de 2020<\/td>\n<td style=\"width: 483px;\">Obriga os estabelecimentos de sa\u00fade p\u00fablicos e privados a priorizar o atendimento de urg\u00eancia e emerg\u00eancia aos pacientes com imunodefici\u00eancias, hemonoglobinopatias, incluindo pessoas com autismo e\/ou transtorno mental, e d\u00e1 outras provid\u00eancias.<\/td>\n<\/tr>\n<tr>\n<td style=\"width: 152px;\">Lei n\u00ba 7674 de 28 de agosto de 2017<\/td>\n<td style=\"width: 483px;\">Disp\u00f5e sobre a obrigatoriedade, do estado do rio de janeiro de realizar, no \u00e2mbito da secretaria de sa\u00fade, o censo quadrienal das pessoas com autismo e da outras provid\u00eancias.<\/td>\n<\/tr>\n<tr>\n<td style=\"width: 152px;\">Lei n\u00ba 10.137, de 16 de outubro de 2023<\/td>\n<td style=\"width: 483px;\">Disp\u00f5e sobre o programa de terapia nutricional para pessoas com Transtorno do Espectro Autista (TEA) no \u00e2mbito do estado do Rio de Janeiro.<\/td>\n<\/tr>\n<tr>\n<td style=\"width: 152px;\">Lei n\u00ba 6169, de 2 de mar\u00e7o de 2012<\/td>\n<td style=\"width: 483px;\">Disp\u00f5e sobre a implanta\u00e7\u00e3o dos centros de reabilita\u00e7\u00e3o integral para deficientes mentais e autistas no estado do Rio de Janeiro e d\u00e1 outras provid\u00eancias.<\/td>\n<\/tr>\n<tr>\n<td style=\"width: 100px;\" rowspan=\"2\">\n<div>Minas Gerais<\/div>\n<\/td>\n<td style=\"width: 152px;\">Lei n\u00ba 24.547, de 31 de outubro de 2023<\/td>\n<td style=\"width: 483px;\">Determina que o censo do portador de defici\u00eancia incluir\u00e1 o levantamento de dados relativos \u00e0 popula\u00e7\u00e3o com transtorno do espectro do autismo no Estado.<\/td>\n<\/tr>\n<tr>\n<td style=\"width: 152px;\">Lei n\u00ba 13.641, de 13 de julho de 2000<\/td>\n<td style=\"width: 483px;\">Estabelece normas b\u00e1sicas para a realiza\u00e7\u00e3o do censo do portador de defici\u00eancia e d\u00e1 outras provid\u00eancias.<\/td>\n<\/tr>\n<tr>\n<td style=\"width: 100px;\">Distrito Federal<\/td>\n<td style=\"width: 152px;\">Lei n\u00ba 7310, de 25 de julho de 2023<\/td>\n<td style=\"width: 483px;\">Institui diretrizes, estrat\u00e9gias e a\u00e7\u00f5es para o programa de aten\u00e7\u00e3o e orienta\u00e7\u00e3o \u00e0s m\u00e3es at\u00edpicas &#8211; Cuidando de quem Cuida, no Distrito Federal, e d\u00e1 outras provid\u00eancias.<\/td>\n<\/tr>\n<tr>\n<td style=\"width: 100px;\" rowspan=\"4\">\n<div>Mato Grosso<\/div>\n<\/td>\n<td style=\"width: 152px;\">Lei n\u00ba 11.499, de 26 de agosto de 2021<\/td>\n<td style=\"width: 483px;\">Disp\u00f5e sobre a inclus\u00e3o de informa\u00e7\u00f5es sobre os sintomas do Transtorno do Espectro Autista (TEA) na carteira de vacina\u00e7\u00e3o e d\u00e1 outras provid\u00eancias.<\/td>\n<\/tr>\n<tr>\n<td style=\"width: 152px;\">Lei n\u00ba 11.349, de 28 de abril de 2021<\/td>\n<td style=\"width: 483px;\">Disp\u00f5e sobre a aplica\u00e7\u00e3o do question\u00e1rio M-CHAT para realiza\u00e7\u00e3o do rastreamento de sinais precoces do autismo durante atendimentos em unidades de sa\u00fade p\u00fablicas e privadas do Estado de Mato Grosso.<\/td>\n<\/tr>\n<tr>\n<td style=\"width: 152px;\">Lei n\u00ba 11.060, de 16 de dezembro de 2019<\/td>\n<td style=\"width: 483px;\">Disp\u00f5e sobre a realiza\u00e7\u00e3o do censo quadrienal das pessoas com autismo no Estado de Mato Grosso e d\u00e1 outras provid\u00eancias.<\/td>\n<\/tr>\n<tr>\n<td style=\"width: 152px;\">Lei n\u00ba 10.791, de 28 de dezembro de 2018<\/td>\n<td style=\"width: 483px;\">Disp\u00f5e sobre o oferecimento, na rede p\u00fablica de sa\u00fade do Estado, de exames e avalia\u00e7\u00e3o para diagn\u00f3stico precoce do autismo, e tamb\u00e9m do tratamento para os pacientes portadores do transtorno e do apoio aos familiares dos pacientes com autismo.<\/td>\n<\/tr>\n<tr>\n<td style=\"width: 100px;\">Acre<\/td>\n<td style=\"width: 152px;\">Lei n\u00ba 4.306, de 03 de janeiro de 2024<\/td>\n<td style=\"width: 483px;\">Disp\u00f5e sobre a aplica\u00e7\u00e3o do question\u00e1rio m-chat para realiza\u00e7\u00e3o do rastreamento de sinais precoces do autismo, nas unidades de sa\u00fade p\u00fablica e privada do Estado.<\/td>\n<\/tr>\n<tr>\n<td style=\"width: 100px;\">Rond\u00f4nia<\/td>\n<td style=\"width: 152px;\">Lei n\u00ba 5.049, de 7 de julho de 2021<\/td>\n<td style=\"width: 483px;\">Disp\u00f5e sobre o oferecimento na rede p\u00fablica de sa\u00fade do Estado de Rond\u00f4nia de exames e avalia\u00e7\u00e3o para diagn\u00f3stico precoce do autismo, tratamento para os portadores do transtorno e apoio aos familiares dos pacientes com autismo.<\/td>\n<\/tr>\n<tr>\n<td style=\"width: 100px;\" rowspan=\"2\">\n<div>Roraima<\/div>\n<\/td>\n<td style=\"width: 152px;\">Lei n\u00ba 1.552, de 23 de novembro de 2021<\/td>\n<td style=\"width: 483px;\">Institui o programa Censo de Inclus\u00e3o do Autismo.<\/td>\n<\/tr>\n<tr>\n<td style=\"width: 152px;\">Lei n\u00ba 1.579, de 13 de dezembro de 2021<\/td>\n<td style=\"width: 483px;\">Cria a Pol\u00edtica de Diagn\u00f3stico Precoce e Atendimento Multiprofissional para Pessoas com Transtorno do Espectro Autista (TEA) em Roraima.<\/td>\n<\/tr>\n<tr>\n<td style=\"width: 100px;\">Tocantins<\/td>\n<td style=\"width: 152px;\">Lei n\u00ba 3.962, de 20 de julho de 2022<\/td>\n<td style=\"width: 483px;\">Disp\u00f5e sobre as pol\u00edticas de diagn\u00f3stico precoce e atendimento multiprofissional para pessoas com Transtorno do Espectro Autista (TEA) no Estado do Tocantins.<\/td>\n<\/tr>\n<tr>\n<td style=\"width: 100px;\" rowspan=\"2\">\n<div>Maranh\u00e3o<\/div>\n<\/td>\n<td style=\"width: 152px;\">Lei n\u00ba 11.456, de 27 de abril de 2021<\/td>\n<td style=\"width: 483px;\">Disp\u00f5es sobre as pol\u00edticas de diagn\u00f3stico precoce e atendimento multiprofissional para pessoas com Transtorno Espectro Autista (TEA) no Estado do Maranh\u00e3o.<\/td>\n<\/tr>\n<tr>\n<td style=\"width: 152px;\">Lei n\u00ba 10.990, de 9 de janeiro de 2019<\/td>\n<td style=\"width: 483px;\">Disp\u00f5e sobre as diretrizes para a implanta\u00e7\u00e3o do Programa Censo de Pessoas com TEA- Transtorno do Espectro Autista &#8211; de seus familiares no Estado do Maranh\u00e3o, e d\u00e1 outras provid\u00eancias.<\/td>\n<\/tr>\n<tr>\n<td style=\"width: 100px;\">Rio Grande do Norte<\/td>\n<td style=\"width: 152px;\">Lei n\u00ba 11.235, de 08 de agosto de 2022<\/td>\n<td style=\"width: 483px;\">Estabelece diretrizes a serem observadas na formula\u00e7\u00e3o da Pol\u00edtica Estadual de Atendimento e Diagn\u00f3stico \u00e0s Pessoas com Transtorno do Espectro Autista, no Estado do Rio Grande do Norte, e d\u00e1 outras provid\u00eancias.<\/td>\n<\/tr>\n<tr>\n<td style=\"width: 100px;\">Pernambuco<\/td>\n<td style=\"width: 152px;\">Lei n\u00ba 16.024, de 3 de maio de 2017<\/td>\n<td style=\"width: 483px;\">Disp\u00f5e sobre o acesso de profissionais da \u00e1rea de sa\u00fade, que fazem tratamento de alunos com defici\u00eancia, mobilidade reduzida, transtornos globais do desenvolvimento e altas habilidades ou superdota\u00e7\u00e3o, nas depend\u00eancias das escolas p\u00fablicas e privadas do Estado de Pernambuco.<\/td>\n<\/tr>\n<tr>\n<td style=\"width: 100px;\" rowspan=\"2\">\n<div>Legisla\u00e7\u00e3o Federal<\/div>\n<\/td>\n<td style=\"width: 152px;\">Lei n\u00ba 13.861, de 18 de julho de 2019<\/td>\n<td style=\"width: 483px;\">Inclui as especificidades inerentes ao transtorno do espectro autista nos censos<br \/>\ndemogr\u00e1ficos. Assim, a partir do Censo de 2022, o pa\u00eds contar\u00e1 com dados censit\u00e1rios<br \/>\nsobre o autismo no Brasil.<\/td>\n<\/tr>\n<tr>\n<td style=\"width: 152px;\">Decreto n\u00ba 7.988, de 17 de abril de 2013<\/td>\n<td style=\"width: 483px;\">Possui objetivo de regulamentar os artigos 1\u00ba a 13 da Lei N\u00ba 12.715, de 17 de setembro de 2012, que disp\u00f5em sobre a cria\u00e7\u00e3o e implementa\u00e7\u00e3o de dois programas espec\u00edficos: o Programa Nacional de Apoio \u00e0 Aten\u00e7\u00e3o Oncol\u00f3gica (PRONON) e o Programa Nacional de Apoio \u00e0 Aten\u00e7\u00e3o da Sa\u00fade da Pessoa com Defici\u00eancia (PRONAS\/PCD).<\/td>\n<\/tr>\n<\/tbody>\n<\/table>\n<p>&nbsp;<\/p>\n","protected":false},"excerpt":{"rendered":"<p>A categoria da SA\u00daDE\u00a0contempla legisla\u00e7\u00f5es voltadas ao diagn\u00f3stico precoce, atendimento cl\u00ednico e a amplia\u00e7\u00e3o dos servi\u00e7os de sa\u00fade para pessoas com TEA. Estado Legisla\u00e7\u00e3o Objetivo Paran\u00e1 Lei n\u00ba 19590, de 10 de julho de 2018 Cria o Programa Censo de Pessoas com TEA e seus Familiares. S\u00e3o Paulo Lei n\u00ba 16.749, de 7 de junho [&hellip;]<\/p>\n","protected":false},"author":1375,"featured_media":0,"parent":0,"menu_order":0,"comment_status":"closed","ping_status":"closed","template":"","meta":{"footnotes":""},"class_list":["post-475","page","type-page","status-publish","hentry","post"],"jetpack_sharing_enabled":true,"_links":{"self":[{"href":"https:\/\/wp.ufpel.edu.br\/redeteabrasil\/wp-json\/wp\/v2\/pages\/475","targetHints":{"allow":["GET"]}}],"collection":[{"href":"https:\/\/wp.ufpel.edu.br\/redeteabrasil\/wp-json\/wp\/v2\/pages"}],"about":[{"href":"https:\/\/wp.ufpel.edu.br\/redeteabrasil\/wp-json\/wp\/v2\/types\/page"}],"author":[{"embeddable":true,"href":"https:\/\/wp.ufpel.edu.br\/redeteabrasil\/wp-json\/wp\/v2\/users\/1375"}],"replies":[{"embeddable":true,"href":"https:\/\/wp.ufpel.edu.br\/redeteabrasil\/wp-json\/wp\/v2\/comments?post=475"}],"version-history":[{"count":3,"href":"https:\/\/wp.ufpel.edu.br\/redeteabrasil\/wp-json\/wp\/v2\/pages\/475\/revisions"}],"predecessor-version":[{"id":940,"href":"https:\/\/wp.ufpel.edu.br\/redeteabrasil\/wp-json\/wp\/v2\/pages\/475\/revisions\/940"}],"wp:attachment":[{"href":"https:\/\/wp.ufpel.edu.br\/redeteabrasil\/wp-json\/wp\/v2\/media?parent=475"}],"curies":[{"name":"wp","href":"https:\/\/api.w.org\/{rel}","templated":true}]}}